{"id":735815,"date":"2025-03-03T16:29:24","date_gmt":"2025-03-03T15:29:24","guid":{"rendered":"https:\/\/stoic-curie.212-227-153-4.plesk.page\/producto\/ersatzsitz-fuer-tecma-breeze-t-278tbfr-cn\/"},"modified":"2026-02-24T23:35:03","modified_gmt":"2026-02-24T23:35:03","slug":"ersatzsitz-fuer-tecma-breeze-t-278tbfr-cn","status":"publish","type":"product","link":"https:\/\/stoic-curie.212-227-153-4.plesk.page\/de\/product\/ersatzsitz-fuer-tecma-breeze-t-278tbfr-cn\/","title":{"rendered":"Ersatzsitz f\u00fcr Tecma Breeze T-278TBFR\/CN"},"content":{"rendered":"<p>Ersatzsitz f\u00fcr Tecma Breeze T-278TBFR\/CN &#8211; <\/p>\n<p>Design (Breeze) und Flexi (Silence, Elegance) Toilettensitz- und Scharnier-Serie. PE: Klassischer und robuster Polyester-Sitz mit Abdeckung, sowohl Sitz als auch Abdeckung sichtbar. TE: Moderner und leichter thermoplastischer Sitz mit Abdeckung, die den Sitz verdeckt. Sanftes Schlie\u00dfen: Scharniere mit D\u00e4mpfungssystem, um Sch\u00e4den und Ger\u00e4usche zu vermeiden.<\/p>\n","protected":false},"excerpt":{"rendered":"<p>Ersatzsitz f\u00fcr Tecma Breeze T-278TBFR\/CN &#8211; Design (Breeze) und Flexi (Silence, Elegance) Toilettensitz- und Scharnier-Serie. PE: Klassischer und robuster Polyester-Sitz<\/p>\n","protected":false},"featured_media":5943817,"comment_status":"open","ping_status":"closed","template":"","meta":[],"product_brand":[3470],"product_cat":[1388],"product_tag":[],"class_list":{"0":"post-735815","1":"product","2":"type-product","3":"status-publish","4":"has-post-thumbnail","6":"product_brand-tecma-de","7":"product_cat-marine-wcs","9":"first","10":"instock","11":"shipping-taxable","12":"purchasable","13":"product-type-simple"},"_links":{"self":[{"href":"https:\/\/stoic-curie.212-227-153-4.plesk.page\/de\/wp-json\/wp\/v2\/product\/735815","targetHints":{"allow":["GET"]}}],"collection":[{"href":"https:\/\/stoic-curie.212-227-153-4.plesk.page\/de\/wp-json\/wp\/v2\/product"}],"about":[{"href":"https:\/\/stoic-curie.212-227-153-4.plesk.page\/de\/wp-json\/wp\/v2\/types\/product"}],"replies":[{"embeddable":true,"href":"https:\/\/stoic-curie.212-227-153-4.plesk.page\/de\/wp-json\/wp\/v2\/comments?post=735815"}],"version-history":[{"count":0,"href":"https:\/\/stoic-curie.212-227-153-4.plesk.page\/de\/wp-json\/wp\/v2\/product\/735815\/revisions"}],"wp:featuredmedia":[{"embeddable":true,"href":"https:\/\/stoic-curie.212-227-153-4.plesk.page\/de\/wp-json\/wp\/v2\/media\/5943817"}],"wp:attachment":[{"href":"https:\/\/stoic-curie.212-227-153-4.plesk.page\/de\/wp-json\/wp\/v2\/media?parent=735815"}],"wp:term":[{"taxonomy":"product_brand","embeddable":true,"href":"https:\/\/stoic-curie.212-227-153-4.plesk.page\/de\/wp-json\/wp\/v2\/product_brand?post=735815"},{"taxonomy":"product_cat","embeddable":true,"href":"https:\/\/stoic-curie.212-227-153-4.plesk.page\/de\/wp-json\/wp\/v2\/product_cat?post=735815"},{"taxonomy":"product_tag","embeddable":true,"href":"https:\/\/stoic-curie.212-227-153-4.plesk.page\/de\/wp-json\/wp\/v2\/product_tag?post=735815"}],"curies":[{"name":"wp","href":"https:\/\/api.w.org\/{rel}","templated":true}]}}