{"id":735818,"date":"2025-03-03T16:29:24","date_gmt":"2025-03-03T15:29:24","guid":{"rendered":"https:\/\/stoic-curie.212-227-153-4.plesk.page\/producto\/flacher-grauer-fender-950x310x80mm\/"},"modified":"2026-02-24T23:35:03","modified_gmt":"2026-02-24T23:35:03","slug":"flacher-grauer-fender-950x310x80mm","status":"publish","type":"product","link":"https:\/\/stoic-curie.212-227-153-4.plesk.page\/de\/product\/flacher-grauer-fender-950x310x80mm\/","title":{"rendered":"Flacher grauer Fender 950x310x80mm"},"content":{"rendered":"<p>Flacher grauer Fender 950x310x80mm &#8211; <\/p>\n<p>Hochfeste E.V.A. geschlossene Zellweiche Schaumstoff flache modulare Fender. Leichter Transport dank der flachen Form, sie werden verwendet, wenn nicht genug Platz zwischen zwei Booten ist. Einfach zusammenzuf\u00fcgen, um eine Schutzbarriere zu erstellen. Mit 4 L\u00f6chern f\u00fcr das Seil und 2 L\u00f6chern f\u00fcr den G\u00fcrtel. 2,10 m Seil enthalten.<\/p>\n","protected":false},"excerpt":{"rendered":"<p>Flacher grauer Fender 950x310x80mm &#8211; Hochfeste E.V.A. geschlossene Zellweiche Schaumstoff flache modulare Fender. Leichter Transport dank der flachen Form, sie<\/p>\n","protected":false},"featured_media":5943819,"comment_status":"open","ping_status":"closed","template":"","meta":[],"product_brand":[3090],"product_cat":[1562,1561],"product_tag":[],"class_list":{"0":"post-735818","1":"product","2":"type-product","3":"status-publish","4":"has-post-thumbnail","6":"product_brand-majoni-de","7":"product_cat-anlegestossdaempfer","8":"product_cat-fender","10":"first","11":"instock","12":"shipping-taxable","13":"purchasable","14":"product-type-simple"},"_links":{"self":[{"href":"https:\/\/stoic-curie.212-227-153-4.plesk.page\/de\/wp-json\/wp\/v2\/product\/735818","targetHints":{"allow":["GET"]}}],"collection":[{"href":"https:\/\/stoic-curie.212-227-153-4.plesk.page\/de\/wp-json\/wp\/v2\/product"}],"about":[{"href":"https:\/\/stoic-curie.212-227-153-4.plesk.page\/de\/wp-json\/wp\/v2\/types\/product"}],"replies":[{"embeddable":true,"href":"https:\/\/stoic-curie.212-227-153-4.plesk.page\/de\/wp-json\/wp\/v2\/comments?post=735818"}],"version-history":[{"count":0,"href":"https:\/\/stoic-curie.212-227-153-4.plesk.page\/de\/wp-json\/wp\/v2\/product\/735818\/revisions"}],"wp:featuredmedia":[{"embeddable":true,"href":"https:\/\/stoic-curie.212-227-153-4.plesk.page\/de\/wp-json\/wp\/v2\/media\/5943819"}],"wp:attachment":[{"href":"https:\/\/stoic-curie.212-227-153-4.plesk.page\/de\/wp-json\/wp\/v2\/media?parent=735818"}],"wp:term":[{"taxonomy":"product_brand","embeddable":true,"href":"https:\/\/stoic-curie.212-227-153-4.plesk.page\/de\/wp-json\/wp\/v2\/product_brand?post=735818"},{"taxonomy":"product_cat","embeddable":true,"href":"https:\/\/stoic-curie.212-227-153-4.plesk.page\/de\/wp-json\/wp\/v2\/product_cat?post=735818"},{"taxonomy":"product_tag","embeddable":true,"href":"https:\/\/stoic-curie.212-227-153-4.plesk.page\/de\/wp-json\/wp\/v2\/product_tag?post=735818"}],"curies":[{"name":"wp","href":"https:\/\/api.w.org\/{rel}","templated":true}]}}