{"id":735819,"date":"2025-03-03T16:29:24","date_gmt":"2025-03-03T15:29:24","guid":{"rendered":"https:\/\/stoic-curie.212-227-153-4.plesk.page\/producto\/umlenkrolle-dreifach-master-windrider-29mm-fuer-leinen-bis-8mm\/"},"modified":"2026-02-24T23:35:03","modified_gmt":"2026-02-24T23:35:03","slug":"umlenkrolle-dreifach-master-windrider-29mm-fuer-leinen-bis-8mm","status":"publish","type":"product","link":"https:\/\/stoic-curie.212-227-153-4.plesk.page\/de\/product\/umlenkrolle-dreifach-master-windrider-29mm-fuer-leinen-bis-8mm\/","title":{"rendered":"Umlenkrolle Dreifach Master Windrider 29mm f\u00fcr Leinen bis 8mm"},"content":{"rendered":"<p>Umlenkrolle Dreifach Master Windrider 29mm f\u00fcr Leinen bis 8mm &#8211; <\/p>\n<p>Master-Komposit-Low-Friction-Kugellagerbl\u00f6cke sind f\u00fcr den Wettkampfsegeln konzipiert. Die hochfesten Kompositseitenplatten sorgen f\u00fcr eine optimale Leistung bei Arbeitslasten. Sch\u00f6ne Designs und einfache Handhabung.<br \/> Kugellager: selbstschmierenden Acetalverbundwerkstoff.<br \/> Scheibendurchmesser 29 mm: selbstschmierenden Acetalverbundwerkstoff.<br \/> Backen: verst\u00e4rkter Nylonverbundwerkstoff mit Glasfaser, UV-stabilisiert.<br \/> Drehgelenk: geschmiedeter Edelstahl der G\u00fcteklasse 316.<br \/> WL: Arbeitslast<br \/> BL: Bruchlast<\/p>\n","protected":false},"excerpt":{"rendered":"<p>Umlenkrolle Dreifach Master Windrider 29mm f\u00fcr Leinen bis 8mm &#8211; Master-Komposit-Low-Friction-Kugellagerbl\u00f6cke sind f\u00fcr den Wettkampfsegeln konzipiert. Die hochfesten Kompositseitenplatten sorgen<\/p>\n","protected":false},"featured_media":5943828,"comment_status":"open","ping_status":"closed","template":"","meta":[],"product_brand":[3130],"product_cat":[1483],"product_tag":[],"class_list":{"0":"post-735819","1":"product","2":"type-product","3":"status-publish","4":"has-post-thumbnail","6":"product_brand-master-de","7":"product_cat-master-bloecke","9":"first","10":"instock","11":"shipping-taxable","12":"purchasable","13":"product-type-simple"},"_links":{"self":[{"href":"https:\/\/stoic-curie.212-227-153-4.plesk.page\/de\/wp-json\/wp\/v2\/product\/735819","targetHints":{"allow":["GET"]}}],"collection":[{"href":"https:\/\/stoic-curie.212-227-153-4.plesk.page\/de\/wp-json\/wp\/v2\/product"}],"about":[{"href":"https:\/\/stoic-curie.212-227-153-4.plesk.page\/de\/wp-json\/wp\/v2\/types\/product"}],"replies":[{"embeddable":true,"href":"https:\/\/stoic-curie.212-227-153-4.plesk.page\/de\/wp-json\/wp\/v2\/comments?post=735819"}],"version-history":[{"count":0,"href":"https:\/\/stoic-curie.212-227-153-4.plesk.page\/de\/wp-json\/wp\/v2\/product\/735819\/revisions"}],"wp:featuredmedia":[{"embeddable":true,"href":"https:\/\/stoic-curie.212-227-153-4.plesk.page\/de\/wp-json\/wp\/v2\/media\/5943828"}],"wp:attachment":[{"href":"https:\/\/stoic-curie.212-227-153-4.plesk.page\/de\/wp-json\/wp\/v2\/media?parent=735819"}],"wp:term":[{"taxonomy":"product_brand","embeddable":true,"href":"https:\/\/stoic-curie.212-227-153-4.plesk.page\/de\/wp-json\/wp\/v2\/product_brand?post=735819"},{"taxonomy":"product_cat","embeddable":true,"href":"https:\/\/stoic-curie.212-227-153-4.plesk.page\/de\/wp-json\/wp\/v2\/product_cat?post=735819"},{"taxonomy":"product_tag","embeddable":true,"href":"https:\/\/stoic-curie.212-227-153-4.plesk.page\/de\/wp-json\/wp\/v2\/product_tag?post=735819"}],"curies":[{"name":"wp","href":"https:\/\/api.w.org\/{rel}","templated":true}]}}