{"id":735820,"date":"2025-03-03T16:29:25","date_gmt":"2025-03-03T15:29:25","guid":{"rendered":"https:\/\/stoic-curie.212-227-153-4.plesk.page\/producto\/umlenkrolle-dreifach-mit-schaekel-master-windrider-29-mm-fuer-leinen-bis-8mm\/"},"modified":"2026-02-24T23:35:03","modified_gmt":"2026-02-24T23:35:03","slug":"umlenkrolle-dreifach-mit-schaekel-master-windrider-29-mm-fuer-leinen-bis-8mm","status":"publish","type":"product","link":"https:\/\/stoic-curie.212-227-153-4.plesk.page\/de\/product\/umlenkrolle-dreifach-mit-schaekel-master-windrider-29-mm-fuer-leinen-bis-8mm\/","title":{"rendered":"Umlenkrolle Dreifach mit Sch\u00e4kel Master Windrider 29 mm f\u00fcr Leinen bis 8mm"},"content":{"rendered":"<p>Umlenkrolle Dreifach mit Sch\u00e4kel Master Windrider 29 mm f\u00fcr Leinen bis 8mm &#8211; <\/p>\n<p>Die Master-Kompound-Kugellagerblocke mit niedrigem Reibungskoeffizienten sind f\u00fcr den Wettkampfsport konzipiert. Die hochfesten Kompositseitenplatten sorgen f\u00fcr eine optimale Leistung unter Arbeitslasten. Sch\u00f6nes Design und einfache Handhabung. Kugellager: selbstschmierende Acetal-Verbundstoffe. Scheibendurchmesser 29 mm: selbstschmierende Acetal-Verbundstoffe. Wangen: verst\u00e4rktes glasfaserverst\u00e4rktes Nylon-Verbundmaterial, UV-stabilisiert. Drehbare Spornsch\u00e4kel: geschmiedeter Edelstahl der G\u00fcteklasse 316. WL: Arbeitslast. BL: Bruchlast.<\/p>\n","protected":false},"excerpt":{"rendered":"<p>Umlenkrolle Dreifach mit Sch\u00e4kel Master Windrider 29 mm f\u00fcr Leinen bis 8mm &#8211; Die Master-Kompound-Kugellagerblocke mit niedrigem Reibungskoeffizienten sind f\u00fcr<\/p>\n","protected":false},"featured_media":5943829,"comment_status":"open","ping_status":"closed","template":"","meta":[],"product_brand":[3130],"product_cat":[1483],"product_tag":[],"class_list":{"0":"post-735820","1":"product","2":"type-product","3":"status-publish","4":"has-post-thumbnail","6":"product_brand-master-de","7":"product_cat-master-bloecke","9":"first","10":"instock","11":"shipping-taxable","12":"purchasable","13":"product-type-simple"},"_links":{"self":[{"href":"https:\/\/stoic-curie.212-227-153-4.plesk.page\/de\/wp-json\/wp\/v2\/product\/735820","targetHints":{"allow":["GET"]}}],"collection":[{"href":"https:\/\/stoic-curie.212-227-153-4.plesk.page\/de\/wp-json\/wp\/v2\/product"}],"about":[{"href":"https:\/\/stoic-curie.212-227-153-4.plesk.page\/de\/wp-json\/wp\/v2\/types\/product"}],"replies":[{"embeddable":true,"href":"https:\/\/stoic-curie.212-227-153-4.plesk.page\/de\/wp-json\/wp\/v2\/comments?post=735820"}],"version-history":[{"count":0,"href":"https:\/\/stoic-curie.212-227-153-4.plesk.page\/de\/wp-json\/wp\/v2\/product\/735820\/revisions"}],"wp:featuredmedia":[{"embeddable":true,"href":"https:\/\/stoic-curie.212-227-153-4.plesk.page\/de\/wp-json\/wp\/v2\/media\/5943829"}],"wp:attachment":[{"href":"https:\/\/stoic-curie.212-227-153-4.plesk.page\/de\/wp-json\/wp\/v2\/media?parent=735820"}],"wp:term":[{"taxonomy":"product_brand","embeddable":true,"href":"https:\/\/stoic-curie.212-227-153-4.plesk.page\/de\/wp-json\/wp\/v2\/product_brand?post=735820"},{"taxonomy":"product_cat","embeddable":true,"href":"https:\/\/stoic-curie.212-227-153-4.plesk.page\/de\/wp-json\/wp\/v2\/product_cat?post=735820"},{"taxonomy":"product_tag","embeddable":true,"href":"https:\/\/stoic-curie.212-227-153-4.plesk.page\/de\/wp-json\/wp\/v2\/product_tag?post=735820"}],"curies":[{"name":"wp","href":"https:\/\/api.w.org\/{rel}","templated":true}]}}