{"id":735821,"date":"2025-03-03T16:29:25","date_gmt":"2025-03-03T15:29:25","guid":{"rendered":"https:\/\/stoic-curie.212-227-153-4.plesk.page\/producto\/umlenkrolle-master-windrider-einzeln-mit-schaekel-und-klemme-40mm-fuer-leinen-bis-8mm\/"},"modified":"2026-02-24T23:35:03","modified_gmt":"2026-02-24T23:35:03","slug":"umlenkrolle-master-windrider-einzeln-mit-schaekel-und-klemme-40mm-fuer-leinen-bis-8mm","status":"publish","type":"product","link":"https:\/\/stoic-curie.212-227-153-4.plesk.page\/de\/product\/umlenkrolle-master-windrider-einzeln-mit-schaekel-und-klemme-40mm-fuer-leinen-bis-8mm\/","title":{"rendered":"Umlenkrolle Master Windrider Einzeln mit Sch\u00e4kel und Klemme 40mm f\u00fcr Leinen bis 8mm"},"content":{"rendered":"<p>Umlenkrolle Master Windrider Einzeln mit Sch\u00e4kel und Klemme 40mm f\u00fcr Leinen bis 8mm &#8211; <\/p>\n<p>Die Master-Komposit-Lagerbl\u00f6cke mit niedrigem Reibungskoeffizienten sind f\u00fcr den Wettkampfsport im Segeln konzipiert. Die hochfesten kompositen Seitenplatten gew\u00e4hrleisten eine optimale Leistung unter Last. Ihr sch\u00f6nes Design und die einfache Handhabung machen sie ideal f\u00fcr jeden Segler. Kugellager: selbstschmierend aus Acetalverbundstoff Durchmesser der Scheibe 40 mm: selbstschmierend aus Acetalverbundstoff Wangen: verst\u00e4rkter Nylonverbundstoff mit Glasfaser \u2013 UV-stabilisiert Drehgelenk: Geschmiedeter Edelstahl der Klasse 316 WL: Arbeitslast BL: Bruchlast HINWEIS: Die Arbeits-\/Bruchlast der Bl\u00f6cke mit Klemme basiert auf der St\u00e4rke der Klemme.<\/p>\n","protected":false},"excerpt":{"rendered":"<p>Umlenkrolle Master Windrider Einzeln mit Sch\u00e4kel und Klemme 40mm f\u00fcr Leinen bis 8mm &#8211; Die Master-Komposit-Lagerbl\u00f6cke mit niedrigem Reibungskoeffizienten sind<\/p>\n","protected":false},"featured_media":5943835,"comment_status":"open","ping_status":"closed","template":"","meta":[],"product_brand":[3130],"product_cat":[1483],"product_tag":[],"class_list":{"0":"post-735821","1":"product","2":"type-product","3":"status-publish","4":"has-post-thumbnail","6":"product_brand-master-de","7":"product_cat-master-bloecke","9":"first","10":"instock","11":"shipping-taxable","12":"purchasable","13":"product-type-simple"},"_links":{"self":[{"href":"https:\/\/stoic-curie.212-227-153-4.plesk.page\/de\/wp-json\/wp\/v2\/product\/735821","targetHints":{"allow":["GET"]}}],"collection":[{"href":"https:\/\/stoic-curie.212-227-153-4.plesk.page\/de\/wp-json\/wp\/v2\/product"}],"about":[{"href":"https:\/\/stoic-curie.212-227-153-4.plesk.page\/de\/wp-json\/wp\/v2\/types\/product"}],"replies":[{"embeddable":true,"href":"https:\/\/stoic-curie.212-227-153-4.plesk.page\/de\/wp-json\/wp\/v2\/comments?post=735821"}],"version-history":[{"count":0,"href":"https:\/\/stoic-curie.212-227-153-4.plesk.page\/de\/wp-json\/wp\/v2\/product\/735821\/revisions"}],"wp:featuredmedia":[{"embeddable":true,"href":"https:\/\/stoic-curie.212-227-153-4.plesk.page\/de\/wp-json\/wp\/v2\/media\/5943835"}],"wp:attachment":[{"href":"https:\/\/stoic-curie.212-227-153-4.plesk.page\/de\/wp-json\/wp\/v2\/media?parent=735821"}],"wp:term":[{"taxonomy":"product_brand","embeddable":true,"href":"https:\/\/stoic-curie.212-227-153-4.plesk.page\/de\/wp-json\/wp\/v2\/product_brand?post=735821"},{"taxonomy":"product_cat","embeddable":true,"href":"https:\/\/stoic-curie.212-227-153-4.plesk.page\/de\/wp-json\/wp\/v2\/product_cat?post=735821"},{"taxonomy":"product_tag","embeddable":true,"href":"https:\/\/stoic-curie.212-227-153-4.plesk.page\/de\/wp-json\/wp\/v2\/product_tag?post=735821"}],"curies":[{"name":"wp","href":"https:\/\/api.w.org\/{rel}","templated":true}]}}