{"id":735824,"date":"2025-03-03T16:29:25","date_gmt":"2025-03-03T15:29:25","guid":{"rendered":"https:\/\/stoic-curie.212-227-153-4.plesk.page\/producto\/umlenkrolle-master-windrider-dreifach-40mm-fuer-leinen-bis-10mm\/"},"modified":"2026-02-24T23:35:03","modified_gmt":"2026-02-24T23:35:03","slug":"umlenkrolle-master-windrider-dreifach-40mm-fuer-leinen-bis-10mm","status":"publish","type":"product","link":"https:\/\/stoic-curie.212-227-153-4.plesk.page\/de\/product\/umlenkrolle-master-windrider-dreifach-40mm-fuer-leinen-bis-10mm\/","title":{"rendered":"Umlenkrolle Master Windrider Dreifach 40mm f\u00fcr Leinen bis 10mm"},"content":{"rendered":"<p>Umlenkrolle Master Windrider Dreifach 40mm f\u00fcr Leinen bis 10mm &#8211; <\/p>\n<p>Die Master Composite-Gleitlagerbl\u00f6cke mit niedrigem Reibungskoeffizienten wurden f\u00fcr den Wettkampfsport entwickelt. Die hochfesten Seitenplatten aus Verbundwerkstoff bieten eine hervorragende Leistungsf\u00e4higkeit bei Arbeitslasten. Sie \u00fcberzeugen durch ihr ansprechendes Design und ihre einfache Handhabung. Kugellager: selbstschmierenden Acetal-Verbundstoff. Scheibendurchmesser 40 mm: selbstschmierenden Acetal-Verbundstoff. Backen: verst\u00e4rkter Nylon-Verbundstoff mit Glasfaser, UV-stabilisiert. Drehbare Sch\u00e4keln: geschmiedeter Edelstahl der Klasse 316. WL: Arbeitslast. BL: Bruchlast. HINWEIS: Die Arbeits- und Bruchlast der Bl\u00f6cke mit Rollen basieren auf der Festigkeit der Rolle.<\/p>\n","protected":false},"excerpt":{"rendered":"<p>Umlenkrolle Master Windrider Dreifach 40mm f\u00fcr Leinen bis 10mm &#8211; Die Master Composite-Gleitlagerbl\u00f6cke mit niedrigem Reibungskoeffizienten wurden f\u00fcr den Wettkampfsport<\/p>\n","protected":false},"featured_media":5943838,"comment_status":"open","ping_status":"closed","template":"","meta":[],"product_brand":[3130],"product_cat":[1483],"product_tag":[],"class_list":{"0":"post-735824","1":"product","2":"type-product","3":"status-publish","4":"has-post-thumbnail","6":"product_brand-master-de","7":"product_cat-master-bloecke","9":"first","10":"instock","11":"shipping-taxable","12":"purchasable","13":"product-type-simple"},"_links":{"self":[{"href":"https:\/\/stoic-curie.212-227-153-4.plesk.page\/de\/wp-json\/wp\/v2\/product\/735824","targetHints":{"allow":["GET"]}}],"collection":[{"href":"https:\/\/stoic-curie.212-227-153-4.plesk.page\/de\/wp-json\/wp\/v2\/product"}],"about":[{"href":"https:\/\/stoic-curie.212-227-153-4.plesk.page\/de\/wp-json\/wp\/v2\/types\/product"}],"replies":[{"embeddable":true,"href":"https:\/\/stoic-curie.212-227-153-4.plesk.page\/de\/wp-json\/wp\/v2\/comments?post=735824"}],"version-history":[{"count":0,"href":"https:\/\/stoic-curie.212-227-153-4.plesk.page\/de\/wp-json\/wp\/v2\/product\/735824\/revisions"}],"wp:featuredmedia":[{"embeddable":true,"href":"https:\/\/stoic-curie.212-227-153-4.plesk.page\/de\/wp-json\/wp\/v2\/media\/5943838"}],"wp:attachment":[{"href":"https:\/\/stoic-curie.212-227-153-4.plesk.page\/de\/wp-json\/wp\/v2\/media?parent=735824"}],"wp:term":[{"taxonomy":"product_brand","embeddable":true,"href":"https:\/\/stoic-curie.212-227-153-4.plesk.page\/de\/wp-json\/wp\/v2\/product_brand?post=735824"},{"taxonomy":"product_cat","embeddable":true,"href":"https:\/\/stoic-curie.212-227-153-4.plesk.page\/de\/wp-json\/wp\/v2\/product_cat?post=735824"},{"taxonomy":"product_tag","embeddable":true,"href":"https:\/\/stoic-curie.212-227-153-4.plesk.page\/de\/wp-json\/wp\/v2\/product_tag?post=735824"}],"curies":[{"name":"wp","href":"https:\/\/api.w.org\/{rel}","templated":true}]}}