{"id":735825,"date":"2025-03-03T16:29:26","date_gmt":"2025-03-03T15:29:26","guid":{"rendered":"https:\/\/stoic-curie.212-227-153-4.plesk.page\/producto\/umlenkrolle-master-windrider-dreifach-mit-schaekel-40mm-fuer-leinen-bis-10mm\/"},"modified":"2026-02-24T23:35:03","modified_gmt":"2026-02-24T23:35:03","slug":"umlenkrolle-master-windrider-dreifach-mit-schaekel-40mm-fuer-leinen-bis-10mm","status":"publish","type":"product","link":"https:\/\/stoic-curie.212-227-153-4.plesk.page\/de\/product\/umlenkrolle-master-windrider-dreifach-mit-schaekel-40mm-fuer-leinen-bis-10mm\/","title":{"rendered":"Umlenkrolle Master Windrider Dreifach mit Sch\u00e4kel 40mm f\u00fcr Leinen bis 10mm"},"content":{"rendered":"<p>Umlenkrolle Master Windrider Dreifach mit Sch\u00e4kel 40mm f\u00fcr Leinen bis 10mm &#8211; <\/p>\n<p>Die Master-Composite-Gleitlagerbl\u00f6cke mit niedrigem Reibungskoeffizienten sind f\u00fcr den Wettkampfsport konzipiert. Die hochfesten Komposit-Seitenplatten garantieren eine erstklassige Leistung bei Arbeitslasten. \u00dcberzeugendes Design und einfache Handhabung. Kugellager: selbstschmierenden Acetalverbundstoff. Scheibendurchmesser 40 mm: selbstschmierenden Acetalverbundstoff. Backen: verst\u00e4rkter Nylonverbundstoff mit Glasfaser, UV-stabilisiert. Drehsch\u00e4kel: geschmiedeter Edelstahl der G\u00fcteklasse 316. WL: Arbeitslast. BL: Bruchlast. HINWEIS: Die Arbeits-\/Bruchlast von Bl\u00f6cken mit Klemmen basiert auf der Festigkeit der Klemme.<\/p>\n","protected":false},"excerpt":{"rendered":"<p>Umlenkrolle Master Windrider Dreifach mit Sch\u00e4kel 40mm f\u00fcr Leinen bis 10mm &#8211; Die Master-Composite-Gleitlagerbl\u00f6cke mit niedrigem Reibungskoeffizienten sind f\u00fcr den<\/p>\n","protected":false},"featured_media":5943839,"comment_status":"open","ping_status":"closed","template":"","meta":[],"product_brand":[3130],"product_cat":[1483],"product_tag":[],"class_list":{"0":"post-735825","1":"product","2":"type-product","3":"status-publish","4":"has-post-thumbnail","6":"product_brand-master-de","7":"product_cat-master-bloecke","9":"first","10":"instock","11":"shipping-taxable","12":"purchasable","13":"product-type-simple"},"_links":{"self":[{"href":"https:\/\/stoic-curie.212-227-153-4.plesk.page\/de\/wp-json\/wp\/v2\/product\/735825","targetHints":{"allow":["GET"]}}],"collection":[{"href":"https:\/\/stoic-curie.212-227-153-4.plesk.page\/de\/wp-json\/wp\/v2\/product"}],"about":[{"href":"https:\/\/stoic-curie.212-227-153-4.plesk.page\/de\/wp-json\/wp\/v2\/types\/product"}],"replies":[{"embeddable":true,"href":"https:\/\/stoic-curie.212-227-153-4.plesk.page\/de\/wp-json\/wp\/v2\/comments?post=735825"}],"version-history":[{"count":0,"href":"https:\/\/stoic-curie.212-227-153-4.plesk.page\/de\/wp-json\/wp\/v2\/product\/735825\/revisions"}],"wp:featuredmedia":[{"embeddable":true,"href":"https:\/\/stoic-curie.212-227-153-4.plesk.page\/de\/wp-json\/wp\/v2\/media\/5943839"}],"wp:attachment":[{"href":"https:\/\/stoic-curie.212-227-153-4.plesk.page\/de\/wp-json\/wp\/v2\/media?parent=735825"}],"wp:term":[{"taxonomy":"product_brand","embeddable":true,"href":"https:\/\/stoic-curie.212-227-153-4.plesk.page\/de\/wp-json\/wp\/v2\/product_brand?post=735825"},{"taxonomy":"product_cat","embeddable":true,"href":"https:\/\/stoic-curie.212-227-153-4.plesk.page\/de\/wp-json\/wp\/v2\/product_cat?post=735825"},{"taxonomy":"product_tag","embeddable":true,"href":"https:\/\/stoic-curie.212-227-153-4.plesk.page\/de\/wp-json\/wp\/v2\/product_tag?post=735825"}],"curies":[{"name":"wp","href":"https:\/\/api.w.org\/{rel}","templated":true}]}}