{"id":735826,"date":"2025-03-03T16:29:26","date_gmt":"2025-03-03T15:29:26","guid":{"rendered":"https:\/\/stoic-curie.212-227-153-4.plesk.page\/producto\/umlenkrolle-master-dreifach-mit-schaekel-und-klemme-40mm-fuer-leinen-bis-8mm\/"},"modified":"2026-02-24T23:35:03","modified_gmt":"2026-02-24T23:35:03","slug":"umlenkrolle-master-dreifach-mit-schaekel-und-klemme-40mm-fuer-leinen-bis-8mm","status":"publish","type":"product","link":"https:\/\/stoic-curie.212-227-153-4.plesk.page\/de\/product\/umlenkrolle-master-dreifach-mit-schaekel-und-klemme-40mm-fuer-leinen-bis-8mm\/","title":{"rendered":"Umlenkrolle Master Dreifach mit Sch\u00e4kel und Klemme 40mm f\u00fcr Leinen bis 8mm"},"content":{"rendered":"<p>Umlenkrolle Master Dreifach mit Sch\u00e4kel und Klemme 40mm f\u00fcr Leinen bis 8mm &#8211; <\/p>\n<p>Die Master-Komposit-Schnelllauf-Kugellagerbl\u00f6cke sind f\u00fcr den Wettsegelbetrieb konzipiert. Die hochfesten Komposit-Seitenplatten sorgen f\u00fcr optimale Leistungsf\u00e4higkeit bei Arbeitslasten. Wundersch\u00f6nes Design und einfache Handhabung.<br \/> Kugellager: selbstschmierende Acetalverbindung<br \/> Scheibendurchmesser 40 mm: selbstschmierende Acetalverbindung<br \/> Backen: verst\u00e4rktes Glasfaser-Nylonkomposit, UV-stabilisiert<br \/> Drehgelenk: geschmiedeter Edelstahl der G\u00fcteklasse 316<br \/> WL: Arbeitslast<br \/> BL: Bruchlast<br \/> HINWEIS: Die Arbeits-\/Bruchlast der Bl\u00f6cke mit einer Klinke basiert auf der Festigkeit der Klinke.<\/p>\n","protected":false},"excerpt":{"rendered":"<p>Umlenkrolle Master Dreifach mit Sch\u00e4kel und Klemme 40mm f\u00fcr Leinen bis 8mm &#8211; Die Master-Komposit-Schnelllauf-Kugellagerbl\u00f6cke sind f\u00fcr den Wettsegelbetrieb konzipiert.<\/p>\n","protected":false},"featured_media":5943840,"comment_status":"open","ping_status":"closed","template":"","meta":[],"product_brand":[3130],"product_cat":[1483],"product_tag":[],"class_list":{"0":"post-735826","1":"product","2":"type-product","3":"status-publish","4":"has-post-thumbnail","6":"product_brand-master-de","7":"product_cat-master-bloecke","9":"first","10":"instock","11":"shipping-taxable","12":"purchasable","13":"product-type-simple"},"_links":{"self":[{"href":"https:\/\/stoic-curie.212-227-153-4.plesk.page\/de\/wp-json\/wp\/v2\/product\/735826","targetHints":{"allow":["GET"]}}],"collection":[{"href":"https:\/\/stoic-curie.212-227-153-4.plesk.page\/de\/wp-json\/wp\/v2\/product"}],"about":[{"href":"https:\/\/stoic-curie.212-227-153-4.plesk.page\/de\/wp-json\/wp\/v2\/types\/product"}],"replies":[{"embeddable":true,"href":"https:\/\/stoic-curie.212-227-153-4.plesk.page\/de\/wp-json\/wp\/v2\/comments?post=735826"}],"version-history":[{"count":0,"href":"https:\/\/stoic-curie.212-227-153-4.plesk.page\/de\/wp-json\/wp\/v2\/product\/735826\/revisions"}],"wp:featuredmedia":[{"embeddable":true,"href":"https:\/\/stoic-curie.212-227-153-4.plesk.page\/de\/wp-json\/wp\/v2\/media\/5943840"}],"wp:attachment":[{"href":"https:\/\/stoic-curie.212-227-153-4.plesk.page\/de\/wp-json\/wp\/v2\/media?parent=735826"}],"wp:term":[{"taxonomy":"product_brand","embeddable":true,"href":"https:\/\/stoic-curie.212-227-153-4.plesk.page\/de\/wp-json\/wp\/v2\/product_brand?post=735826"},{"taxonomy":"product_cat","embeddable":true,"href":"https:\/\/stoic-curie.212-227-153-4.plesk.page\/de\/wp-json\/wp\/v2\/product_cat?post=735826"},{"taxonomy":"product_tag","embeddable":true,"href":"https:\/\/stoic-curie.212-227-153-4.plesk.page\/de\/wp-json\/wp\/v2\/product_tag?post=735826"}],"curies":[{"name":"wp","href":"https:\/\/api.w.org\/{rel}","templated":true}]}}