{"id":735827,"date":"2025-03-03T16:29:26","date_gmt":"2025-03-03T15:29:26","guid":{"rendered":"https:\/\/stoic-curie.212-227-153-4.plesk.page\/producto\/umlenkrolle-einzeln-mit-schaekel-master-windrider-57mm-fuer-leinen-bis-10mm\/"},"modified":"2026-02-24T23:35:03","modified_gmt":"2026-02-24T23:35:03","slug":"umlenkrolle-einzeln-mit-schaekel-master-windrider-57mm-fuer-leinen-bis-10mm","status":"publish","type":"product","link":"https:\/\/stoic-curie.212-227-153-4.plesk.page\/de\/product\/umlenkrolle-einzeln-mit-schaekel-master-windrider-57mm-fuer-leinen-bis-10mm\/","title":{"rendered":"Umlenkrolle Einzeln mit Sch\u00e4kel Master Windrider 57mm f\u00fcr Leinen bis 10mm"},"content":{"rendered":"<p>Umlenkrolle Einzeln mit Sch\u00e4kel Master Windrider 57mm f\u00fcr Leinen bis 10mm &#8211; <\/p>\n<p>Die Master-Komposit-Kugellagerbl\u00f6cke mit niedrigem Reibungswiderstand sind f\u00fcr den Wettkampfsport im Segeln konzipiert. Die hochfesten Kompositschutzplatten gew\u00e4hrleisten eine hervorragende Leistung unter Arbeitsbelastung. Ihr sch\u00f6nes Design und die einfache Handhabung machen sie besonders attraktiv. Kugellager: selbstschmierenden Acetal-Komposite. Scheibendurchmesser 57 mm: selbstschmierenden Acetal-Komposite. Wangen: verst\u00e4rktes Nylon-Komposite mit Glasfaser und UV-Stabilisierung. Drehbarer Sch\u00e4kelsprung: geschmiedeter Edelstahl der Klasse 316. WL: Arbeitslast. BL: Bruchlast. HINWEIS: Die Arbeits-\/Bruchlast der Bl\u00f6cke mit Klemme basiert auf der Festigkeit der Klemme.<\/p>\n","protected":false},"excerpt":{"rendered":"<p>Umlenkrolle Einzeln mit Sch\u00e4kel Master Windrider 57mm f\u00fcr Leinen bis 10mm &#8211; Die Master-Komposit-Kugellagerbl\u00f6cke mit niedrigem Reibungswiderstand sind f\u00fcr den<\/p>\n","protected":false},"featured_media":3003376,"comment_status":"open","ping_status":"closed","template":"","meta":[],"product_brand":[2291,3130],"product_cat":[1483],"product_tag":[],"class_list":{"0":"post-735827","1":"product","2":"type-product","3":"status-publish","4":"has-post-thumbnail","6":"product_brand-master","7":"product_brand-master-de","8":"product_cat-master-bloecke","10":"first","11":"instock","12":"shipping-taxable","13":"purchasable","14":"product-type-simple"},"_links":{"self":[{"href":"https:\/\/stoic-curie.212-227-153-4.plesk.page\/de\/wp-json\/wp\/v2\/product\/735827","targetHints":{"allow":["GET"]}}],"collection":[{"href":"https:\/\/stoic-curie.212-227-153-4.plesk.page\/de\/wp-json\/wp\/v2\/product"}],"about":[{"href":"https:\/\/stoic-curie.212-227-153-4.plesk.page\/de\/wp-json\/wp\/v2\/types\/product"}],"replies":[{"embeddable":true,"href":"https:\/\/stoic-curie.212-227-153-4.plesk.page\/de\/wp-json\/wp\/v2\/comments?post=735827"}],"version-history":[{"count":0,"href":"https:\/\/stoic-curie.212-227-153-4.plesk.page\/de\/wp-json\/wp\/v2\/product\/735827\/revisions"}],"wp:featuredmedia":[{"embeddable":true,"href":"https:\/\/stoic-curie.212-227-153-4.plesk.page\/de\/wp-json\/"}],"wp:attachment":[{"href":"https:\/\/stoic-curie.212-227-153-4.plesk.page\/de\/wp-json\/wp\/v2\/media?parent=735827"}],"wp:term":[{"taxonomy":"product_brand","embeddable":true,"href":"https:\/\/stoic-curie.212-227-153-4.plesk.page\/de\/wp-json\/wp\/v2\/product_brand?post=735827"},{"taxonomy":"product_cat","embeddable":true,"href":"https:\/\/stoic-curie.212-227-153-4.plesk.page\/de\/wp-json\/wp\/v2\/product_cat?post=735827"},{"taxonomy":"product_tag","embeddable":true,"href":"https:\/\/stoic-curie.212-227-153-4.plesk.page\/de\/wp-json\/wp\/v2\/product_tag?post=735827"}],"curies":[{"name":"wp","href":"https:\/\/api.w.org\/{rel}","templated":true}]}}