{"id":735828,"date":"2025-03-03T16:29:26","date_gmt":"2025-03-03T15:29:26","guid":{"rendered":"https:\/\/stoic-curie.212-227-153-4.plesk.page\/producto\/umlenkrolle-master-windrider-doppelt-mit-schaekel-57mm-fuer-leinen-bis-10mm\/"},"modified":"2026-02-24T23:35:03","modified_gmt":"2026-02-24T23:35:03","slug":"umlenkrolle-master-windrider-doppelt-mit-schaekel-57mm-fuer-leinen-bis-10mm","status":"publish","type":"product","link":"https:\/\/stoic-curie.212-227-153-4.plesk.page\/de\/product\/umlenkrolle-master-windrider-doppelt-mit-schaekel-57mm-fuer-leinen-bis-10mm\/","title":{"rendered":"Umlenkrolle Master Windrider Doppelt mit Sch\u00e4kel 57mm f\u00fcr Leinen bis 10mm"},"content":{"rendered":"<p>Umlenkrolle Master Windrider Doppelt mit Sch\u00e4kel 57mm f\u00fcr Leinen bis 10mm &#8211; <\/p>\n<p>Master-Komposit-Niederfriktions-Kugelagerbl\u00f6cke sind f\u00fcr den Wettbewerbseinsatz im Segelsport entwickelt. Die hochfesten Seitenplatten aus Verbundmaterial sorgen f\u00fcr eine optimale Leistung unter Last. Zudem zeichnen sie sich durch ihr ansprechendes Design und die einfache Handhabung aus. Kugellager: selbstschmierenden Acetal-Verbund. Scheiben-Durchmesser 57 mm: selbstschmierenden Acetal-Verbund. Backen: verst\u00e4rkter Nylon-Verbund aus Glasfaser, UV-stabilisiert. Drehbarer Sch\u00e4kel: Geschmiedeter Edelstahl der G\u00fcteklasse 316. WL: Arbeitslast. BL: Bruchlast. HINWEIS: Die Arbeits- \/ Bruchlast der Bl\u00f6cke mit Klemme basiert auf der Festigkeit der Klemme.<\/p>\n","protected":false},"excerpt":{"rendered":"<p>Umlenkrolle Master Windrider Doppelt mit Sch\u00e4kel 57mm f\u00fcr Leinen bis 10mm &#8211; Master-Komposit-Niederfriktions-Kugelagerbl\u00f6cke sind f\u00fcr den Wettbewerbseinsatz im Segelsport entwickelt.<\/p>\n","protected":false},"featured_media":5943843,"comment_status":"open","ping_status":"closed","template":"","meta":[],"product_brand":[3130],"product_cat":[1483],"product_tag":[],"class_list":{"0":"post-735828","1":"product","2":"type-product","3":"status-publish","4":"has-post-thumbnail","6":"product_brand-master-de","7":"product_cat-master-bloecke","9":"first","10":"instock","11":"shipping-taxable","12":"purchasable","13":"product-type-simple"},"_links":{"self":[{"href":"https:\/\/stoic-curie.212-227-153-4.plesk.page\/de\/wp-json\/wp\/v2\/product\/735828","targetHints":{"allow":["GET"]}}],"collection":[{"href":"https:\/\/stoic-curie.212-227-153-4.plesk.page\/de\/wp-json\/wp\/v2\/product"}],"about":[{"href":"https:\/\/stoic-curie.212-227-153-4.plesk.page\/de\/wp-json\/wp\/v2\/types\/product"}],"replies":[{"embeddable":true,"href":"https:\/\/stoic-curie.212-227-153-4.plesk.page\/de\/wp-json\/wp\/v2\/comments?post=735828"}],"version-history":[{"count":0,"href":"https:\/\/stoic-curie.212-227-153-4.plesk.page\/de\/wp-json\/wp\/v2\/product\/735828\/revisions"}],"wp:featuredmedia":[{"embeddable":true,"href":"https:\/\/stoic-curie.212-227-153-4.plesk.page\/de\/wp-json\/wp\/v2\/media\/5943843"}],"wp:attachment":[{"href":"https:\/\/stoic-curie.212-227-153-4.plesk.page\/de\/wp-json\/wp\/v2\/media?parent=735828"}],"wp:term":[{"taxonomy":"product_brand","embeddable":true,"href":"https:\/\/stoic-curie.212-227-153-4.plesk.page\/de\/wp-json\/wp\/v2\/product_brand?post=735828"},{"taxonomy":"product_cat","embeddable":true,"href":"https:\/\/stoic-curie.212-227-153-4.plesk.page\/de\/wp-json\/wp\/v2\/product_cat?post=735828"},{"taxonomy":"product_tag","embeddable":true,"href":"https:\/\/stoic-curie.212-227-153-4.plesk.page\/de\/wp-json\/wp\/v2\/product_tag?post=735828"}],"curies":[{"name":"wp","href":"https:\/\/api.w.org\/{rel}","templated":true}]}}