{"id":735829,"date":"2025-03-03T16:29:26","date_gmt":"2025-03-03T15:29:26","guid":{"rendered":"https:\/\/stoic-curie.212-227-153-4.plesk.page\/producto\/dreifachrolle-master-windrider-57mm-fuer-leinen-bis-10mm\/"},"modified":"2026-02-24T23:35:03","modified_gmt":"2026-02-24T23:35:03","slug":"dreifachrolle-master-windrider-57mm-fuer-leinen-bis-10mm","status":"publish","type":"product","link":"https:\/\/stoic-curie.212-227-153-4.plesk.page\/de\/product\/dreifachrolle-master-windrider-57mm-fuer-leinen-bis-10mm\/","title":{"rendered":"Dreifachrolle Master Windrider 57mm f\u00fcr Leinen bis 10mm"},"content":{"rendered":"<p>Dreifachrolle Master Windrider 57mm f\u00fcr Leinen bis 10mm &#8211; <\/p>\n<p>Die Master-Komposit-Kugellagerbl\u00f6cke mit geringer Reibung sind f\u00fcr den Wettsegeln konzipiert. Die hochfesten Komposit-Seitenteile gew\u00e4hrleisten optimale Leistung bei Arbeitslasten. Sch\u00f6ne Gestaltung und einfache Handhabung. Kugellager: selbstschmierenden Acetal-Komposit Durchmesser der Rolle: 57 mm, selbstschmierenden Acetal-Komposit. Wangen: verst\u00e4rktes Glasfaser-Nylonkomposit, UV-stabilisiert. Drehhaken: Geschmiedeter Grad 316 Edelstahl. WL: Arbeitslast BL: Bruchlast. HINWEIS: Die Arbeits-\/Bruchlast von Bl\u00f6cken mit Klinke basiert auf der Festigkeit der Klinke.<\/p>\n","protected":false},"excerpt":{"rendered":"<p>Dreifachrolle Master Windrider 57mm f\u00fcr Leinen bis 10mm &#8211; Die Master-Komposit-Kugellagerbl\u00f6cke mit geringer Reibung sind f\u00fcr den Wettsegeln konzipiert. Die<\/p>\n","protected":false},"featured_media":5942817,"comment_status":"open","ping_status":"closed","template":"","meta":[],"product_brand":[3130],"product_cat":[1483],"product_tag":[],"class_list":{"0":"post-735829","1":"product","2":"type-product","3":"status-publish","4":"has-post-thumbnail","6":"product_brand-master-de","7":"product_cat-master-bloecke","9":"first","10":"instock","11":"shipping-taxable","12":"purchasable","13":"product-type-simple"},"_links":{"self":[{"href":"https:\/\/stoic-curie.212-227-153-4.plesk.page\/de\/wp-json\/wp\/v2\/product\/735829","targetHints":{"allow":["GET"]}}],"collection":[{"href":"https:\/\/stoic-curie.212-227-153-4.plesk.page\/de\/wp-json\/wp\/v2\/product"}],"about":[{"href":"https:\/\/stoic-curie.212-227-153-4.plesk.page\/de\/wp-json\/wp\/v2\/types\/product"}],"replies":[{"embeddable":true,"href":"https:\/\/stoic-curie.212-227-153-4.plesk.page\/de\/wp-json\/wp\/v2\/comments?post=735829"}],"version-history":[{"count":0,"href":"https:\/\/stoic-curie.212-227-153-4.plesk.page\/de\/wp-json\/wp\/v2\/product\/735829\/revisions"}],"wp:featuredmedia":[{"embeddable":true,"href":"https:\/\/stoic-curie.212-227-153-4.plesk.page\/de\/wp-json\/wp\/v2\/media\/5942817"}],"wp:attachment":[{"href":"https:\/\/stoic-curie.212-227-153-4.plesk.page\/de\/wp-json\/wp\/v2\/media?parent=735829"}],"wp:term":[{"taxonomy":"product_brand","embeddable":true,"href":"https:\/\/stoic-curie.212-227-153-4.plesk.page\/de\/wp-json\/wp\/v2\/product_brand?post=735829"},{"taxonomy":"product_cat","embeddable":true,"href":"https:\/\/stoic-curie.212-227-153-4.plesk.page\/de\/wp-json\/wp\/v2\/product_cat?post=735829"},{"taxonomy":"product_tag","embeddable":true,"href":"https:\/\/stoic-curie.212-227-153-4.plesk.page\/de\/wp-json\/wp\/v2\/product_tag?post=735829"}],"curies":[{"name":"wp","href":"https:\/\/api.w.org\/{rel}","templated":true}]}}