{"id":735830,"date":"2025-03-03T16:29:27","date_gmt":"2025-03-03T15:29:27","guid":{"rendered":"https:\/\/stoic-curie.212-227-153-4.plesk.page\/producto\/umlenkrolle-master-windrider-dreifach-mit-schaekel-57mm-fuer-leinen-bis-10mm\/"},"modified":"2026-02-24T23:35:03","modified_gmt":"2026-02-24T23:35:03","slug":"umlenkrolle-master-windrider-dreifach-mit-schaekel-57mm-fuer-leinen-bis-10mm","status":"publish","type":"product","link":"https:\/\/stoic-curie.212-227-153-4.plesk.page\/de\/product\/umlenkrolle-master-windrider-dreifach-mit-schaekel-57mm-fuer-leinen-bis-10mm\/","title":{"rendered":"Umlenkrolle Master Windrider Dreifach mit Sch\u00e4kel 57mm f\u00fcr Leinen bis 10mm"},"content":{"rendered":"<p>Umlenkrolle Master Windrider Dreifach mit Sch\u00e4kel 57mm f\u00fcr Leinen bis 10mm &#8211; <\/p>\n<p>Die Master-Komposite-Gleitlagerbl\u00f6cke mit niedrigem Reibungskoeffizienten sind f\u00fcr den Wettkampfsport im Segeln konzipiert. Die hochfesten Komposit-Seitenplatten bieten eine hervorragende Leistung bei Arbeitslasten. Die ansprechende Gestaltung und einfache Handhabung machen sie ideal f\u00fcr den Einsatz. <br \/> Kugellager: selbstschmierend aus Acetal-Komposit <br \/> Riemenscheibendurchmesser 57 mm: selbstschmierend aus Acetal-Komposit <br \/> Backen: verst\u00e4rktes glasfaserverst\u00e4rktes Nylonkomposit, UV-stabilisiert <br \/> Drehwirbel: geschmiedeter Edelstahl der G\u00fcteklasse 316 <br \/> WL: Arbeitslast <br \/> BL: Bruchlast <br \/> HINWEIS: Die Arbeits-\/Bruchlast der Bl\u00f6cke mit Nocken basiert auf der Festigkeit des Nockens.<\/p>\n","protected":false},"excerpt":{"rendered":"<p>Umlenkrolle Master Windrider Dreifach mit Sch\u00e4kel 57mm f\u00fcr Leinen bis 10mm &#8211; Die Master-Komposite-Gleitlagerbl\u00f6cke mit niedrigem Reibungskoeffizienten sind f\u00fcr den<\/p>\n","protected":false},"featured_media":5943844,"comment_status":"open","ping_status":"closed","template":"","meta":[],"product_brand":[3130],"product_cat":[1483],"product_tag":[],"class_list":{"0":"post-735830","1":"product","2":"type-product","3":"status-publish","4":"has-post-thumbnail","6":"product_brand-master-de","7":"product_cat-master-bloecke","9":"first","10":"instock","11":"shipping-taxable","12":"purchasable","13":"product-type-simple"},"_links":{"self":[{"href":"https:\/\/stoic-curie.212-227-153-4.plesk.page\/de\/wp-json\/wp\/v2\/product\/735830","targetHints":{"allow":["GET"]}}],"collection":[{"href":"https:\/\/stoic-curie.212-227-153-4.plesk.page\/de\/wp-json\/wp\/v2\/product"}],"about":[{"href":"https:\/\/stoic-curie.212-227-153-4.plesk.page\/de\/wp-json\/wp\/v2\/types\/product"}],"replies":[{"embeddable":true,"href":"https:\/\/stoic-curie.212-227-153-4.plesk.page\/de\/wp-json\/wp\/v2\/comments?post=735830"}],"version-history":[{"count":0,"href":"https:\/\/stoic-curie.212-227-153-4.plesk.page\/de\/wp-json\/wp\/v2\/product\/735830\/revisions"}],"wp:featuredmedia":[{"embeddable":true,"href":"https:\/\/stoic-curie.212-227-153-4.plesk.page\/de\/wp-json\/wp\/v2\/media\/5943844"}],"wp:attachment":[{"href":"https:\/\/stoic-curie.212-227-153-4.plesk.page\/de\/wp-json\/wp\/v2\/media?parent=735830"}],"wp:term":[{"taxonomy":"product_brand","embeddable":true,"href":"https:\/\/stoic-curie.212-227-153-4.plesk.page\/de\/wp-json\/wp\/v2\/product_brand?post=735830"},{"taxonomy":"product_cat","embeddable":true,"href":"https:\/\/stoic-curie.212-227-153-4.plesk.page\/de\/wp-json\/wp\/v2\/product_cat?post=735830"},{"taxonomy":"product_tag","embeddable":true,"href":"https:\/\/stoic-curie.212-227-153-4.plesk.page\/de\/wp-json\/wp\/v2\/product_tag?post=735830"}],"curies":[{"name":"wp","href":"https:\/\/api.w.org\/{rel}","templated":true}]}}