{"id":735833,"date":"2025-03-03T16:29:27","date_gmt":"2025-03-03T15:29:27","guid":{"rendered":"https:\/\/stoic-curie.212-227-153-4.plesk.page\/producto\/umlenkrolle-master-windrider-einzeln-75mm-fuer-leinen-bis-14mm\/"},"modified":"2026-02-24T23:35:03","modified_gmt":"2026-02-24T23:35:03","slug":"umlenkrolle-master-windrider-einzeln-75mm-fuer-leinen-bis-14mm","status":"publish","type":"product","link":"https:\/\/stoic-curie.212-227-153-4.plesk.page\/de\/product\/umlenkrolle-master-windrider-einzeln-75mm-fuer-leinen-bis-14mm\/","title":{"rendered":"Umlenkrolle Master Windrider Einzeln 75mm f\u00fcr Leinen bis 14mm"},"content":{"rendered":"<p>Umlenkrolle Master Windrider Einzeln 75mm f\u00fcr Leinen bis 14mm &#8211; <\/p>\n<p>Die Master-Kompositkugellagerbl\u00f6cke mit niedrigem Reibungskoeffizienten sind f\u00fcr den Wettkampfsport im Segeln konzipiert. Die hochfesten Komposit-Seitenplatten bieten eine optimale Leistung unter Arbeitslasten. Sch\u00f6nes Design und einfache Handhabung. Kugellager: selbstschmierenden Acetal-Komposit Durchmesser der Seilscheibe 75 mm: selbstschmierenden Acetal-Komposit Wangen: verst\u00e4rkter glasfaserverst\u00e4rkter Nylonkomposit, UV-stabilisiert Drehsch\u00e4kel: geschmiedeter Edelstahl der Klasse 316 WL: Arbeitslast BL: Bruchlast HINWEIS: Die Arbeits-\/Bruchlast der Bl\u00f6cke mit Klemmen basiert auf der Festigkeit der Klemme.<\/p>\n","protected":false},"excerpt":{"rendered":"<p>Umlenkrolle Master Windrider Einzeln 75mm f\u00fcr Leinen bis 14mm &#8211; Die Master-Kompositkugellagerbl\u00f6cke mit niedrigem Reibungskoeffizienten sind f\u00fcr den Wettkampfsport im<\/p>\n","protected":false},"featured_media":5943847,"comment_status":"open","ping_status":"closed","template":"","meta":[],"product_brand":[3130],"product_cat":[1483],"product_tag":[],"class_list":{"0":"post-735833","1":"product","2":"type-product","3":"status-publish","4":"has-post-thumbnail","6":"product_brand-master-de","7":"product_cat-master-bloecke","9":"first","10":"instock","11":"shipping-taxable","12":"purchasable","13":"product-type-simple"},"_links":{"self":[{"href":"https:\/\/stoic-curie.212-227-153-4.plesk.page\/de\/wp-json\/wp\/v2\/product\/735833","targetHints":{"allow":["GET"]}}],"collection":[{"href":"https:\/\/stoic-curie.212-227-153-4.plesk.page\/de\/wp-json\/wp\/v2\/product"}],"about":[{"href":"https:\/\/stoic-curie.212-227-153-4.plesk.page\/de\/wp-json\/wp\/v2\/types\/product"}],"replies":[{"embeddable":true,"href":"https:\/\/stoic-curie.212-227-153-4.plesk.page\/de\/wp-json\/wp\/v2\/comments?post=735833"}],"version-history":[{"count":0,"href":"https:\/\/stoic-curie.212-227-153-4.plesk.page\/de\/wp-json\/wp\/v2\/product\/735833\/revisions"}],"wp:featuredmedia":[{"embeddable":true,"href":"https:\/\/stoic-curie.212-227-153-4.plesk.page\/de\/wp-json\/wp\/v2\/media\/5943847"}],"wp:attachment":[{"href":"https:\/\/stoic-curie.212-227-153-4.plesk.page\/de\/wp-json\/wp\/v2\/media?parent=735833"}],"wp:term":[{"taxonomy":"product_brand","embeddable":true,"href":"https:\/\/stoic-curie.212-227-153-4.plesk.page\/de\/wp-json\/wp\/v2\/product_brand?post=735833"},{"taxonomy":"product_cat","embeddable":true,"href":"https:\/\/stoic-curie.212-227-153-4.plesk.page\/de\/wp-json\/wp\/v2\/product_cat?post=735833"},{"taxonomy":"product_tag","embeddable":true,"href":"https:\/\/stoic-curie.212-227-153-4.plesk.page\/de\/wp-json\/wp\/v2\/product_tag?post=735833"}],"curies":[{"name":"wp","href":"https:\/\/api.w.org\/{rel}","templated":true}]}}