{"id":735835,"date":"2025-03-03T16:29:27","date_gmt":"2025-03-03T15:29:27","guid":{"rendered":"https:\/\/stoic-curie.212-227-153-4.plesk.page\/producto\/umlenkrolle-master-windrider-doppelt-mit-schaekel-75mm-fuer-leinen-bis-14mm\/"},"modified":"2026-02-24T23:35:03","modified_gmt":"2026-02-24T23:35:03","slug":"umlenkrolle-master-windrider-doppelt-mit-schaekel-75mm-fuer-leinen-bis-14mm","status":"publish","type":"product","link":"https:\/\/stoic-curie.212-227-153-4.plesk.page\/de\/product\/umlenkrolle-master-windrider-doppelt-mit-schaekel-75mm-fuer-leinen-bis-14mm\/","title":{"rendered":"Umlenkrolle Master Windrider Doppelt mit Sch\u00e4kel 75mm f\u00fcr Leinen bis 14mm"},"content":{"rendered":"<p>Umlenkrolle Master Windrider Doppelt mit Sch\u00e4kel 75mm f\u00fcr Leinen bis 14mm &#8211; <\/p>\n<p>Master-Komposit-Low-Friction-Kugellagerbl\u00f6cke sind f\u00fcr den Wettkampfsport konzipiert. Die hochfesten Kunststoffseitenplatten sorgen f\u00fcr optimale Leistung unter Arbeitslasten. Elegantes Design und einfache Handhabung.<br \/> Kugellager: selbstschmierenden Acetalverbindung<br \/> Scheibendurchmesser 75 mm: selbstschmierenden Acetalverbindung<br \/> Backen: verst\u00e4rktes Glasfaser-Nylon-Verbundmaterial, UV-stabilisiert<br \/> Drehwirbel: geschmiedeter Edelstahl der Klasse 316<br \/> WL: Arbeitslast<br \/> BL: Bruchlast<br \/> HINWEIS: Die Arbeits-\/Bruchlast von Bl\u00f6cken mit Schnappverschluss basiert auf der Festigkeit des Schnappverschlusses.<\/p>\n","protected":false},"excerpt":{"rendered":"<p>Umlenkrolle Master Windrider Doppelt mit Sch\u00e4kel 75mm f\u00fcr Leinen bis 14mm &#8211; Master-Komposit-Low-Friction-Kugellagerbl\u00f6cke sind f\u00fcr den Wettkampfsport konzipiert. Die hochfesten<\/p>\n","protected":false},"featured_media":5943849,"comment_status":"open","ping_status":"closed","template":"","meta":[],"product_brand":[3130],"product_cat":[1483],"product_tag":[],"class_list":{"0":"post-735835","1":"product","2":"type-product","3":"status-publish","4":"has-post-thumbnail","6":"product_brand-master-de","7":"product_cat-master-bloecke","9":"first","10":"instock","11":"shipping-taxable","12":"purchasable","13":"product-type-simple"},"_links":{"self":[{"href":"https:\/\/stoic-curie.212-227-153-4.plesk.page\/de\/wp-json\/wp\/v2\/product\/735835","targetHints":{"allow":["GET"]}}],"collection":[{"href":"https:\/\/stoic-curie.212-227-153-4.plesk.page\/de\/wp-json\/wp\/v2\/product"}],"about":[{"href":"https:\/\/stoic-curie.212-227-153-4.plesk.page\/de\/wp-json\/wp\/v2\/types\/product"}],"replies":[{"embeddable":true,"href":"https:\/\/stoic-curie.212-227-153-4.plesk.page\/de\/wp-json\/wp\/v2\/comments?post=735835"}],"version-history":[{"count":0,"href":"https:\/\/stoic-curie.212-227-153-4.plesk.page\/de\/wp-json\/wp\/v2\/product\/735835\/revisions"}],"wp:featuredmedia":[{"embeddable":true,"href":"https:\/\/stoic-curie.212-227-153-4.plesk.page\/de\/wp-json\/wp\/v2\/media\/5943849"}],"wp:attachment":[{"href":"https:\/\/stoic-curie.212-227-153-4.plesk.page\/de\/wp-json\/wp\/v2\/media?parent=735835"}],"wp:term":[{"taxonomy":"product_brand","embeddable":true,"href":"https:\/\/stoic-curie.212-227-153-4.plesk.page\/de\/wp-json\/wp\/v2\/product_brand?post=735835"},{"taxonomy":"product_cat","embeddable":true,"href":"https:\/\/stoic-curie.212-227-153-4.plesk.page\/de\/wp-json\/wp\/v2\/product_cat?post=735835"},{"taxonomy":"product_tag","embeddable":true,"href":"https:\/\/stoic-curie.212-227-153-4.plesk.page\/de\/wp-json\/wp\/v2\/product_tag?post=735835"}],"curies":[{"name":"wp","href":"https:\/\/api.w.org\/{rel}","templated":true}]}}