{"id":735838,"date":"2025-03-03T16:29:28","date_gmt":"2025-03-03T15:29:28","guid":{"rendered":"https:\/\/stoic-curie.212-227-153-4.plesk.page\/producto\/umlenkrolle-master-windrider-dreifach-mit-schaekel-und-klemme-75mm-fuer-leinen-bis-12mm\/"},"modified":"2026-02-24T23:35:03","modified_gmt":"2026-02-24T23:35:03","slug":"umlenkrolle-master-windrider-dreifach-mit-schaekel-und-klemme-75mm-fuer-leinen-bis-12mm","status":"publish","type":"product","link":"https:\/\/stoic-curie.212-227-153-4.plesk.page\/de\/product\/umlenkrolle-master-windrider-dreifach-mit-schaekel-und-klemme-75mm-fuer-leinen-bis-12mm\/","title":{"rendered":"Umlenkrolle Master Windrider Dreifach mit Sch\u00e4kel und Klemme 75mm f\u00fcr Leinen bis 12mm"},"content":{"rendered":"<p>Umlenkrolle Master Windrider Dreifach mit Sch\u00e4kel und Klemme 75mm f\u00fcr Leinen bis 12mm &#8211; <\/p>\n<p>Die Master Composite Kugellagerbl\u00f6cke mit niedrigem Reibungswiderstand sind f\u00fcr den Wettbewerbssegeln konzipiert. Die hochfesten Verbundwerkstoff-Seitenplatten bieten optimale Leistung bei Arbeitslasten. Sch\u00f6nes Design und einfache Handhabung.<br \/> Kugellager: selbstschmierende Acetalverbundstoffe<br \/> Scheibendurchmesser 75 mm: selbstschmierende Acetalverbundstoffe<br \/> Wangen: verst\u00e4rkter glasfaserverst\u00e4rkter Nylonverbund UV-stabilisiert<br \/> Drehgelenk: Geschmiedeter Edelstahl der Klasse 316<br \/> WL: Arbeitslast<br \/> BL: Bruchlast<br \/> HINWEIS: Die Arbeits-\/Bruchlast der Bl\u00f6cke mit Riegel basiert auf der Festigkeit des Riegels.<\/p>\n","protected":false},"excerpt":{"rendered":"<p>Umlenkrolle Master Windrider Dreifach mit Sch\u00e4kel und Klemme 75mm f\u00fcr Leinen bis 12mm &#8211; Die Master Composite Kugellagerbl\u00f6cke mit niedrigem<\/p>\n","protected":false},"featured_media":5943852,"comment_status":"open","ping_status":"closed","template":"","meta":[],"product_brand":[3130],"product_cat":[1483],"product_tag":[],"class_list":{"0":"post-735838","1":"product","2":"type-product","3":"status-publish","4":"has-post-thumbnail","6":"product_brand-master-de","7":"product_cat-master-bloecke","9":"first","10":"instock","11":"shipping-taxable","12":"purchasable","13":"product-type-simple"},"_links":{"self":[{"href":"https:\/\/stoic-curie.212-227-153-4.plesk.page\/de\/wp-json\/wp\/v2\/product\/735838","targetHints":{"allow":["GET"]}}],"collection":[{"href":"https:\/\/stoic-curie.212-227-153-4.plesk.page\/de\/wp-json\/wp\/v2\/product"}],"about":[{"href":"https:\/\/stoic-curie.212-227-153-4.plesk.page\/de\/wp-json\/wp\/v2\/types\/product"}],"replies":[{"embeddable":true,"href":"https:\/\/stoic-curie.212-227-153-4.plesk.page\/de\/wp-json\/wp\/v2\/comments?post=735838"}],"version-history":[{"count":0,"href":"https:\/\/stoic-curie.212-227-153-4.plesk.page\/de\/wp-json\/wp\/v2\/product\/735838\/revisions"}],"wp:featuredmedia":[{"embeddable":true,"href":"https:\/\/stoic-curie.212-227-153-4.plesk.page\/de\/wp-json\/wp\/v2\/media\/5943852"}],"wp:attachment":[{"href":"https:\/\/stoic-curie.212-227-153-4.plesk.page\/de\/wp-json\/wp\/v2\/media?parent=735838"}],"wp:term":[{"taxonomy":"product_brand","embeddable":true,"href":"https:\/\/stoic-curie.212-227-153-4.plesk.page\/de\/wp-json\/wp\/v2\/product_brand?post=735838"},{"taxonomy":"product_cat","embeddable":true,"href":"https:\/\/stoic-curie.212-227-153-4.plesk.page\/de\/wp-json\/wp\/v2\/product_cat?post=735838"},{"taxonomy":"product_tag","embeddable":true,"href":"https:\/\/stoic-curie.212-227-153-4.plesk.page\/de\/wp-json\/wp\/v2\/product_tag?post=735838"}],"curies":[{"name":"wp","href":"https:\/\/api.w.org\/{rel}","templated":true}]}}