{"id":735840,"date":"2025-03-03T16:29:28","date_gmt":"2025-03-03T15:29:28","guid":{"rendered":"https:\/\/stoic-curie.212-227-153-4.plesk.page\/producto\/umlenkrolle-master-einzeln-mit-schaekel-und-klemme-50mm-fuer-leinen-bis-10mm\/"},"modified":"2026-02-24T23:35:03","modified_gmt":"2026-02-24T23:35:03","slug":"umlenkrolle-master-einzeln-mit-schaekel-und-klemme-50mm-fuer-leinen-bis-10mm","status":"publish","type":"product","link":"https:\/\/stoic-curie.212-227-153-4.plesk.page\/de\/product\/umlenkrolle-master-einzeln-mit-schaekel-und-klemme-50mm-fuer-leinen-bis-10mm\/","title":{"rendered":"Umlenkrolle Master Einzeln mit Sch\u00e4kel und Klemme 50mm f\u00fcr Leinen bis 10mm"},"content":{"rendered":"<p>Umlenkrolle Master Einzeln mit Sch\u00e4kel und Klemme 50mm f\u00fcr Leinen bis 10mm &#8211; <\/p>\n<p>Master-Gleitlagerbl\u00f6cke, die f\u00fcr Leichtigkeit, Festigkeit und \u00fcberlegene Handhabung entwickelt wurden. Hergestellt aus glasfaserverst\u00e4rktem Nylon, um eine metall\u00e4hnliche Festigkeit zu bieten. Selbstschmierende Scheiben reduzieren die Reibung und erh\u00f6hen die Effizienz. Das Gleitlager aus 316er-Edelstahl sorgt f\u00fcr eine sanfte Rotation, die Seglern einen einfacheren Krafttransfer und weniger Verschlei\u00df an der Schnur erm\u00f6glicht. Gleitlager: 316er-Edelstahl Scheibendurchmesser 50 mm: selbstschmierende Acetalverbundstoffe Backen: verst\u00e4rkter glasfaserverst\u00e4rkter Nylonverbund, UV-stabilisiert Drehwirbel: geschmiedeter Edelstahl der Klasse 316 WL: Arbeitslast BL: Bruchlast HINWEIS: Die Arbeits-\/Bruchlast der Bl\u00f6cke mit Schnappverschluss basiert auf der Festigkeit des Schnappverschlusss.<\/p>\n","protected":false},"excerpt":{"rendered":"<p>Umlenkrolle Master Einzeln mit Sch\u00e4kel und Klemme 50mm f\u00fcr Leinen bis 10mm &#8211; Master-Gleitlagerbl\u00f6cke, die f\u00fcr Leichtigkeit, Festigkeit und \u00fcberlegene<\/p>\n","protected":false},"featured_media":5943865,"comment_status":"open","ping_status":"closed","template":"","meta":[],"product_brand":[3130],"product_cat":[1483],"product_tag":[],"class_list":{"0":"post-735840","1":"product","2":"type-product","3":"status-publish","4":"has-post-thumbnail","6":"product_brand-master-de","7":"product_cat-master-bloecke","9":"first","10":"instock","11":"shipping-taxable","12":"purchasable","13":"product-type-simple"},"_links":{"self":[{"href":"https:\/\/stoic-curie.212-227-153-4.plesk.page\/de\/wp-json\/wp\/v2\/product\/735840","targetHints":{"allow":["GET"]}}],"collection":[{"href":"https:\/\/stoic-curie.212-227-153-4.plesk.page\/de\/wp-json\/wp\/v2\/product"}],"about":[{"href":"https:\/\/stoic-curie.212-227-153-4.plesk.page\/de\/wp-json\/wp\/v2\/types\/product"}],"replies":[{"embeddable":true,"href":"https:\/\/stoic-curie.212-227-153-4.plesk.page\/de\/wp-json\/wp\/v2\/comments?post=735840"}],"version-history":[{"count":0,"href":"https:\/\/stoic-curie.212-227-153-4.plesk.page\/de\/wp-json\/wp\/v2\/product\/735840\/revisions"}],"wp:featuredmedia":[{"embeddable":true,"href":"https:\/\/stoic-curie.212-227-153-4.plesk.page\/de\/wp-json\/wp\/v2\/media\/5943865"}],"wp:attachment":[{"href":"https:\/\/stoic-curie.212-227-153-4.plesk.page\/de\/wp-json\/wp\/v2\/media?parent=735840"}],"wp:term":[{"taxonomy":"product_brand","embeddable":true,"href":"https:\/\/stoic-curie.212-227-153-4.plesk.page\/de\/wp-json\/wp\/v2\/product_brand?post=735840"},{"taxonomy":"product_cat","embeddable":true,"href":"https:\/\/stoic-curie.212-227-153-4.plesk.page\/de\/wp-json\/wp\/v2\/product_cat?post=735840"},{"taxonomy":"product_tag","embeddable":true,"href":"https:\/\/stoic-curie.212-227-153-4.plesk.page\/de\/wp-json\/wp\/v2\/product_tag?post=735840"}],"curies":[{"name":"wp","href":"https:\/\/api.w.org\/{rel}","templated":true}]}}