{"id":735841,"date":"2025-03-03T16:29:29","date_gmt":"2025-03-03T15:29:29","guid":{"rendered":"https:\/\/stoic-curie.212-227-153-4.plesk.page\/producto\/umlenkrolle-master-fiddle-mit-schaekel-und-klemme-50mm-fuer-leinen-bis-10mm\/"},"modified":"2026-02-24T23:35:03","modified_gmt":"2026-02-24T23:35:03","slug":"umlenkrolle-master-fiddle-mit-schaekel-und-klemme-50mm-fuer-leinen-bis-10mm","status":"publish","type":"product","link":"https:\/\/stoic-curie.212-227-153-4.plesk.page\/de\/product\/umlenkrolle-master-fiddle-mit-schaekel-und-klemme-50mm-fuer-leinen-bis-10mm\/","title":{"rendered":"Umlenkrolle Master Fiddle mit Sch\u00e4kel und Klemme 50mm f\u00fcr Leinen bis 10mm"},"content":{"rendered":"<p>Umlenkrolle Master Fiddle mit Sch\u00e4kel und Klemme 50mm f\u00fcr Leinen bis 10mm &#8211; <\/p>\n<p>Meistergleitlagerbl\u00f6cke, die f\u00fcr geringes Gewicht, St\u00e4rke und hervorragende Handhabung entwickelt wurden. Hergestellt aus glasfaserverst\u00e4rktem Nylon, um eine metall\u00e4hnliche St\u00e4rke zu bieten. Selbstschmierende Rollen verringern die Reibung und erh\u00f6hen die Effizienz. Das Gleitlager aus 316 Edelstahl erm\u00f6glicht eine sanfte Rotation, wodurch Seglern eine einfachere Kraft\u00fcbertragung und weniger Abnutzung des Seils erm\u00f6glicht wird. Gleitlager: 316 Edelstahl Rollenlager Durchmesser 50 mm: selbstschmierende Acetal-Verbundstoffe Backen: verst\u00e4rktes glasfaserverst\u00e4rktes Nylon-Verbundmaterial, UV-stabilisiert Drehgelenk: Geschmiedeter Edelstahl der Klasse 316 WL: Nutzlast BL: Bruchlast HINWEIS: Die Arbeits-\/Bruchlast der Bl\u00f6cke mit Klemme basiert auf der St\u00e4rke der Klemme.<\/p>\n","protected":false},"excerpt":{"rendered":"<p>Umlenkrolle Master Fiddle mit Sch\u00e4kel und Klemme 50mm f\u00fcr Leinen bis 10mm &#8211; Meistergleitlagerbl\u00f6cke, die f\u00fcr geringes Gewicht, St\u00e4rke und<\/p>\n","protected":false},"featured_media":5943866,"comment_status":"open","ping_status":"closed","template":"","meta":[],"product_brand":[3130],"product_cat":[1483],"product_tag":[],"class_list":{"0":"post-735841","1":"product","2":"type-product","3":"status-publish","4":"has-post-thumbnail","6":"product_brand-master-de","7":"product_cat-master-bloecke","9":"first","10":"instock","11":"shipping-taxable","12":"purchasable","13":"product-type-simple"},"_links":{"self":[{"href":"https:\/\/stoic-curie.212-227-153-4.plesk.page\/de\/wp-json\/wp\/v2\/product\/735841","targetHints":{"allow":["GET"]}}],"collection":[{"href":"https:\/\/stoic-curie.212-227-153-4.plesk.page\/de\/wp-json\/wp\/v2\/product"}],"about":[{"href":"https:\/\/stoic-curie.212-227-153-4.plesk.page\/de\/wp-json\/wp\/v2\/types\/product"}],"replies":[{"embeddable":true,"href":"https:\/\/stoic-curie.212-227-153-4.plesk.page\/de\/wp-json\/wp\/v2\/comments?post=735841"}],"version-history":[{"count":0,"href":"https:\/\/stoic-curie.212-227-153-4.plesk.page\/de\/wp-json\/wp\/v2\/product\/735841\/revisions"}],"wp:featuredmedia":[{"embeddable":true,"href":"https:\/\/stoic-curie.212-227-153-4.plesk.page\/de\/wp-json\/wp\/v2\/media\/5943866"}],"wp:attachment":[{"href":"https:\/\/stoic-curie.212-227-153-4.plesk.page\/de\/wp-json\/wp\/v2\/media?parent=735841"}],"wp:term":[{"taxonomy":"product_brand","embeddable":true,"href":"https:\/\/stoic-curie.212-227-153-4.plesk.page\/de\/wp-json\/wp\/v2\/product_brand?post=735841"},{"taxonomy":"product_cat","embeddable":true,"href":"https:\/\/stoic-curie.212-227-153-4.plesk.page\/de\/wp-json\/wp\/v2\/product_cat?post=735841"},{"taxonomy":"product_tag","embeddable":true,"href":"https:\/\/stoic-curie.212-227-153-4.plesk.page\/de\/wp-json\/wp\/v2\/product_tag?post=735841"}],"curies":[{"name":"wp","href":"https:\/\/api.w.org\/{rel}","templated":true}]}}