{"id":735842,"date":"2025-03-03T16:29:29","date_gmt":"2025-03-03T15:29:29","guid":{"rendered":"https:\/\/stoic-curie.212-227-153-4.plesk.page\/producto\/umlenkrolle-doppel-master-50mm-fuer-leinen-bis-10mm\/"},"modified":"2026-02-24T23:35:03","modified_gmt":"2026-02-24T23:35:03","slug":"umlenkrolle-doppel-master-50mm-fuer-leinen-bis-10mm","status":"publish","type":"product","link":"https:\/\/stoic-curie.212-227-153-4.plesk.page\/de\/product\/umlenkrolle-doppel-master-50mm-fuer-leinen-bis-10mm\/","title":{"rendered":"Umlenkrolle Doppel Master 50mm f\u00fcr Leinen bis 10mm"},"content":{"rendered":"<p>Umlenkrolle Doppel Master 50mm f\u00fcr Leinen bis 10mm &#8211; <\/p>\n<p>Meister-Kugellagerbl\u00f6cke, die f\u00fcr Leichtigkeit, Festigkeit und \u00fcberlegene Handhabung konstruiert sind. Hergestellt aus glasfaserverst\u00e4rktem Nylon, um metall\u00e4hnliche Festigkeit zu bieten. Selbsschmierende Scheibe reduziert Reibung und erh\u00f6ht die Effizienz. Das Plain Bearing aus 316 Edelstahl sorgt f\u00fcr eine reibungslose Drehung, die den Seglern eine einfachere Kraft\u00fcbertragung und weniger Verschlei\u00df an den Seilen erm\u00f6glicht. Plain Bearing: 316 Edelstahl. Scheibendurchmesser 50 mm: selbstschmierenden Acetal-Verbund. Backen: verst\u00e4rktes glasfaserverst\u00e4rktes Nylon-Verbundmaterial, UV-stabilisiert. Drehbarer Karabiner: Geschmiedeter Edelstahl der G\u00fcteklasse 316. WL: Arbeitslast. BL: Bruchlast. HINWEIS: Die Arbeits-\/Bruchlast der Bl\u00f6cke mit einem Gleitst\u00fcck basiert auf der Festigkeit des Gleitst\u00fccks.<\/p>\n","protected":false},"excerpt":{"rendered":"<p>Umlenkrolle Doppel Master 50mm f\u00fcr Leinen bis 10mm &#8211; Meister-Kugellagerbl\u00f6cke, die f\u00fcr Leichtigkeit, Festigkeit und \u00fcberlegene Handhabung konstruiert sind. Hergestellt<\/p>\n","protected":false},"featured_media":5943867,"comment_status":"open","ping_status":"closed","template":"","meta":[],"product_brand":[3130],"product_cat":[1483],"product_tag":[],"class_list":{"0":"post-735842","1":"product","2":"type-product","3":"status-publish","4":"has-post-thumbnail","6":"product_brand-master-de","7":"product_cat-master-bloecke","9":"first","10":"instock","11":"shipping-taxable","12":"purchasable","13":"product-type-simple"},"_links":{"self":[{"href":"https:\/\/stoic-curie.212-227-153-4.plesk.page\/de\/wp-json\/wp\/v2\/product\/735842","targetHints":{"allow":["GET"]}}],"collection":[{"href":"https:\/\/stoic-curie.212-227-153-4.plesk.page\/de\/wp-json\/wp\/v2\/product"}],"about":[{"href":"https:\/\/stoic-curie.212-227-153-4.plesk.page\/de\/wp-json\/wp\/v2\/types\/product"}],"replies":[{"embeddable":true,"href":"https:\/\/stoic-curie.212-227-153-4.plesk.page\/de\/wp-json\/wp\/v2\/comments?post=735842"}],"version-history":[{"count":0,"href":"https:\/\/stoic-curie.212-227-153-4.plesk.page\/de\/wp-json\/wp\/v2\/product\/735842\/revisions"}],"wp:featuredmedia":[{"embeddable":true,"href":"https:\/\/stoic-curie.212-227-153-4.plesk.page\/de\/wp-json\/wp\/v2\/media\/5943867"}],"wp:attachment":[{"href":"https:\/\/stoic-curie.212-227-153-4.plesk.page\/de\/wp-json\/wp\/v2\/media?parent=735842"}],"wp:term":[{"taxonomy":"product_brand","embeddable":true,"href":"https:\/\/stoic-curie.212-227-153-4.plesk.page\/de\/wp-json\/wp\/v2\/product_brand?post=735842"},{"taxonomy":"product_cat","embeddable":true,"href":"https:\/\/stoic-curie.212-227-153-4.plesk.page\/de\/wp-json\/wp\/v2\/product_cat?post=735842"},{"taxonomy":"product_tag","embeddable":true,"href":"https:\/\/stoic-curie.212-227-153-4.plesk.page\/de\/wp-json\/wp\/v2\/product_tag?post=735842"}],"curies":[{"name":"wp","href":"https:\/\/api.w.org\/{rel}","templated":true}]}}