{"id":735844,"date":"2025-03-03T16:29:29","date_gmt":"2025-03-03T15:29:29","guid":{"rendered":"https:\/\/stoic-curie.212-227-153-4.plesk.page\/producto\/umlenkrolle-master-dreifach-50mm-fuer-leinen-bis-10mm\/"},"modified":"2026-02-24T23:35:03","modified_gmt":"2026-02-24T23:35:03","slug":"umlenkrolle-master-dreifach-50mm-fuer-leinen-bis-10mm","status":"publish","type":"product","link":"https:\/\/stoic-curie.212-227-153-4.plesk.page\/de\/product\/umlenkrolle-master-dreifach-50mm-fuer-leinen-bis-10mm\/","title":{"rendered":"Umlenkrolle Master Dreifach 50mm f\u00fcr Leinen bis 10mm"},"content":{"rendered":"<p>Umlenkrolle Master Dreifach 50mm f\u00fcr Leinen bis 10mm &#8211; <\/p>\n<p>Master-Lagervorrichtungen, die f\u00fcr geringes Gewicht, St\u00e4rke und \u00fcberlegene Handhabung entwickelt wurden. Hergestellt aus glasfaserverst\u00e4rktem Nylon, um eine metall\u00e4hnliche St\u00e4rke zu bieten. Die selbstschmierende Rolle reduziert Reibung und erh\u00f6ht die Effizienz. Das Plain Bearing aus 316 Edelstahl sorgt f\u00fcr eine reibungslose Rotation und erm\u00f6glicht den Seglern eine einfachere Kraft\u00fcbertragung sowie weniger Abnutzung des Seils. Plain Bearing: 316 Edelstahl. Rollen Durchmesser 50 mm: selbstschmierend aus Acetal-Verbundwerkstoff. Backen: verst\u00e4rkter glasfaserverst\u00e4rkter Nylon-Verbundwerkstoff, UV-stabilisiert. Drehgelenk: geschmiedeter Edelstahl der Klasse 316. WL: Arbeitslast. BL: Bruchlast. HINWEIS: Arbeits-\/Bruchlast der Bl\u00f6cke mit Klemmung basiert auf der St\u00e4rke der Klemmung.<\/p>\n","protected":false},"excerpt":{"rendered":"<p>Umlenkrolle Master Dreifach 50mm f\u00fcr Leinen bis 10mm &#8211; Master-Lagervorrichtungen, die f\u00fcr geringes Gewicht, St\u00e4rke und \u00fcberlegene Handhabung entwickelt wurden.<\/p>\n","protected":false},"featured_media":5943861,"comment_status":"open","ping_status":"closed","template":"","meta":[],"product_brand":[3130],"product_cat":[1483],"product_tag":[],"class_list":{"0":"post-735844","1":"product","2":"type-product","3":"status-publish","4":"has-post-thumbnail","6":"product_brand-master-de","7":"product_cat-master-bloecke","9":"first","10":"instock","11":"shipping-taxable","12":"purchasable","13":"product-type-simple"},"_links":{"self":[{"href":"https:\/\/stoic-curie.212-227-153-4.plesk.page\/de\/wp-json\/wp\/v2\/product\/735844","targetHints":{"allow":["GET"]}}],"collection":[{"href":"https:\/\/stoic-curie.212-227-153-4.plesk.page\/de\/wp-json\/wp\/v2\/product"}],"about":[{"href":"https:\/\/stoic-curie.212-227-153-4.plesk.page\/de\/wp-json\/wp\/v2\/types\/product"}],"replies":[{"embeddable":true,"href":"https:\/\/stoic-curie.212-227-153-4.plesk.page\/de\/wp-json\/wp\/v2\/comments?post=735844"}],"version-history":[{"count":0,"href":"https:\/\/stoic-curie.212-227-153-4.plesk.page\/de\/wp-json\/wp\/v2\/product\/735844\/revisions"}],"wp:featuredmedia":[{"embeddable":true,"href":"https:\/\/stoic-curie.212-227-153-4.plesk.page\/de\/wp-json\/wp\/v2\/media\/5943861"}],"wp:attachment":[{"href":"https:\/\/stoic-curie.212-227-153-4.plesk.page\/de\/wp-json\/wp\/v2\/media?parent=735844"}],"wp:term":[{"taxonomy":"product_brand","embeddable":true,"href":"https:\/\/stoic-curie.212-227-153-4.plesk.page\/de\/wp-json\/wp\/v2\/product_brand?post=735844"},{"taxonomy":"product_cat","embeddable":true,"href":"https:\/\/stoic-curie.212-227-153-4.plesk.page\/de\/wp-json\/wp\/v2\/product_cat?post=735844"},{"taxonomy":"product_tag","embeddable":true,"href":"https:\/\/stoic-curie.212-227-153-4.plesk.page\/de\/wp-json\/wp\/v2\/product_tag?post=735844"}],"curies":[{"name":"wp","href":"https:\/\/api.w.org\/{rel}","templated":true}]}}