{"id":735845,"date":"2025-03-03T16:29:30","date_gmt":"2025-03-03T15:29:30","guid":{"rendered":"https:\/\/stoic-curie.212-227-153-4.plesk.page\/producto\/mastblock-dreifach-mit-besan-und-klemm-und-besan-50-mm-fuer-leinen-bis-10-mm\/"},"modified":"2026-02-24T23:35:03","modified_gmt":"2026-02-24T23:35:03","slug":"mastblock-dreifach-mit-besan-und-klemm-und-besan-50-mm-fuer-leinen-bis-10-mm","status":"publish","type":"product","link":"https:\/\/stoic-curie.212-227-153-4.plesk.page\/de\/product\/mastblock-dreifach-mit-besan-und-klemm-und-besan-50-mm-fuer-leinen-bis-10-mm\/","title":{"rendered":"Mastblock Dreifach mit Besan- und Klemm- und Besan 50 mm f\u00fcr Leinen bis 10 mm"},"content":{"rendered":"<p>Mastblock Dreifach mit Besan- und Klemm- und Besan 50 mm f\u00fcr Leinen bis 10 mm &#8211; <\/p>\n<p>Meister-Gleitlagerbl\u00f6cke, die f\u00fcr Leichtigkeit, St\u00e4rke und \u00fcberlegene Handhabung konzipiert sind. Hergestellt aus glasfaserverst\u00e4rktem Nylon, das metall\u00e4hnliche Festigkeit bietet. Die selbstschmierenden Rollen reduzieren die Reibung und erh\u00f6hen die Effizienz. Das Gleitlager aus 316 Edelstahl erm\u00f6glicht eine sanfte Rotation, wodurch Seglern eine einfachere Kraft\u00fcbertragung und weniger Abnutzung des Seils geboten wird.<br \/>Gleitlager: 316 Edelstahl<br \/>Rollen Durchmesser 50 mm: selbstschmierenden Acetalverbundstoff<br \/>Backen: verst\u00e4rkter glasfaserverst\u00e4rkter Nylon-Verbundstoff, UV-stabilisiert<br \/>Drehbarer Karabiner: geschmiedeter Edelstahl der Klasse 316<br \/>WL: Arbeitslast<br \/>BL: Bruchlast<br \/>HINWEIS: Die Arbeits-\/Bruchlast der Bl\u00f6cke mit einer Rolle basiert auf der St\u00e4rke der Rolle.<\/p>\n","protected":false},"excerpt":{"rendered":"<p>Mastblock Dreifach mit Besan- und Klemm- und Besan 50 mm f\u00fcr Leinen bis 10 mm &#8211; Meister-Gleitlagerbl\u00f6cke, die f\u00fcr Leichtigkeit,<\/p>\n","protected":false},"featured_media":5943868,"comment_status":"open","ping_status":"closed","template":"","meta":[],"product_brand":[3130],"product_cat":[1483],"product_tag":[],"class_list":{"0":"post-735845","1":"product","2":"type-product","3":"status-publish","4":"has-post-thumbnail","6":"product_brand-master-de","7":"product_cat-master-bloecke","9":"first","10":"instock","11":"shipping-taxable","12":"purchasable","13":"product-type-simple"},"_links":{"self":[{"href":"https:\/\/stoic-curie.212-227-153-4.plesk.page\/de\/wp-json\/wp\/v2\/product\/735845","targetHints":{"allow":["GET"]}}],"collection":[{"href":"https:\/\/stoic-curie.212-227-153-4.plesk.page\/de\/wp-json\/wp\/v2\/product"}],"about":[{"href":"https:\/\/stoic-curie.212-227-153-4.plesk.page\/de\/wp-json\/wp\/v2\/types\/product"}],"replies":[{"embeddable":true,"href":"https:\/\/stoic-curie.212-227-153-4.plesk.page\/de\/wp-json\/wp\/v2\/comments?post=735845"}],"version-history":[{"count":0,"href":"https:\/\/stoic-curie.212-227-153-4.plesk.page\/de\/wp-json\/wp\/v2\/product\/735845\/revisions"}],"wp:featuredmedia":[{"embeddable":true,"href":"https:\/\/stoic-curie.212-227-153-4.plesk.page\/de\/wp-json\/wp\/v2\/media\/5943868"}],"wp:attachment":[{"href":"https:\/\/stoic-curie.212-227-153-4.plesk.page\/de\/wp-json\/wp\/v2\/media?parent=735845"}],"wp:term":[{"taxonomy":"product_brand","embeddable":true,"href":"https:\/\/stoic-curie.212-227-153-4.plesk.page\/de\/wp-json\/wp\/v2\/product_brand?post=735845"},{"taxonomy":"product_cat","embeddable":true,"href":"https:\/\/stoic-curie.212-227-153-4.plesk.page\/de\/wp-json\/wp\/v2\/product_cat?post=735845"},{"taxonomy":"product_tag","embeddable":true,"href":"https:\/\/stoic-curie.212-227-153-4.plesk.page\/de\/wp-json\/wp\/v2\/product_tag?post=735845"}],"curies":[{"name":"wp","href":"https:\/\/api.w.org\/{rel}","templated":true}]}}