{"id":735846,"date":"2025-03-03T16:29:30","date_gmt":"2025-03-03T15:29:30","guid":{"rendered":"https:\/\/stoic-curie.212-227-153-4.plesk.page\/producto\/umlenkrolle-fiddle-mit-schaekel-master-60mm-fuer-leinen-bis-12mm\/"},"modified":"2026-02-24T23:35:03","modified_gmt":"2026-02-24T23:35:03","slug":"umlenkrolle-fiddle-mit-schaekel-master-60mm-fuer-leinen-bis-12mm","status":"publish","type":"product","link":"https:\/\/stoic-curie.212-227-153-4.plesk.page\/de\/product\/umlenkrolle-fiddle-mit-schaekel-master-60mm-fuer-leinen-bis-12mm\/","title":{"rendered":"Umlenkrolle Fiddle mit Sch\u00e4kel Master 60mm f\u00fcr Leinen bis 12mm"},"content":{"rendered":"<p>Umlenkrolle Fiddle mit Sch\u00e4kel Master 60mm f\u00fcr Leinen bis 12mm &#8211; <\/p>\n<p>Master-Tellerlagerbl\u00f6cke, die f\u00fcr Leichtigkeit, St\u00e4rke und \u00fcberlegene Handhabung entwickelt wurden. Hergestellt aus glasfaserverst\u00e4rktem Nylon, das eine metall\u00e4hnliche Festigkeit bietet. Die selbstschmierende Riemenscheibe reduziert die Reibung und steigert die Effizienz. Das Plain-Bearing aus 316er Edelstahl sorgt f\u00fcr eine sanfte Drehung, die den Seglern eine leichtere Kraft\u00fcbertragung und weniger Abnutzung des Seils erm\u00f6glicht. <br \/>Plain Bearing: Edelstahl 316 <br \/>Riemenscheibendurchmesser 60 mm: selbstschmierend aus Acetal-Verbundwerkstoff <br \/>Backen: verst\u00e4rkter glasfaserverst\u00e4rkter Nylonverbund, UV-stabilisiert <br \/>Schwenkbare Schlaufe: Schmiedestahl der Klasse 316 <br \/>WL: Arbeitslast <br \/>BL: Bruchlast <br \/>HINWEIS: Die Arbeits-\/Bruchlast der Bl\u00f6cke mit Cam basiert auf der St\u00e4rke der Cam.<\/p>\n","protected":false},"excerpt":{"rendered":"<p>Umlenkrolle Fiddle mit Sch\u00e4kel Master 60mm f\u00fcr Leinen bis 12mm &#8211; Master-Tellerlagerbl\u00f6cke, die f\u00fcr Leichtigkeit, St\u00e4rke und \u00fcberlegene Handhabung entwickelt<\/p>\n","protected":false},"featured_media":5943870,"comment_status":"open","ping_status":"closed","template":"","meta":[],"product_brand":[3130],"product_cat":[1483],"product_tag":[],"class_list":{"0":"post-735846","1":"product","2":"type-product","3":"status-publish","4":"has-post-thumbnail","6":"product_brand-master-de","7":"product_cat-master-bloecke","9":"first","10":"instock","11":"shipping-taxable","12":"purchasable","13":"product-type-simple"},"_links":{"self":[{"href":"https:\/\/stoic-curie.212-227-153-4.plesk.page\/de\/wp-json\/wp\/v2\/product\/735846","targetHints":{"allow":["GET"]}}],"collection":[{"href":"https:\/\/stoic-curie.212-227-153-4.plesk.page\/de\/wp-json\/wp\/v2\/product"}],"about":[{"href":"https:\/\/stoic-curie.212-227-153-4.plesk.page\/de\/wp-json\/wp\/v2\/types\/product"}],"replies":[{"embeddable":true,"href":"https:\/\/stoic-curie.212-227-153-4.plesk.page\/de\/wp-json\/wp\/v2\/comments?post=735846"}],"version-history":[{"count":0,"href":"https:\/\/stoic-curie.212-227-153-4.plesk.page\/de\/wp-json\/wp\/v2\/product\/735846\/revisions"}],"wp:featuredmedia":[{"embeddable":true,"href":"https:\/\/stoic-curie.212-227-153-4.plesk.page\/de\/wp-json\/wp\/v2\/media\/5943870"}],"wp:attachment":[{"href":"https:\/\/stoic-curie.212-227-153-4.plesk.page\/de\/wp-json\/wp\/v2\/media?parent=735846"}],"wp:term":[{"taxonomy":"product_brand","embeddable":true,"href":"https:\/\/stoic-curie.212-227-153-4.plesk.page\/de\/wp-json\/wp\/v2\/product_brand?post=735846"},{"taxonomy":"product_cat","embeddable":true,"href":"https:\/\/stoic-curie.212-227-153-4.plesk.page\/de\/wp-json\/wp\/v2\/product_cat?post=735846"},{"taxonomy":"product_tag","embeddable":true,"href":"https:\/\/stoic-curie.212-227-153-4.plesk.page\/de\/wp-json\/wp\/v2\/product_tag?post=735846"}],"curies":[{"name":"wp","href":"https:\/\/api.w.org\/{rel}","templated":true}]}}