{"id":735849,"date":"2025-03-03T16:29:30","date_gmt":"2025-03-03T15:29:30","guid":{"rendered":"https:\/\/stoic-curie.212-227-153-4.plesk.page\/producto\/umlenkrolle-master-doppelt-72mm-fuer-leinen-bis-12mm\/"},"modified":"2026-02-24T23:35:03","modified_gmt":"2026-02-24T23:35:03","slug":"umlenkrolle-master-doppelt-72mm-fuer-leinen-bis-12mm","status":"publish","type":"product","link":"https:\/\/stoic-curie.212-227-153-4.plesk.page\/de\/product\/umlenkrolle-master-doppelt-72mm-fuer-leinen-bis-12mm\/","title":{"rendered":"Umlenkrolle Master Doppelt 72mm f\u00fcr Leinen bis 12mm"},"content":{"rendered":"<p>Umlenkrolle Master Doppelt 72mm f\u00fcr Leinen bis 12mm &#8211; <\/p>\n<p>Meister Plain Bearing Bl\u00f6cke, entwickelt f\u00fcr Leichtigkeit, St\u00e4rke und \u00fcberlegene Handhabung. Hergestellt aus glasfaserverst\u00e4rktem Nylon, um metall\u00e4hnliche Festigkeit zu bieten. Selbstschmierende Riemenscheibe reduziert die Reibung und erh\u00f6ht die Effizienz. Die Plain Bearing aus 316 Edelstahl sorgt f\u00fcr eine sanfte Drehung, um Seglern eine leichtere Kraft\u00fcbertragung zu erm\u00f6glichen und den Verschlei\u00df des Seils zu verringern. Plain Bearing: 316 Edelstahl Riemenscheibendurchmesser 72 mm: selbstschmierende Acetal-Verbundstoffe Wangen: verst\u00e4rkter glasfaserverst\u00e4rkter Nylonverbund, UV-stabilisiert Drehgelenk: geschmiedeter Edelstahl der G\u00fcte 316 WL: Arbeitslast BL: Bruchlast HINWEIS: Die Arbeits-\/Bruchlast der Bl\u00f6cke mit Nocken basiert auf der Festigkeit des Nockens.<\/p>\n","protected":false},"excerpt":{"rendered":"<p>Umlenkrolle Master Doppelt 72mm f\u00fcr Leinen bis 12mm &#8211; Meister Plain Bearing Bl\u00f6cke, entwickelt f\u00fcr Leichtigkeit, St\u00e4rke und \u00fcberlegene Handhabung.<\/p>\n","protected":false},"featured_media":5943874,"comment_status":"open","ping_status":"closed","template":"","meta":[],"product_brand":[3130],"product_cat":[1483],"product_tag":[],"class_list":{"0":"post-735849","1":"product","2":"type-product","3":"status-publish","4":"has-post-thumbnail","6":"product_brand-master-de","7":"product_cat-master-bloecke","9":"first","10":"instock","11":"shipping-taxable","12":"purchasable","13":"product-type-simple"},"_links":{"self":[{"href":"https:\/\/stoic-curie.212-227-153-4.plesk.page\/de\/wp-json\/wp\/v2\/product\/735849","targetHints":{"allow":["GET"]}}],"collection":[{"href":"https:\/\/stoic-curie.212-227-153-4.plesk.page\/de\/wp-json\/wp\/v2\/product"}],"about":[{"href":"https:\/\/stoic-curie.212-227-153-4.plesk.page\/de\/wp-json\/wp\/v2\/types\/product"}],"replies":[{"embeddable":true,"href":"https:\/\/stoic-curie.212-227-153-4.plesk.page\/de\/wp-json\/wp\/v2\/comments?post=735849"}],"version-history":[{"count":0,"href":"https:\/\/stoic-curie.212-227-153-4.plesk.page\/de\/wp-json\/wp\/v2\/product\/735849\/revisions"}],"wp:featuredmedia":[{"embeddable":true,"href":"https:\/\/stoic-curie.212-227-153-4.plesk.page\/de\/wp-json\/wp\/v2\/media\/5943874"}],"wp:attachment":[{"href":"https:\/\/stoic-curie.212-227-153-4.plesk.page\/de\/wp-json\/wp\/v2\/media?parent=735849"}],"wp:term":[{"taxonomy":"product_brand","embeddable":true,"href":"https:\/\/stoic-curie.212-227-153-4.plesk.page\/de\/wp-json\/wp\/v2\/product_brand?post=735849"},{"taxonomy":"product_cat","embeddable":true,"href":"https:\/\/stoic-curie.212-227-153-4.plesk.page\/de\/wp-json\/wp\/v2\/product_cat?post=735849"},{"taxonomy":"product_tag","embeddable":true,"href":"https:\/\/stoic-curie.212-227-153-4.plesk.page\/de\/wp-json\/wp\/v2\/product_tag?post=735849"}],"curies":[{"name":"wp","href":"https:\/\/api.w.org\/{rel}","templated":true}]}}