{"id":735850,"date":"2025-03-03T16:29:31","date_gmt":"2025-03-03T15:29:31","guid":{"rendered":"https:\/\/stoic-curie.212-227-153-4.plesk.page\/producto\/umlenkrolle-master-hercules-einzeln-75mm-fuer-leinen-bis-19mm\/"},"modified":"2026-02-24T23:35:03","modified_gmt":"2026-02-24T23:35:03","slug":"umlenkrolle-master-hercules-einzeln-75mm-fuer-leinen-bis-19mm","status":"publish","type":"product","link":"https:\/\/stoic-curie.212-227-153-4.plesk.page\/de\/product\/umlenkrolle-master-hercules-einzeln-75mm-fuer-leinen-bis-19mm\/","title":{"rendered":"Umlenkrolle Master Hercules Einzeln 75mm f\u00fcr Leinen bis 19mm"},"content":{"rendered":"<p>Umlenkrolle Master Hercules Einzeln 75mm f\u00fcr Leinen bis 19mm &#8211; <\/p>\n<p>Hercules-Bl\u00f6cke sind speziell f\u00fcr Kreuzfahrtschiffe konzipiert, um extrem hohe Lasten zu bew\u00e4ltigen. Die einteilige Maschinenseite sorgt f\u00fcr das perfekte Gleichgewicht zwischen Gewicht und St\u00e4rke. Die Sleeve- und Seitenkugellager erm\u00f6glichen eine reibungslose Rotation bei extrem hohen Lasten. Alle Materialien sind UV-best\u00e4ndig und korrosionsgesch\u00fctzt f\u00fcr maximalen Schutz und eine lange Lebensdauer. Hercules Einzel- und Fiddle-Bl\u00f6cke sind ideal f\u00fcr Vang- und Gro\u00dfschot-Systeme. Fu\u00dfmodelle mit Feststellern k\u00f6nnen auf dem Deck verwendet werden, um Leinen zu f\u00fchren und Schoten zu sichern. Kugellager: Sleeve-Lager aus Edelstahl 316 und zwei Rennbahnen aus Derlin\u00ae-Kugellager. Scheibendurchmesser 57 mm: selbstschmierende Acetal-Verbundstoffe. Backen: schwarz hartanodisiertes Aluminium. Drehgelenk: geschmiedeter Edelstahl der G\u00fcte 316. WL: Arbeitslast. BL: Bruchlast.<\/p>\n","protected":false},"excerpt":{"rendered":"<p>Umlenkrolle Master Hercules Einzeln 75mm f\u00fcr Leinen bis 19mm &#8211; Hercules-Bl\u00f6cke sind speziell f\u00fcr Kreuzfahrtschiffe konzipiert, um extrem hohe Lasten<\/p>\n","protected":false},"featured_media":5943875,"comment_status":"open","ping_status":"closed","template":"","meta":[],"product_brand":[3130],"product_cat":[1483],"product_tag":[],"class_list":{"0":"post-735850","1":"product","2":"type-product","3":"status-publish","4":"has-post-thumbnail","6":"product_brand-master-de","7":"product_cat-master-bloecke","9":"first","10":"instock","11":"shipping-taxable","12":"purchasable","13":"product-type-simple"},"_links":{"self":[{"href":"https:\/\/stoic-curie.212-227-153-4.plesk.page\/de\/wp-json\/wp\/v2\/product\/735850","targetHints":{"allow":["GET"]}}],"collection":[{"href":"https:\/\/stoic-curie.212-227-153-4.plesk.page\/de\/wp-json\/wp\/v2\/product"}],"about":[{"href":"https:\/\/stoic-curie.212-227-153-4.plesk.page\/de\/wp-json\/wp\/v2\/types\/product"}],"replies":[{"embeddable":true,"href":"https:\/\/stoic-curie.212-227-153-4.plesk.page\/de\/wp-json\/wp\/v2\/comments?post=735850"}],"version-history":[{"count":0,"href":"https:\/\/stoic-curie.212-227-153-4.plesk.page\/de\/wp-json\/wp\/v2\/product\/735850\/revisions"}],"wp:featuredmedia":[{"embeddable":true,"href":"https:\/\/stoic-curie.212-227-153-4.plesk.page\/de\/wp-json\/wp\/v2\/media\/5943875"}],"wp:attachment":[{"href":"https:\/\/stoic-curie.212-227-153-4.plesk.page\/de\/wp-json\/wp\/v2\/media?parent=735850"}],"wp:term":[{"taxonomy":"product_brand","embeddable":true,"href":"https:\/\/stoic-curie.212-227-153-4.plesk.page\/de\/wp-json\/wp\/v2\/product_brand?post=735850"},{"taxonomy":"product_cat","embeddable":true,"href":"https:\/\/stoic-curie.212-227-153-4.plesk.page\/de\/wp-json\/wp\/v2\/product_cat?post=735850"},{"taxonomy":"product_tag","embeddable":true,"href":"https:\/\/stoic-curie.212-227-153-4.plesk.page\/de\/wp-json\/wp\/v2\/product_tag?post=735850"}],"curies":[{"name":"wp","href":"https:\/\/api.w.org\/{rel}","templated":true}]}}