{"id":735851,"date":"2025-03-03T16:29:31","date_gmt":"2025-03-03T15:29:31","guid":{"rendered":"https:\/\/stoic-curie.212-227-153-4.plesk.page\/producto\/umlenkrolle-master-doppelt-mit-schaekel-72mm-fuer-leinen-bis-12mm\/"},"modified":"2026-02-24T23:35:03","modified_gmt":"2026-02-24T23:35:03","slug":"umlenkrolle-master-doppelt-mit-schaekel-72mm-fuer-leinen-bis-12mm","status":"publish","type":"product","link":"https:\/\/stoic-curie.212-227-153-4.plesk.page\/de\/product\/umlenkrolle-master-doppelt-mit-schaekel-72mm-fuer-leinen-bis-12mm\/","title":{"rendered":"Umlenkrolle Master Doppelt mit Sch\u00e4kel 72mm f\u00fcr Leinen bis 12mm"},"content":{"rendered":"<p>Umlenkrolle Master Doppelt mit Sch\u00e4kel 72mm f\u00fcr Leinen bis 12mm &#8211; <\/p>\n<p>Master Plain-Bearing-Bl\u00f6cke, die f\u00fcr geringes Gewicht, St\u00e4rke und hervorragende Handhabung entwickelt wurden. Hergestellt aus glasfaserverst\u00e4rktem Nylon, um eine metall\u00e4hnliche Festigkeit zu bieten. Der selbstschmierende Block reduziert Reibung und erh\u00f6ht die Effizienz. Das Plain-Bearing aus 316 Edelstahl sorgt f\u00fcr eine gleichm\u00e4\u00dfige Rotation, die den Seglern einen leichteren Krafttransfer und weniger Verschlei\u00df an den Seilen erm\u00f6glicht.<br \/>Plain Bearing: 316 Edelstahl<br \/>Blockdurchmesser 72 mm: selbstschmierende Acetal-Verbundstoffe<br \/>Wangen: verst\u00e4rktes glasfaserverst\u00e4rktes Nylon-Verbundmaterial, UV-stabilisiert<br \/>Drehgelenk: Geschmiedeter Edelstahl der Klasse 316<br \/>WL: Arbeitslast<br \/>BL: Bruchlast<br \/>HINWEIS: Arbeits-\/Bruchlast der Bl\u00f6cke mit Klemme basiert auf der St\u00e4rke der Klemme.<\/p>\n","protected":false},"excerpt":{"rendered":"<p>Umlenkrolle Master Doppelt mit Sch\u00e4kel 72mm f\u00fcr Leinen bis 12mm &#8211; Master Plain-Bearing-Bl\u00f6cke, die f\u00fcr geringes Gewicht, St\u00e4rke und hervorragende<\/p>\n","protected":false},"featured_media":5943858,"comment_status":"open","ping_status":"closed","template":"","meta":[],"product_brand":[3130],"product_cat":[1483],"product_tag":[],"class_list":{"0":"post-735851","1":"product","2":"type-product","3":"status-publish","4":"has-post-thumbnail","6":"product_brand-master-de","7":"product_cat-master-bloecke","9":"first","10":"instock","11":"shipping-taxable","12":"purchasable","13":"product-type-simple"},"_links":{"self":[{"href":"https:\/\/stoic-curie.212-227-153-4.plesk.page\/de\/wp-json\/wp\/v2\/product\/735851","targetHints":{"allow":["GET"]}}],"collection":[{"href":"https:\/\/stoic-curie.212-227-153-4.plesk.page\/de\/wp-json\/wp\/v2\/product"}],"about":[{"href":"https:\/\/stoic-curie.212-227-153-4.plesk.page\/de\/wp-json\/wp\/v2\/types\/product"}],"replies":[{"embeddable":true,"href":"https:\/\/stoic-curie.212-227-153-4.plesk.page\/de\/wp-json\/wp\/v2\/comments?post=735851"}],"version-history":[{"count":0,"href":"https:\/\/stoic-curie.212-227-153-4.plesk.page\/de\/wp-json\/wp\/v2\/product\/735851\/revisions"}],"wp:featuredmedia":[{"embeddable":true,"href":"https:\/\/stoic-curie.212-227-153-4.plesk.page\/de\/wp-json\/wp\/v2\/media\/5943858"}],"wp:attachment":[{"href":"https:\/\/stoic-curie.212-227-153-4.plesk.page\/de\/wp-json\/wp\/v2\/media?parent=735851"}],"wp:term":[{"taxonomy":"product_brand","embeddable":true,"href":"https:\/\/stoic-curie.212-227-153-4.plesk.page\/de\/wp-json\/wp\/v2\/product_brand?post=735851"},{"taxonomy":"product_cat","embeddable":true,"href":"https:\/\/stoic-curie.212-227-153-4.plesk.page\/de\/wp-json\/wp\/v2\/product_cat?post=735851"},{"taxonomy":"product_tag","embeddable":true,"href":"https:\/\/stoic-curie.212-227-153-4.plesk.page\/de\/wp-json\/wp\/v2\/product_tag?post=735851"}],"curies":[{"name":"wp","href":"https:\/\/api.w.org\/{rel}","templated":true}]}}