{"id":735852,"date":"2025-03-03T16:29:31","date_gmt":"2025-03-03T15:29:31","guid":{"rendered":"https:\/\/stoic-curie.212-227-153-4.plesk.page\/producto\/fiddle-rollenblock-master-72mm-fuer-leinen-bis-zu-12mm\/"},"modified":"2026-02-24T23:35:03","modified_gmt":"2026-02-24T23:35:03","slug":"fiddle-rollenblock-master-72mm-fuer-leinen-bis-zu-12mm","status":"publish","type":"product","link":"https:\/\/stoic-curie.212-227-153-4.plesk.page\/de\/product\/fiddle-rollenblock-master-72mm-fuer-leinen-bis-zu-12mm\/","title":{"rendered":"Fiddle Rollenblock Master 72mm f\u00fcr Leinen bis zu 12mm"},"content":{"rendered":"<p>Fiddle Rollenblock Master 72mm f\u00fcr Leinen bis zu 12mm &#8211; <\/p>\n<p>Master Plain Bearing Blocks, die f\u00fcr Leichtigkeit, St\u00e4rke und \u00fcberlegene Handhabung konstruiert sind. Hergestellt aus glasfaserverst\u00e4rktem Nylon, um metall\u00e4hnliche Festigkeit zu bieten. Selbstschmierende Rollen verringern die Reibung und erh\u00f6hen die Effizienz. Das Plain Bearing aus 316 Edelstahl sorgt f\u00fcr eine sanfte Rotation und erm\u00f6glicht Seglern eine einfachere Kraft\u00fcbertragung und weniger Abnutzung des Seils. Plain Bearing: 316 Edelstahl. Rollen-Durchmesser 72 mm: selbstschmierende Acetal-Verbundstoffe. Backen: verst\u00e4rkter glasfaserverst\u00e4rkter Nylonverbundstoff, UV-stabilisiert. Drehgabel: Geschmiedeter Edelstahl der Klasse 316. WL: Arbeitslast. BL: Bruchlast. HINWEIS: Die Arbeits-\/Bruchlast von Bl\u00f6cken mit Kamme basiert auf der Festigkeit der Kamm.<\/p>\n","protected":false},"excerpt":{"rendered":"<p>Fiddle Rollenblock Master 72mm f\u00fcr Leinen bis zu 12mm &#8211; Master Plain Bearing Blocks, die f\u00fcr Leichtigkeit, St\u00e4rke und \u00fcberlegene<\/p>\n","protected":false},"featured_media":5943876,"comment_status":"open","ping_status":"closed","template":"","meta":[],"product_brand":[3130],"product_cat":[1483],"product_tag":[],"class_list":{"0":"post-735852","1":"product","2":"type-product","3":"status-publish","4":"has-post-thumbnail","6":"product_brand-master-de","7":"product_cat-master-bloecke","9":"first","10":"instock","11":"shipping-taxable","12":"purchasable","13":"product-type-simple"},"_links":{"self":[{"href":"https:\/\/stoic-curie.212-227-153-4.plesk.page\/de\/wp-json\/wp\/v2\/product\/735852","targetHints":{"allow":["GET"]}}],"collection":[{"href":"https:\/\/stoic-curie.212-227-153-4.plesk.page\/de\/wp-json\/wp\/v2\/product"}],"about":[{"href":"https:\/\/stoic-curie.212-227-153-4.plesk.page\/de\/wp-json\/wp\/v2\/types\/product"}],"replies":[{"embeddable":true,"href":"https:\/\/stoic-curie.212-227-153-4.plesk.page\/de\/wp-json\/wp\/v2\/comments?post=735852"}],"version-history":[{"count":0,"href":"https:\/\/stoic-curie.212-227-153-4.plesk.page\/de\/wp-json\/wp\/v2\/product\/735852\/revisions"}],"wp:featuredmedia":[{"embeddable":true,"href":"https:\/\/stoic-curie.212-227-153-4.plesk.page\/de\/wp-json\/wp\/v2\/media\/5943876"}],"wp:attachment":[{"href":"https:\/\/stoic-curie.212-227-153-4.plesk.page\/de\/wp-json\/wp\/v2\/media?parent=735852"}],"wp:term":[{"taxonomy":"product_brand","embeddable":true,"href":"https:\/\/stoic-curie.212-227-153-4.plesk.page\/de\/wp-json\/wp\/v2\/product_brand?post=735852"},{"taxonomy":"product_cat","embeddable":true,"href":"https:\/\/stoic-curie.212-227-153-4.plesk.page\/de\/wp-json\/wp\/v2\/product_cat?post=735852"},{"taxonomy":"product_tag","embeddable":true,"href":"https:\/\/stoic-curie.212-227-153-4.plesk.page\/de\/wp-json\/wp\/v2\/product_tag?post=735852"}],"curies":[{"name":"wp","href":"https:\/\/api.w.org\/{rel}","templated":true}]}}