{"id":735853,"date":"2025-03-03T16:29:31","date_gmt":"2025-03-03T15:29:31","guid":{"rendered":"https:\/\/stoic-curie.212-227-153-4.plesk.page\/producto\/umlenkrolle-master-fiddle-mit-schaekel-72mm-fuer-leinen-bis-12mm\/"},"modified":"2026-02-24T23:35:03","modified_gmt":"2026-02-24T23:35:03","slug":"umlenkrolle-master-fiddle-mit-schaekel-72mm-fuer-leinen-bis-12mm","status":"publish","type":"product","link":"https:\/\/stoic-curie.212-227-153-4.plesk.page\/de\/product\/umlenkrolle-master-fiddle-mit-schaekel-72mm-fuer-leinen-bis-12mm\/","title":{"rendered":"Umlenkrolle Master Fiddle mit Sch\u00e4kel 72mm f\u00fcr Leinen bis 12mm"},"content":{"rendered":"<p>Umlenkrolle Master Fiddle mit Sch\u00e4kel 72mm f\u00fcr Leinen bis 12mm &#8211; <\/p>\n<p>Master-Gleitlagerbl\u00f6cke, die f\u00fcr geringes Gewicht, St\u00e4rke und hervorragende Handhabung konzipiert sind. Hergestellt aus glasfaserverst\u00e4rktem Nylon, um metall\u00e4hnliche St\u00e4rke zu bieten.<br \/> Der selbstschmierende Block reduziert Reibung und erh\u00f6ht die Effizienz.<br \/> Der Gleitlager aus Edelstahl 316 sorgt f\u00fcr eine sanfte Rotation, die Seglern einen einfacheren Kraft\u00fcbergang und weniger Abnutzung des Seils erm\u00f6glicht.<br \/> Gleitlager: Edelstahl 316<br \/> Blockdurchmesser 72 mm: selbstschmierendes Acetal-Verbundmaterial<br \/> Backen: verst\u00e4rktes glasfaserverst\u00e4rktes Nylonverbundmaterial, UV-stabilisiert<br \/> Drehwirbel: geschmiedeter Edelstahl 316 der Klasse<br \/> WL: Arbeitslast<br \/> BL: Bruchlast<br \/> HINWEIS: Die Arbeits-\/Bruchlast der Bl\u00f6cke mit Klemmen basiert auf der St\u00e4rke der Klemme.<\/p>\n","protected":false},"excerpt":{"rendered":"<p>Umlenkrolle Master Fiddle mit Sch\u00e4kel 72mm f\u00fcr Leinen bis 12mm &#8211; Master-Gleitlagerbl\u00f6cke, die f\u00fcr geringes Gewicht, St\u00e4rke und hervorragende Handhabung<\/p>\n","protected":false},"featured_media":5943877,"comment_status":"open","ping_status":"closed","template":"","meta":[],"product_brand":[3130],"product_cat":[1483],"product_tag":[],"class_list":{"0":"post-735853","1":"product","2":"type-product","3":"status-publish","4":"has-post-thumbnail","6":"product_brand-master-de","7":"product_cat-master-bloecke","9":"first","10":"instock","11":"shipping-taxable","12":"purchasable","13":"product-type-simple"},"_links":{"self":[{"href":"https:\/\/stoic-curie.212-227-153-4.plesk.page\/de\/wp-json\/wp\/v2\/product\/735853","targetHints":{"allow":["GET"]}}],"collection":[{"href":"https:\/\/stoic-curie.212-227-153-4.plesk.page\/de\/wp-json\/wp\/v2\/product"}],"about":[{"href":"https:\/\/stoic-curie.212-227-153-4.plesk.page\/de\/wp-json\/wp\/v2\/types\/product"}],"replies":[{"embeddable":true,"href":"https:\/\/stoic-curie.212-227-153-4.plesk.page\/de\/wp-json\/wp\/v2\/comments?post=735853"}],"version-history":[{"count":0,"href":"https:\/\/stoic-curie.212-227-153-4.plesk.page\/de\/wp-json\/wp\/v2\/product\/735853\/revisions"}],"wp:featuredmedia":[{"embeddable":true,"href":"https:\/\/stoic-curie.212-227-153-4.plesk.page\/de\/wp-json\/wp\/v2\/media\/5943877"}],"wp:attachment":[{"href":"https:\/\/stoic-curie.212-227-153-4.plesk.page\/de\/wp-json\/wp\/v2\/media?parent=735853"}],"wp:term":[{"taxonomy":"product_brand","embeddable":true,"href":"https:\/\/stoic-curie.212-227-153-4.plesk.page\/de\/wp-json\/wp\/v2\/product_brand?post=735853"},{"taxonomy":"product_cat","embeddable":true,"href":"https:\/\/stoic-curie.212-227-153-4.plesk.page\/de\/wp-json\/wp\/v2\/product_cat?post=735853"},{"taxonomy":"product_tag","embeddable":true,"href":"https:\/\/stoic-curie.212-227-153-4.plesk.page\/de\/wp-json\/wp\/v2\/product_tag?post=735853"}],"curies":[{"name":"wp","href":"https:\/\/api.w.org\/{rel}","templated":true}]}}