{"id":735854,"date":"2025-03-03T16:29:31","date_gmt":"2025-03-03T15:29:31","guid":{"rendered":"https:\/\/stoic-curie.212-227-153-4.plesk.page\/producto\/umlenkrolle-master-einzeln-90mm-fuer-leinen-bis-14mm\/"},"modified":"2026-02-24T23:35:03","modified_gmt":"2026-02-24T23:35:03","slug":"umlenkrolle-master-einzeln-90mm-fuer-leinen-bis-14mm","status":"publish","type":"product","link":"https:\/\/stoic-curie.212-227-153-4.plesk.page\/de\/product\/umlenkrolle-master-einzeln-90mm-fuer-leinen-bis-14mm\/","title":{"rendered":"Umlenkrolle Master Einzeln 90mm f\u00fcr Leinen bis 14mm"},"content":{"rendered":"<p>Umlenkrolle Master Einzeln 90mm f\u00fcr Leinen bis 14mm &#8211; <\/p>\n<p>Meisterflachlagerbl\u00f6cke, die f\u00fcr Leichtigkeit, St\u00e4rke und \u00fcberlegene Handhabung entwickelt wurden. Hergestellt aus glasfaserverst\u00e4rktem Nylon, um eine metall\u00e4hnliche Festigkeit zu bieten.<br \/>Der selbstschmierende Block reduziert die Reibung und steigert die Effizienz.<br \/>Das Flachlager aus 316 Edelstahl sorgt f\u00fcr eine reibungslose Drehung, was den Seglern einen leichteren Krafttransfer und weniger Abnutzung des Seils erm\u00f6glicht.<br \/>Flachlager: 316 Edelstahl<br \/>Sheavedurchmesser 90 mm: selbstschmierende Acetal-Composite<br \/>Backen: verst\u00e4rktes glasfaserverst\u00e4rktes Nylon-Composite, UV-stabilisiert<br \/>Drehgelenk: geschmiedeter Edelstahl der Klasse 316<br \/>WL: Arbeitslast<br \/>BL: Bruchlast<br \/>HINWEIS: Die Arbeits-\/Bruchlast von Bl\u00f6cken mit Klemme basiert auf der Festigkeit der Klemme.<\/p>\n","protected":false},"excerpt":{"rendered":"<p>Umlenkrolle Master Einzeln 90mm f\u00fcr Leinen bis 14mm &#8211; Meisterflachlagerbl\u00f6cke, die f\u00fcr Leichtigkeit, St\u00e4rke und \u00fcberlegene Handhabung entwickelt wurden. Hergestellt<\/p>\n","protected":false},"featured_media":5943878,"comment_status":"open","ping_status":"closed","template":"","meta":[],"product_brand":[3130],"product_cat":[1483],"product_tag":[],"class_list":{"0":"post-735854","1":"product","2":"type-product","3":"status-publish","4":"has-post-thumbnail","6":"product_brand-master-de","7":"product_cat-master-bloecke","9":"first","10":"instock","11":"shipping-taxable","12":"purchasable","13":"product-type-simple"},"_links":{"self":[{"href":"https:\/\/stoic-curie.212-227-153-4.plesk.page\/de\/wp-json\/wp\/v2\/product\/735854","targetHints":{"allow":["GET"]}}],"collection":[{"href":"https:\/\/stoic-curie.212-227-153-4.plesk.page\/de\/wp-json\/wp\/v2\/product"}],"about":[{"href":"https:\/\/stoic-curie.212-227-153-4.plesk.page\/de\/wp-json\/wp\/v2\/types\/product"}],"replies":[{"embeddable":true,"href":"https:\/\/stoic-curie.212-227-153-4.plesk.page\/de\/wp-json\/wp\/v2\/comments?post=735854"}],"version-history":[{"count":0,"href":"https:\/\/stoic-curie.212-227-153-4.plesk.page\/de\/wp-json\/wp\/v2\/product\/735854\/revisions"}],"wp:featuredmedia":[{"embeddable":true,"href":"https:\/\/stoic-curie.212-227-153-4.plesk.page\/de\/wp-json\/wp\/v2\/media\/5943878"}],"wp:attachment":[{"href":"https:\/\/stoic-curie.212-227-153-4.plesk.page\/de\/wp-json\/wp\/v2\/media?parent=735854"}],"wp:term":[{"taxonomy":"product_brand","embeddable":true,"href":"https:\/\/stoic-curie.212-227-153-4.plesk.page\/de\/wp-json\/wp\/v2\/product_brand?post=735854"},{"taxonomy":"product_cat","embeddable":true,"href":"https:\/\/stoic-curie.212-227-153-4.plesk.page\/de\/wp-json\/wp\/v2\/product_cat?post=735854"},{"taxonomy":"product_tag","embeddable":true,"href":"https:\/\/stoic-curie.212-227-153-4.plesk.page\/de\/wp-json\/wp\/v2\/product_tag?post=735854"}],"curies":[{"name":"wp","href":"https:\/\/api.w.org\/{rel}","templated":true}]}}