{"id":735855,"date":"2025-03-03T16:29:32","date_gmt":"2025-03-03T15:29:32","guid":{"rendered":"https:\/\/stoic-curie.212-227-153-4.plesk.page\/producto\/umlenkrolle-master-einzeln-mit-schaekel-90mm-fuer-leinen-bis-14mm\/"},"modified":"2026-02-24T23:35:03","modified_gmt":"2026-02-24T23:35:03","slug":"umlenkrolle-master-einzeln-mit-schaekel-90mm-fuer-leinen-bis-14mm","status":"publish","type":"product","link":"https:\/\/stoic-curie.212-227-153-4.plesk.page\/de\/product\/umlenkrolle-master-einzeln-mit-schaekel-90mm-fuer-leinen-bis-14mm\/","title":{"rendered":"Umlenkrolle Master Einzeln mit Sch\u00e4kel 90mm f\u00fcr Leinen bis 14mm"},"content":{"rendered":"<p>Umlenkrolle Master Einzeln mit Sch\u00e4kel 90mm f\u00fcr Leinen bis 14mm &#8211; <\/p>\n<p>Master-Trommellager, die f\u00fcr Leichtigkeit, St\u00e4rke und \u00fcberlegene Handhabung entwickelt wurden. Hergestellt aus glasfaserverst\u00e4rktem Nylon, um metall\u00e4hnliche Festigkeit zu bieten. Selbstschmierende Scheibe reduziert die Reibung und erh\u00f6ht die Effizienz. Das Plain-Bearing aus 316 Edelstahl sorgt f\u00fcr eine reibungslose Drehung und erm\u00f6glicht Seglern eine einfachere Kraft\u00fcbertragung mit weniger Abnutzung des Seils. Plain-Bearing: 316 Edelstahl Scheibendurchmesser 90 mm: selbstschmierende Acetalverbundstoff Backen: verst\u00e4rkter glasfaserverst\u00e4rkter Nylonverbund, UV-stabilisiert Drehzapfen: geschmiedeter Edelstahl der Klasse 316 WL: Arbeitslast BL: Bruchlast HINWEIS: Die Arbeits-\/Bruchlast der Bl\u00f6cke mit Klemme basiert auf der St\u00e4rke der Klemme.<\/p>\n","protected":false},"excerpt":{"rendered":"<p>Umlenkrolle Master Einzeln mit Sch\u00e4kel 90mm f\u00fcr Leinen bis 14mm &#8211; Master-Trommellager, die f\u00fcr Leichtigkeit, St\u00e4rke und \u00fcberlegene Handhabung entwickelt<\/p>\n","protected":false},"featured_media":5943879,"comment_status":"open","ping_status":"closed","template":"","meta":[],"product_brand":[3130],"product_cat":[1483],"product_tag":[],"class_list":{"0":"post-735855","1":"product","2":"type-product","3":"status-publish","4":"has-post-thumbnail","6":"product_brand-master-de","7":"product_cat-master-bloecke","9":"first","10":"instock","11":"shipping-taxable","12":"purchasable","13":"product-type-simple"},"_links":{"self":[{"href":"https:\/\/stoic-curie.212-227-153-4.plesk.page\/de\/wp-json\/wp\/v2\/product\/735855","targetHints":{"allow":["GET"]}}],"collection":[{"href":"https:\/\/stoic-curie.212-227-153-4.plesk.page\/de\/wp-json\/wp\/v2\/product"}],"about":[{"href":"https:\/\/stoic-curie.212-227-153-4.plesk.page\/de\/wp-json\/wp\/v2\/types\/product"}],"replies":[{"embeddable":true,"href":"https:\/\/stoic-curie.212-227-153-4.plesk.page\/de\/wp-json\/wp\/v2\/comments?post=735855"}],"version-history":[{"count":0,"href":"https:\/\/stoic-curie.212-227-153-4.plesk.page\/de\/wp-json\/wp\/v2\/product\/735855\/revisions"}],"wp:featuredmedia":[{"embeddable":true,"href":"https:\/\/stoic-curie.212-227-153-4.plesk.page\/de\/wp-json\/wp\/v2\/media\/5943879"}],"wp:attachment":[{"href":"https:\/\/stoic-curie.212-227-153-4.plesk.page\/de\/wp-json\/wp\/v2\/media?parent=735855"}],"wp:term":[{"taxonomy":"product_brand","embeddable":true,"href":"https:\/\/stoic-curie.212-227-153-4.plesk.page\/de\/wp-json\/wp\/v2\/product_brand?post=735855"},{"taxonomy":"product_cat","embeddable":true,"href":"https:\/\/stoic-curie.212-227-153-4.plesk.page\/de\/wp-json\/wp\/v2\/product_cat?post=735855"},{"taxonomy":"product_tag","embeddable":true,"href":"https:\/\/stoic-curie.212-227-153-4.plesk.page\/de\/wp-json\/wp\/v2\/product_tag?post=735855"}],"curies":[{"name":"wp","href":"https:\/\/api.w.org\/{rel}","templated":true}]}}