{"id":735856,"date":"2025-03-03T16:29:32","date_gmt":"2025-03-03T15:29:32","guid":{"rendered":"https:\/\/stoic-curie.212-227-153-4.plesk.page\/producto\/fiddle-rollenblock-master-90mm-fuer-14mm-leinen\/"},"modified":"2026-02-24T23:35:03","modified_gmt":"2026-02-24T23:35:03","slug":"fiddle-rollenblock-master-90mm-fuer-14mm-leinen","status":"publish","type":"product","link":"https:\/\/stoic-curie.212-227-153-4.plesk.page\/de\/product\/fiddle-rollenblock-master-90mm-fuer-14mm-leinen\/","title":{"rendered":"Fiddle Rollenblock Master 90mm f\u00fcr 14mm Leinen"},"content":{"rendered":"<p>Fiddle Rollenblock Master 90mm f\u00fcr 14mm Leinen &#8211; <\/p>\n<p>Meister Gleitlagerbl\u00f6cke, die f\u00fcr geringes Gewicht, St\u00e4rke und \u00fcberlegene Handhabung entwickelt wurden. Hergestellt aus glasfaserverst\u00e4rktem Nylon, um metall\u00e4hnliche Festigkeit zu bieten. Selbstschmierende Scheibe reduziert die Reibung und erh\u00f6ht die Effizienz. Das Plain-Bearing aus 316 Edelstahl erm\u00f6glicht eine sanfte Drehung, damit Segler die Energie\u00fcbertragung erleichtern und den Tauverschlei\u00df minimieren k\u00f6nnen. Plain Bearing: 316 Edelstahl Scheibendurchmesser 90 mm: selbstschmierende Acetalverbundstoffe Backen: verst\u00e4rkter glasfaserverst\u00e4rkter Nylonverbundstoff, UV-stabilisiert Drehhaken: Geschmiedeter Grade 316 Edelstahl WL: Arbeitslast BL: Bruchlast HINWEIS: Die Arbeits-\/Bruchlast von Bl\u00f6cken mit Hebel basiert auf der St\u00e4rke des Hebels.<\/p>\n","protected":false},"excerpt":{"rendered":"<p>Fiddle Rollenblock Master 90mm f\u00fcr 14mm Leinen &#8211; Meister Gleitlagerbl\u00f6cke, die f\u00fcr geringes Gewicht, St\u00e4rke und \u00fcberlegene Handhabung entwickelt wurden.<\/p>\n","protected":false},"featured_media":5943880,"comment_status":"open","ping_status":"closed","template":"","meta":[],"product_brand":[3130],"product_cat":[1483],"product_tag":[],"class_list":{"0":"post-735856","1":"product","2":"type-product","3":"status-publish","4":"has-post-thumbnail","6":"product_brand-master-de","7":"product_cat-master-bloecke","9":"first","10":"instock","11":"shipping-taxable","12":"purchasable","13":"product-type-simple"},"_links":{"self":[{"href":"https:\/\/stoic-curie.212-227-153-4.plesk.page\/de\/wp-json\/wp\/v2\/product\/735856","targetHints":{"allow":["GET"]}}],"collection":[{"href":"https:\/\/stoic-curie.212-227-153-4.plesk.page\/de\/wp-json\/wp\/v2\/product"}],"about":[{"href":"https:\/\/stoic-curie.212-227-153-4.plesk.page\/de\/wp-json\/wp\/v2\/types\/product"}],"replies":[{"embeddable":true,"href":"https:\/\/stoic-curie.212-227-153-4.plesk.page\/de\/wp-json\/wp\/v2\/comments?post=735856"}],"version-history":[{"count":0,"href":"https:\/\/stoic-curie.212-227-153-4.plesk.page\/de\/wp-json\/wp\/v2\/product\/735856\/revisions"}],"wp:featuredmedia":[{"embeddable":true,"href":"https:\/\/stoic-curie.212-227-153-4.plesk.page\/de\/wp-json\/wp\/v2\/media\/5943880"}],"wp:attachment":[{"href":"https:\/\/stoic-curie.212-227-153-4.plesk.page\/de\/wp-json\/wp\/v2\/media?parent=735856"}],"wp:term":[{"taxonomy":"product_brand","embeddable":true,"href":"https:\/\/stoic-curie.212-227-153-4.plesk.page\/de\/wp-json\/wp\/v2\/product_brand?post=735856"},{"taxonomy":"product_cat","embeddable":true,"href":"https:\/\/stoic-curie.212-227-153-4.plesk.page\/de\/wp-json\/wp\/v2\/product_cat?post=735856"},{"taxonomy":"product_tag","embeddable":true,"href":"https:\/\/stoic-curie.212-227-153-4.plesk.page\/de\/wp-json\/wp\/v2\/product_tag?post=735856"}],"curies":[{"name":"wp","href":"https:\/\/api.w.org\/{rel}","templated":true}]}}