{"id":735857,"date":"2025-03-03T16:29:32","date_gmt":"2025-03-03T15:29:32","guid":{"rendered":"https:\/\/stoic-curie.212-227-153-4.plesk.page\/producto\/mast-fiddle-block-mit-besan-90-mm-fuer-14-mm-leinen\/"},"modified":"2026-02-24T23:35:03","modified_gmt":"2026-02-24T23:35:03","slug":"mast-fiddle-block-mit-besan-90-mm-fuer-14-mm-leinen","status":"publish","type":"product","link":"https:\/\/stoic-curie.212-227-153-4.plesk.page\/de\/product\/mast-fiddle-block-mit-besan-90-mm-fuer-14-mm-leinen\/","title":{"rendered":"Mast Fiddle Block mit Besan 90 mm f\u00fcr 14 mm Leinen"},"content":{"rendered":"<p>Mast Fiddle Block mit Besan 90 mm f\u00fcr 14 mm Leinen &#8211; <\/p>\n<p>Meister Gleitlagerbl\u00f6cke, die f\u00fcr geringes Gewicht, St\u00e4rke und hervorragende Handhabung konstruiert sind. Sie bestehen aus glasfaserverst\u00e4rktem Nylon, um eine metall\u00e4hnliche Festigkeit zu bieten. Selbstschmierende Scheiben reduzieren die Reibung und erh\u00f6hen die Effizienz. Die Gleitlager aus 316 Edelstahl sorgen f\u00fcr eine reibungslose Rotation, weshalb Segler eine einfachere Kraft\u00fcbertragung und weniger Verschlei\u00df an der Leine erleben. Gleitlager: 316 Edelstahl Scheibendurchmesser 90 mm: selbstschmierende Acetalverbundstoff Wangen: verst\u00e4rkter Glasfaser-Nylonverbundstoff UV-stabilisiert Drehwirbel: geschmiedeter Edelstahl der G\u00fcteklasse 316 WL: Traglast BL: Bruchlast HINWEIS: Die Arbeits-\/Bruchlast der Bl\u00f6cke mit Riegel richtet sich nach der St\u00e4rke des Riegels.<\/p>\n","protected":false},"excerpt":{"rendered":"<p>Mast Fiddle Block mit Besan 90 mm f\u00fcr 14 mm Leinen &#8211; Meister Gleitlagerbl\u00f6cke, die f\u00fcr geringes Gewicht, St\u00e4rke und<\/p>\n","protected":false},"featured_media":5943870,"comment_status":"open","ping_status":"closed","template":"","meta":[],"product_brand":[3130],"product_cat":[1483],"product_tag":[],"class_list":{"0":"post-735857","1":"product","2":"type-product","3":"status-publish","4":"has-post-thumbnail","6":"product_brand-master-de","7":"product_cat-master-bloecke","9":"first","10":"instock","11":"shipping-taxable","12":"purchasable","13":"product-type-simple"},"_links":{"self":[{"href":"https:\/\/stoic-curie.212-227-153-4.plesk.page\/de\/wp-json\/wp\/v2\/product\/735857","targetHints":{"allow":["GET"]}}],"collection":[{"href":"https:\/\/stoic-curie.212-227-153-4.plesk.page\/de\/wp-json\/wp\/v2\/product"}],"about":[{"href":"https:\/\/stoic-curie.212-227-153-4.plesk.page\/de\/wp-json\/wp\/v2\/types\/product"}],"replies":[{"embeddable":true,"href":"https:\/\/stoic-curie.212-227-153-4.plesk.page\/de\/wp-json\/wp\/v2\/comments?post=735857"}],"version-history":[{"count":0,"href":"https:\/\/stoic-curie.212-227-153-4.plesk.page\/de\/wp-json\/wp\/v2\/product\/735857\/revisions"}],"wp:featuredmedia":[{"embeddable":true,"href":"https:\/\/stoic-curie.212-227-153-4.plesk.page\/de\/wp-json\/wp\/v2\/media\/5943870"}],"wp:attachment":[{"href":"https:\/\/stoic-curie.212-227-153-4.plesk.page\/de\/wp-json\/wp\/v2\/media?parent=735857"}],"wp:term":[{"taxonomy":"product_brand","embeddable":true,"href":"https:\/\/stoic-curie.212-227-153-4.plesk.page\/de\/wp-json\/wp\/v2\/product_brand?post=735857"},{"taxonomy":"product_cat","embeddable":true,"href":"https:\/\/stoic-curie.212-227-153-4.plesk.page\/de\/wp-json\/wp\/v2\/product_cat?post=735857"},{"taxonomy":"product_tag","embeddable":true,"href":"https:\/\/stoic-curie.212-227-153-4.plesk.page\/de\/wp-json\/wp\/v2\/product_tag?post=735857"}],"curies":[{"name":"wp","href":"https:\/\/api.w.org\/{rel}","templated":true}]}}