{"id":735859,"date":"2025-03-03T16:29:32","date_gmt":"2025-03-03T15:29:32","guid":{"rendered":"https:\/\/stoic-curie.212-227-153-4.plesk.page\/producto\/umlenkrolle-master-hercules-einzeln-mit-knebelkopf-75mm-fuer-leinen-bis-19mm\/"},"modified":"2026-02-24T23:35:03","modified_gmt":"2026-02-24T23:35:03","slug":"umlenkrolle-master-hercules-einzeln-mit-knebelkopf-75mm-fuer-leinen-bis-19mm","status":"publish","type":"product","link":"https:\/\/stoic-curie.212-227-153-4.plesk.page\/de\/product\/umlenkrolle-master-hercules-einzeln-mit-knebelkopf-75mm-fuer-leinen-bis-19mm\/","title":{"rendered":"Umlenkrolle Master Hercules Einzeln mit Knebelkopf 75mm f\u00fcr Leinen bis 19mm"},"content":{"rendered":"<p>Umlenkrolle Master Hercules Einzeln mit Knebelkopf 75mm f\u00fcr Leinen bis 19mm &#8211; <\/p>\n<p>Hercules-Bl\u00f6cke sind speziell f\u00fcr Kreuzfahrtschiffe entwickelt, um extrem hohe Lasten zu bew\u00e4ltigen. Die einteilige Maschinenbau-Seitenplatte sorgt f\u00fcr eine perfekte Balance zwischen Gewicht und Stabilit\u00e4t. Die Sleeve- und Seitenkugellager erm\u00f6glichen eine sanfte Rotation bei extremen Lasten. Alle Materialien sind UV-best\u00e4ndig und korrosionsbest\u00e4ndig, um maximalen Schutz und langanhaltende Haltbarkeit zu gew\u00e4hrleisten. Hercules-Einzel- und Fiddle-Bl\u00f6cke sind ideal f\u00fcr Vang- und Gro\u00dfsegel-Systeme. Fu\u00dfmodelle mit Feststellern k\u00f6nnen auf dem Deck verwendet werden, um Leinen zu f\u00fchren und Schoten zu sichern. Kugellager: Sleeve-Lager aus Edelstahl 316 und zwei Derlin\u00ae-Kugellagerbahnen. Scheiben-Durchmesser 57 mm: selbstschmierenden Acetal-Verbundwerkstoff. Backen: Schwarz hartbeschichtetes Aluminium. Schwenk-Greifglied: Geschmiedeter Edelstahl der G\u00fcte 316. WL: Arbeitsbelastung. BL: Bruchlast.<\/p>\n","protected":false},"excerpt":{"rendered":"<p>Umlenkrolle Master Hercules Einzeln mit Knebelkopf 75mm f\u00fcr Leinen bis 19mm &#8211; Hercules-Bl\u00f6cke sind speziell f\u00fcr Kreuzfahrtschiffe entwickelt, um extrem<\/p>\n","protected":false},"featured_media":5943881,"comment_status":"open","ping_status":"closed","template":"","meta":[],"product_brand":[3130],"product_cat":[1483],"product_tag":[],"class_list":{"0":"post-735859","1":"product","2":"type-product","3":"status-publish","4":"has-post-thumbnail","6":"product_brand-master-de","7":"product_cat-master-bloecke","9":"first","10":"instock","11":"shipping-taxable","12":"purchasable","13":"product-type-simple"},"_links":{"self":[{"href":"https:\/\/stoic-curie.212-227-153-4.plesk.page\/de\/wp-json\/wp\/v2\/product\/735859","targetHints":{"allow":["GET"]}}],"collection":[{"href":"https:\/\/stoic-curie.212-227-153-4.plesk.page\/de\/wp-json\/wp\/v2\/product"}],"about":[{"href":"https:\/\/stoic-curie.212-227-153-4.plesk.page\/de\/wp-json\/wp\/v2\/types\/product"}],"replies":[{"embeddable":true,"href":"https:\/\/stoic-curie.212-227-153-4.plesk.page\/de\/wp-json\/wp\/v2\/comments?post=735859"}],"version-history":[{"count":0,"href":"https:\/\/stoic-curie.212-227-153-4.plesk.page\/de\/wp-json\/wp\/v2\/product\/735859\/revisions"}],"wp:featuredmedia":[{"embeddable":true,"href":"https:\/\/stoic-curie.212-227-153-4.plesk.page\/de\/wp-json\/wp\/v2\/media\/5943881"}],"wp:attachment":[{"href":"https:\/\/stoic-curie.212-227-153-4.plesk.page\/de\/wp-json\/wp\/v2\/media?parent=735859"}],"wp:term":[{"taxonomy":"product_brand","embeddable":true,"href":"https:\/\/stoic-curie.212-227-153-4.plesk.page\/de\/wp-json\/wp\/v2\/product_brand?post=735859"},{"taxonomy":"product_cat","embeddable":true,"href":"https:\/\/stoic-curie.212-227-153-4.plesk.page\/de\/wp-json\/wp\/v2\/product_cat?post=735859"},{"taxonomy":"product_tag","embeddable":true,"href":"https:\/\/stoic-curie.212-227-153-4.plesk.page\/de\/wp-json\/wp\/v2\/product_tag?post=735859"}],"curies":[{"name":"wp","href":"https:\/\/api.w.org\/{rel}","templated":true}]}}