{"id":735871,"date":"2025-03-03T16:29:35","date_gmt":"2025-03-03T15:29:35","guid":{"rendered":"https:\/\/stoic-curie.212-227-153-4.plesk.page\/producto\/stopper-master-xtc-einzel-8\/"},"modified":"2026-02-24T23:35:04","modified_gmt":"2026-02-24T23:35:04","slug":"stopper-master-xtc-einzel-8","status":"publish","type":"product","link":"https:\/\/stoic-curie.212-227-153-4.plesk.page\/de\/product\/stopper-master-xtc-einzel-8\/","title":{"rendered":"Stopper Master XTC Einzel 8<14 mm"},"content":{"rendered":"<p>Stopper Master XTC Einzel 8<14 mm - \n\n<p>Der Master XTC Stopper wurde f\u00fcr eine einfache Bet\u00e4tigung und schnelle Freigabe der Leine selbst unter statischen Hochlasten entwickelt. Der K\u00f6rper besteht aus glasfaserverst\u00e4rktem Kunststoff mit UV-Stabilisator f\u00fcr maximalen Schutz. Hochwertige Materialien gew\u00e4hrleisten eine langfristige Haltbarkeit.<br \/>Griff: Eloxiertes Aluminium<br \/>Innenmechanismus: 316 Edelstahl<br \/>Basis: Eloxiertes Aluminium<\/p>\n","protected":false},"excerpt":{"rendered":"<p>Stopper Master XTC Einzel 8<\/p>\n","protected":false},"featured_media":5943888,"comment_status":"open","ping_status":"closed","template":"","meta":[],"product_brand":[3130],"product_cat":[1485],"product_tag":[],"class_list":{"0":"post-735871","1":"product","2":"type-product","3":"status-publish","4":"has-post-thumbnail","6":"product_brand-master-de","7":"product_cat-stopper-und-klemmen","9":"first","10":"instock","11":"shipping-taxable","12":"purchasable","13":"product-type-simple"},"_links":{"self":[{"href":"https:\/\/stoic-curie.212-227-153-4.plesk.page\/de\/wp-json\/wp\/v2\/product\/735871","targetHints":{"allow":["GET"]}}],"collection":[{"href":"https:\/\/stoic-curie.212-227-153-4.plesk.page\/de\/wp-json\/wp\/v2\/product"}],"about":[{"href":"https:\/\/stoic-curie.212-227-153-4.plesk.page\/de\/wp-json\/wp\/v2\/types\/product"}],"replies":[{"embeddable":true,"href":"https:\/\/stoic-curie.212-227-153-4.plesk.page\/de\/wp-json\/wp\/v2\/comments?post=735871"}],"version-history":[{"count":0,"href":"https:\/\/stoic-curie.212-227-153-4.plesk.page\/de\/wp-json\/wp\/v2\/product\/735871\/revisions"}],"wp:featuredmedia":[{"embeddable":true,"href":"https:\/\/stoic-curie.212-227-153-4.plesk.page\/de\/wp-json\/wp\/v2\/media\/5943888"}],"wp:attachment":[{"href":"https:\/\/stoic-curie.212-227-153-4.plesk.page\/de\/wp-json\/wp\/v2\/media?parent=735871"}],"wp:term":[{"taxonomy":"product_brand","embeddable":true,"href":"https:\/\/stoic-curie.212-227-153-4.plesk.page\/de\/wp-json\/wp\/v2\/product_brand?post=735871"},{"taxonomy":"product_cat","embeddable":true,"href":"https:\/\/stoic-curie.212-227-153-4.plesk.page\/de\/wp-json\/wp\/v2\/product_cat?post=735871"},{"taxonomy":"product_tag","embeddable":true,"href":"https:\/\/stoic-curie.212-227-153-4.plesk.page\/de\/wp-json\/wp\/v2\/product_tag?post=735871"}],"curies":[{"name":"wp","href":"https:\/\/api.w.org\/{rel}","templated":true}]}}