{"id":735873,"date":"2025-03-03T16:29:35","date_gmt":"2025-03-03T15:29:35","guid":{"rendered":"https:\/\/stoic-curie.212-227-153-4.plesk.page\/producto\/stopper-master-xtc-dreifach-8\/"},"modified":"2026-02-24T23:35:04","modified_gmt":"2026-02-24T23:35:04","slug":"stopper-master-xtc-dreifach-8","status":"publish","type":"product","link":"https:\/\/stoic-curie.212-227-153-4.plesk.page\/de\/product\/stopper-master-xtc-dreifach-8\/","title":{"rendered":"Stopper Master XTC Dreifach 8<14 mm"},"content":{"rendered":"<p>Stopper Master XTC Dreifach 8<14 mm - \n\n<p>Der Master XTC Stopper ist so gestaltet, dass er eine einfache Bet\u00e4tigung und eine schnelle Freigabe der Linie selbst unter statischen Hochlasten erm\u00f6glicht. Das Geh\u00e4use besteht aus faserverst\u00e4rktem Kunststoff mit UV-Stabilisator f\u00fcr maximalen Schutz. Hochwertige Materialien sorgen f\u00fcr eine langfristige Haltbarkeit.<\/p>\n<p>Griff: eloxiertes Aluminium<br \/>Innenmechanismus: 316 Edelstahl<br \/>Basis: eloxiertes Aluminium<\/p>\n","protected":false},"excerpt":{"rendered":"<p>Stopper Master XTC Dreifach 8<\/p>\n","protected":false},"featured_media":5943888,"comment_status":"open","ping_status":"closed","template":"","meta":[],"product_brand":[3130],"product_cat":[1485],"product_tag":[],"class_list":{"0":"post-735873","1":"product","2":"type-product","3":"status-publish","4":"has-post-thumbnail","6":"product_brand-master-de","7":"product_cat-stopper-und-klemmen","9":"first","10":"instock","11":"shipping-taxable","12":"purchasable","13":"product-type-simple"},"_links":{"self":[{"href":"https:\/\/stoic-curie.212-227-153-4.plesk.page\/de\/wp-json\/wp\/v2\/product\/735873","targetHints":{"allow":["GET"]}}],"collection":[{"href":"https:\/\/stoic-curie.212-227-153-4.plesk.page\/de\/wp-json\/wp\/v2\/product"}],"about":[{"href":"https:\/\/stoic-curie.212-227-153-4.plesk.page\/de\/wp-json\/wp\/v2\/types\/product"}],"replies":[{"embeddable":true,"href":"https:\/\/stoic-curie.212-227-153-4.plesk.page\/de\/wp-json\/wp\/v2\/comments?post=735873"}],"version-history":[{"count":0,"href":"https:\/\/stoic-curie.212-227-153-4.plesk.page\/de\/wp-json\/wp\/v2\/product\/735873\/revisions"}],"wp:featuredmedia":[{"embeddable":true,"href":"https:\/\/stoic-curie.212-227-153-4.plesk.page\/de\/wp-json\/wp\/v2\/media\/5943888"}],"wp:attachment":[{"href":"https:\/\/stoic-curie.212-227-153-4.plesk.page\/de\/wp-json\/wp\/v2\/media?parent=735873"}],"wp:term":[{"taxonomy":"product_brand","embeddable":true,"href":"https:\/\/stoic-curie.212-227-153-4.plesk.page\/de\/wp-json\/wp\/v2\/product_brand?post=735873"},{"taxonomy":"product_cat","embeddable":true,"href":"https:\/\/stoic-curie.212-227-153-4.plesk.page\/de\/wp-json\/wp\/v2\/product_cat?post=735873"},{"taxonomy":"product_tag","embeddable":true,"href":"https:\/\/stoic-curie.212-227-153-4.plesk.page\/de\/wp-json\/wp\/v2\/product_tag?post=735873"}],"curies":[{"name":"wp","href":"https:\/\/api.w.org\/{rel}","templated":true}]}}