{"id":735875,"date":"2025-03-03T16:29:36","date_gmt":"2025-03-03T15:29:36","guid":{"rendered":"https:\/\/stoic-curie.212-227-153-4.plesk.page\/producto\/vitifrigo-kuehlschrank-dw35rfx-35-l-12-24v\/"},"modified":"2026-02-24T23:35:04","modified_gmt":"2026-02-24T23:35:04","slug":"vitifrigo-kuehlschrank-dw35rfx-35-l-12-24v","status":"publish","type":"product","link":"https:\/\/stoic-curie.212-227-153-4.plesk.page\/de\/product\/vitifrigo-kuehlschrank-dw35rfx-35-l-12-24v\/","title":{"rendered":"Vitifrigo K\u00fchlschrank DW35"},"content":{"rendered":"<p>Vitifrigo K\u00fchlschrank DW35 &#8211; <\/p>\n<p>Der Vitrifrigo Drawer K\u00fchlschrank, DW35 OCX2 RFX, bietet eine herausragende K\u00fchlleistung. Die Au\u00dfenverkleidung aus Edelstahl verf\u00fcgt \u00fcber einen 12\/24V Danfoss K\u00fchlaggregat, der bis zu 2 Meter (0,5 Meter f\u00fcr den DW35) extern platziert werden kann. Der K\u00fchlschrank hat eine Schublade mit Bel\u00fcftungsposition f\u00fcr Phasen ohne Nutzung. Ausgestattet mit LED-Beleuchtung, einem mechanischen Thermostat (au\u00dfer der DW35 mit digitalem Thermostat) und einem gleitenden Profil, kann er standardm\u00e4\u00dfig installiert oder b\u00fcndig mit der T\u00fcr eingebaut werden.<\/p>\n<p>Der DW35 OCX2 RFX K\u00fchlschrank hat ein Volumen von 35 Litern und bietet ausreichend Platz f\u00fcr Fr\u00fcchte, Gem\u00fcse, Milchprodukte, Getr\u00e4nke und vieles mehr, w\u00e4hrend alles f\u00fcr l\u00e4ngere Zeit frisch bleibt.<\/p>\n<p>Hergestellt aus Edelstahl garantiert der DW35 OCX2 RFX hohe Haltbarkeit und langanhaltende Leistung.<\/p>\n<p>Mit seinem klaren und minimalistischen Design f\u00fcgt er sich dezent in K\u00fcchen und Vorratsr\u00e4ume jeder Stilrichtung ein. Dar\u00fcber hinaus macht das Edelstahlmaterial die Reinigung und Desinfektion einfach.<\/p>\n","protected":false},"excerpt":{"rendered":"<p>Vitifrigo K\u00fchlschrank DW35 &#8211; Der Vitrifrigo Drawer K\u00fchlschrank, DW35 OCX2 RFX, bietet eine herausragende K\u00fchlleistung. Die Au\u00dfenverkleidung aus Edelstahl verf\u00fcgt<\/p>\n","protected":false},"featured_media":5943892,"comment_status":"open","ping_status":"closed","template":"","meta":[],"product_brand":[3525],"product_cat":[1464],"product_tag":[],"class_list":{"0":"post-735875","1":"product","2":"type-product","3":"status-publish","4":"has-post-thumbnail","6":"product_brand-vitrifrigo-de","7":"product_cat-kuehlschraenke-und-gefriertruhen","9":"first","10":"instock","11":"shipping-taxable","12":"purchasable","13":"product-type-simple"},"_links":{"self":[{"href":"https:\/\/stoic-curie.212-227-153-4.plesk.page\/de\/wp-json\/wp\/v2\/product\/735875","targetHints":{"allow":["GET"]}}],"collection":[{"href":"https:\/\/stoic-curie.212-227-153-4.plesk.page\/de\/wp-json\/wp\/v2\/product"}],"about":[{"href":"https:\/\/stoic-curie.212-227-153-4.plesk.page\/de\/wp-json\/wp\/v2\/types\/product"}],"replies":[{"embeddable":true,"href":"https:\/\/stoic-curie.212-227-153-4.plesk.page\/de\/wp-json\/wp\/v2\/comments?post=735875"}],"version-history":[{"count":0,"href":"https:\/\/stoic-curie.212-227-153-4.plesk.page\/de\/wp-json\/wp\/v2\/product\/735875\/revisions"}],"wp:featuredmedia":[{"embeddable":true,"href":"https:\/\/stoic-curie.212-227-153-4.plesk.page\/de\/wp-json\/wp\/v2\/media\/5943892"}],"wp:attachment":[{"href":"https:\/\/stoic-curie.212-227-153-4.plesk.page\/de\/wp-json\/wp\/v2\/media?parent=735875"}],"wp:term":[{"taxonomy":"product_brand","embeddable":true,"href":"https:\/\/stoic-curie.212-227-153-4.plesk.page\/de\/wp-json\/wp\/v2\/product_brand?post=735875"},{"taxonomy":"product_cat","embeddable":true,"href":"https:\/\/stoic-curie.212-227-153-4.plesk.page\/de\/wp-json\/wp\/v2\/product_cat?post=735875"},{"taxonomy":"product_tag","embeddable":true,"href":"https:\/\/stoic-curie.212-227-153-4.plesk.page\/de\/wp-json\/wp\/v2\/product_tag?post=735875"}],"curies":[{"name":"wp","href":"https:\/\/api.w.org\/{rel}","templated":true}]}}