{"id":735876,"date":"2025-03-03T16:29:36","date_gmt":"2025-03-03T15:29:36","guid":{"rendered":"https:\/\/stoic-curie.212-227-153-4.plesk.page\/producto\/kuehlschrank-vitrifrigo-dw75rfx-75lt-12-24v\/"},"modified":"2026-02-24T23:35:04","modified_gmt":"2026-02-24T23:35:04","slug":"kuehlschrank-vitrifrigo-dw75rfx-75lt-12-24v","status":"publish","type":"product","link":"https:\/\/stoic-curie.212-227-153-4.plesk.page\/de\/product\/kuehlschrank-vitrifrigo-dw75rfx-75lt-12-24v\/","title":{"rendered":"K\u00fchlschrank Vitrifrigo DW75L"},"content":{"rendered":"<p>K\u00fchlschrank Vitrifrigo DW75L &#8211; <\/p>\n<p style=\"color: rgb(34, 34, 34); font-family: Arial, Helvetica, sans-serif; font-size: small;\">Wir pr\u00e4sentieren den Vitrifrigo DW75L OCX2, einen effizienten und praktischen Edelstahl-Schubladen-K\u00fchlschrank mit Gefrierfach. Dieses Modell bietet ein Gesamtvolumen von 75 Litern, wobei 10,2 Liter f\u00fcr ein optionales Gefrierfach vorgesehen sind. Er ist mit einem externen Danfoss-K\u00fchlaggregat ausgestattet, was ihn zur idealen Wahl f\u00fcr alle macht, die zuverl\u00e4ssige K\u00fchll\u00f6sungen suchen.<\/p>\n<p style=\"color: rgb(34, 34, 34); font-family: Arial, Helvetica, sans-serif; font-size: small;\">Der DW75L OCX2 besticht durch seinen positiven Schnappverschluss, der ein versehentliches \u00d6ffnen der Schublade effektiv verhindert. Dar\u00fcber hinaus ist die T\u00fcr mit einem innovativen \u201eL\u00fcftungsposition\u201c-System ausgestattet, das in den Griff integriert ist. Dadurch kann die T\u00fcr teilweise ge\u00f6ffnet werden, wenn der K\u00fchlschrank nicht in Gebrauch ist. Dies hilft, Schimmelbildung und unerw\u00fcnschte Ger\u00fcche zu vermeiden und verbessert die Lebensmittellagerung.<\/p>\n<p style=\"color: rgb(34, 34, 34); font-family: Arial, Helvetica, sans-serif; font-size: small;\"><strong>Produktspezifikationen:<\/strong><\/p>\n<ul style=\"color: rgb(34, 34, 34); font-family: Arial, Helvetica, sans-serif; font-size: small;\">\n<li><strong>Oberfl\u00e4che der T\u00fcr:<\/strong>\u00a0Edelstahl<\/li>\n<li><strong>Gesamtvolumen:<\/strong>\u00a075 Liter<\/li>\n<li><strong>H\u00f6he:<\/strong>\u00a0635 mm<\/li>\n<li><strong>L\u00e4nge:<\/strong>\u00a0533 mm<\/li>\n<li><strong>Tiefe:<\/strong>\u00a0456 mm<\/li>\n<li><strong>Serie:<\/strong>\u00a0DW OCX2<\/li>\n<li><strong>Umkehrbare T\u00fcr:<\/strong>\u00a0Nein<\/li>\n<li><strong>Thermostat:<\/strong>\u00a0Mechanisch<\/li>\n<li><strong>K\u00fchltechnologie:<\/strong>\u00a0Kompressor<\/li>\n<li><strong>K\u00fchlger\u00e4t:<\/strong>\u00a0Extern<\/li>\n<li><strong>T\u00fcr\u00f6ffnung:<\/strong>\u00a0Schubladen\u00f6ffnung<\/li>\n<li><strong>Betriebsspannung:<\/strong>\u00a012\/24 VDC<\/li>\n<\/ul>\n<p style=\"color: rgb(34, 34, 34); font-family: Arial, Helvetica, sans-serif; font-size: small;\">Dieser K\u00fchlschrank-Gefrierkombination ist eine optimale L\u00f6sung f\u00fcr Bootsbesitzer, die hochwertige und zuverl\u00e4ssige K\u00fchlger\u00e4te suchen.<\/p>\n","protected":false},"excerpt":{"rendered":"<p>K\u00fchlschrank Vitrifrigo DW75L &#8211; Wir pr\u00e4sentieren den Vitrifrigo DW75L OCX2, einen effizienten und praktischen Edelstahl-Schubladen-K\u00fchlschrank mit Gefrierfach. Dieses Modell bietet<\/p>\n","protected":false},"featured_media":5943893,"comment_status":"open","ping_status":"closed","template":"","meta":[],"product_brand":[3525],"product_cat":[1464],"product_tag":[],"class_list":{"0":"post-735876","1":"product","2":"type-product","3":"status-publish","4":"has-post-thumbnail","6":"product_brand-vitrifrigo-de","7":"product_cat-kuehlschraenke-und-gefriertruhen","9":"first","10":"instock","11":"shipping-taxable","12":"purchasable","13":"product-type-simple"},"_links":{"self":[{"href":"https:\/\/stoic-curie.212-227-153-4.plesk.page\/de\/wp-json\/wp\/v2\/product\/735876","targetHints":{"allow":["GET"]}}],"collection":[{"href":"https:\/\/stoic-curie.212-227-153-4.plesk.page\/de\/wp-json\/wp\/v2\/product"}],"about":[{"href":"https:\/\/stoic-curie.212-227-153-4.plesk.page\/de\/wp-json\/wp\/v2\/types\/product"}],"replies":[{"embeddable":true,"href":"https:\/\/stoic-curie.212-227-153-4.plesk.page\/de\/wp-json\/wp\/v2\/comments?post=735876"}],"version-history":[{"count":0,"href":"https:\/\/stoic-curie.212-227-153-4.plesk.page\/de\/wp-json\/wp\/v2\/product\/735876\/revisions"}],"wp:featuredmedia":[{"embeddable":true,"href":"https:\/\/stoic-curie.212-227-153-4.plesk.page\/de\/wp-json\/wp\/v2\/media\/5943893"}],"wp:attachment":[{"href":"https:\/\/stoic-curie.212-227-153-4.plesk.page\/de\/wp-json\/wp\/v2\/media?parent=735876"}],"wp:term":[{"taxonomy":"product_brand","embeddable":true,"href":"https:\/\/stoic-curie.212-227-153-4.plesk.page\/de\/wp-json\/wp\/v2\/product_brand?post=735876"},{"taxonomy":"product_cat","embeddable":true,"href":"https:\/\/stoic-curie.212-227-153-4.plesk.page\/de\/wp-json\/wp\/v2\/product_cat?post=735876"},{"taxonomy":"product_tag","embeddable":true,"href":"https:\/\/stoic-curie.212-227-153-4.plesk.page\/de\/wp-json\/wp\/v2\/product_tag?post=735876"}],"curies":[{"name":"wp","href":"https:\/\/api.w.org\/{rel}","templated":true}]}}