{"id":735879,"date":"2025-03-03T16:29:37","date_gmt":"2025-03-03T15:29:37","guid":{"rendered":"https:\/\/stoic-curie.212-227-153-4.plesk.page\/producto\/vitrifrigo-kuehlschrank-c42dw-42-l-12-24v\/"},"modified":"2026-02-24T23:35:04","modified_gmt":"2026-02-24T23:35:04","slug":"vitrifrigo-kuehlschrank-c42dw-42-l-12-24v","status":"publish","type":"product","link":"https:\/\/stoic-curie.212-227-153-4.plesk.page\/de\/product\/vitrifrigo-kuehlschrank-c42dw-42-l-12-24v\/","title":{"rendered":"Vitrifrigo K\u00fchlschrank C42DWLP"},"content":{"rendered":"<p>Vitrifrigo K\u00fchlschrank C42DWLP &#8211; <\/p>\n<p style=\"color: rgb(34, 34, 34); font-family: Arial, Helvetica, sans-serif; font-size: small;\">Der Vitrifrigo C42DWLP CHR Schubladen-K\u00fchl-Gefrierschrank ist eine herausragende Wahl f\u00fcr Ihre Bootsbed\u00fcrfnisse und bietet ein Gesamtvolumen von 42 Litern. Dieses Modell verf\u00fcgt \u00fcber ein externes Danfoss-K\u00fchlger\u00e4t, das bis zu 1,5 Meter entfernt positioniert werden kann, um eine effektive K\u00fchlung zu gew\u00e4hrleisten. Es enth\u00e4lt auch eine Schubladen\u00f6ffnung mit einer Bel\u00fcftungsposition f\u00fcr Zeiten, in denen der K\u00fchlschrank nicht in Gebrauch ist. Das Ger\u00e4t ist mit einem LED-Licht und einem mechanischen Thermostat f\u00fcr eine einfache Bedienung ausgestattet.<\/p>\n<p style=\"color: rgb(34, 34, 34); font-family: Arial, Helvetica, sans-serif; font-size: small;\">Ein herausragendes Merkmal des C42DWLP CHR ist die graue verkleidbare Schublade mit einem Snap-Lock-Verschlussmechanismus. Dieses Design hilft, unbeabsichtigtes \u00d6ffnen zu verhindern und Ihre Gegenst\u00e4nde sicher zu halten.<\/p>\n<p style=\"color: rgb(34, 34, 34); font-family: Arial, Helvetica, sans-serif; font-size: small;\">Der T\u00fcrgriff verf\u00fcgt \u00fcber ein innovatives &#8220;Bel\u00fcftungsposition&#8221;-System, das eine teilweise \u00d6ffnung w\u00e4hrend der Inaktivit\u00e4tsphasen erm\u00f6glicht. Dieses Feature hilft, Schimmel und unangenehme Ger\u00fcche zu vermeiden und h\u00e4lt Ihre Lebensmittel frisch.<\/p>\n<p style=\"color: rgb(34, 34, 34); font-family: Arial, Helvetica, sans-serif; font-size: small;\"><strong>Merkmal Spezifikation<\/strong><\/p>\n<ul style=\"color: rgb(34, 34, 34); font-family: Arial, Helvetica, sans-serif; font-size: small;\">\n<li><strong>T\u00fcroberfl\u00e4che:<\/strong>\u00a0Laminiert<\/li>\n<li><strong>Kapazit\u00e4t (Liter):<\/strong>\u00a042.00<\/li>\n<li><strong>H\u00f6he (mm):<\/strong>\u00a0532.00<\/li>\n<li><strong>L\u00e4nge (mm):<\/strong>\u00a0380.00<\/li>\n<li><strong>Tiefe (mm):<\/strong>\u00a0342.00<\/li>\n<li><strong>Serie:<\/strong>\u00a0CHROMELOCK<\/li>\n<li><strong>Umkehrbare T\u00fcr:<\/strong>\u00a0Nein<\/li>\n<li><strong>Thermostat:<\/strong>\u00a0Mechanisch<\/li>\n<li><strong>K\u00fchltechnologie:<\/strong>\u00a0Kompressor<\/li>\n<li><strong>K\u00fchlger\u00e4t:<\/strong>\u00a0Extern<\/li>\n<li><strong>T\u00fcr\u00f6ffnung:<\/strong>\u00a0Schubladen\u00f6ffnung<\/li>\n<li><strong>Spannung:<\/strong>\u00a012\/24 VDC<\/li>\n<\/ul>\n","protected":false},"excerpt":{"rendered":"<p>Vitrifrigo K\u00fchlschrank C42DWLP &#8211; Der Vitrifrigo C42DWLP CHR Schubladen-K\u00fchl-Gefrierschrank ist eine herausragende Wahl f\u00fcr Ihre Bootsbed\u00fcrfnisse und bietet ein Gesamtvolumen<\/p>\n","protected":false},"featured_media":5943898,"comment_status":"open","ping_status":"closed","template":"","meta":[],"product_brand":[3525],"product_cat":[1464],"product_tag":[],"class_list":{"0":"post-735879","1":"product","2":"type-product","3":"status-publish","4":"has-post-thumbnail","6":"product_brand-vitrifrigo-de","7":"product_cat-kuehlschraenke-und-gefriertruhen","9":"first","10":"instock","11":"shipping-taxable","12":"purchasable","13":"product-type-simple"},"_links":{"self":[{"href":"https:\/\/stoic-curie.212-227-153-4.plesk.page\/de\/wp-json\/wp\/v2\/product\/735879","targetHints":{"allow":["GET"]}}],"collection":[{"href":"https:\/\/stoic-curie.212-227-153-4.plesk.page\/de\/wp-json\/wp\/v2\/product"}],"about":[{"href":"https:\/\/stoic-curie.212-227-153-4.plesk.page\/de\/wp-json\/wp\/v2\/types\/product"}],"replies":[{"embeddable":true,"href":"https:\/\/stoic-curie.212-227-153-4.plesk.page\/de\/wp-json\/wp\/v2\/comments?post=735879"}],"version-history":[{"count":0,"href":"https:\/\/stoic-curie.212-227-153-4.plesk.page\/de\/wp-json\/wp\/v2\/product\/735879\/revisions"}],"wp:featuredmedia":[{"embeddable":true,"href":"https:\/\/stoic-curie.212-227-153-4.plesk.page\/de\/wp-json\/wp\/v2\/media\/5943898"}],"wp:attachment":[{"href":"https:\/\/stoic-curie.212-227-153-4.plesk.page\/de\/wp-json\/wp\/v2\/media?parent=735879"}],"wp:term":[{"taxonomy":"product_brand","embeddable":true,"href":"https:\/\/stoic-curie.212-227-153-4.plesk.page\/de\/wp-json\/wp\/v2\/product_brand?post=735879"},{"taxonomy":"product_cat","embeddable":true,"href":"https:\/\/stoic-curie.212-227-153-4.plesk.page\/de\/wp-json\/wp\/v2\/product_cat?post=735879"},{"taxonomy":"product_tag","embeddable":true,"href":"https:\/\/stoic-curie.212-227-153-4.plesk.page\/de\/wp-json\/wp\/v2\/product_tag?post=735879"}],"curies":[{"name":"wp","href":"https:\/\/api.w.org\/{rel}","templated":true}]}}