{"id":735880,"date":"2025-03-03T16:29:37","date_gmt":"2025-03-03T15:29:37","guid":{"rendered":"https:\/\/stoic-curie.212-227-153-4.plesk.page\/producto\/marine-kuehlschrank-vitrifrigo-slim-150-140lt-12-24v\/"},"modified":"2026-02-24T23:35:04","modified_gmt":"2026-02-24T23:35:04","slug":"marine-kuehlschrank-vitrifrigo-slim-150-140lt-12-24v","status":"publish","type":"product","link":"https:\/\/stoic-curie.212-227-153-4.plesk.page\/de\/product\/marine-kuehlschrank-vitrifrigo-slim-150-140lt-12-24v\/","title":{"rendered":"Marine K\u00fchlschrank Vitrifrigo DP150iD"},"content":{"rendered":"<p>Marine K\u00fchlschrank Vitrifrigo DP150iD &#8211; <\/p>\n<p style=\"\"><strong style=\"color: rgb(34, 34, 34); font-family: Arial, Helvetica, sans-serif; font-size: small;\">K\u00fchlschrank-Gefrierkombination\u00a0<\/strong><span style=\"color: rgb(34, 34, 34); font-family: Arial, Helvetica, sans-serif; font-size: small; font-weight: 700;\">Vitrifrigo\u00a0<\/span><strong style=\"color: rgb(34, 34, 34); font-family: Arial, Helvetica, sans-serif; font-size: small;\">DP150iD CHR, Schwarz, Vitrifrigo<\/strong><\/p>\n<p style=\"color: rgb(34, 34, 34); font-family: Arial, Helvetica, sans-serif; font-size: small;\">Der DP150i DGT CHR, Teil der Chromelock-Serie, ist ein K\u00fchlschrank-Gefrierger\u00e4t, das bis zu 150 Liter fasst, unterteilt in zwei separate F\u00e4cher. Er verf\u00fcgt \u00fcber eine interne K\u00fchlungseinheit f\u00fcr einen effizienten Betrieb.<\/p>\n<p style=\"color: rgb(34, 34, 34); font-family: Arial, Helvetica, sans-serif; font-size: small;\">Wesentliche Merkmale dieses Modells sind ein Snap-Lock-Verschluss, der versehentliches \u00d6ffnen verhindert, und ein innovatives &#8220;Bel\u00fcftungsposition&#8221;-System im Griff. Dieses System erm\u00f6glicht ein leichtes \u00d6ffnen, das hilft, das Wachstum von Schimmel zu hemmen und unangenehme Ger\u00fcche im Inneren zu beseitigen.<\/p>\n<p style=\"color: rgb(34, 34, 34); font-family: Arial, Helvetica, sans-serif; font-size: small;\">Dar\u00fcber hinaus ist der K\u00fchlschrank-Gefrierer mit einer reversiblen, bereitgestellten schwarzen T\u00fcr ausgestattet, die Flexibilit\u00e4t bei der Installation bietet.<\/p>\n<p style=\"color: rgb(34, 34, 34); font-family: Arial, Helvetica, sans-serif; font-size: small;\">Ein weiteres bemerkenswertes Merkmal ist der digitale Thermostat, der eine genauere Temperaturregelung bietet als herk\u00f6mmliche mechanische Thermostate.<\/p>\n<p style=\"color: rgb(34, 34, 34); font-family: Arial, Helvetica, sans-serif; font-size: small;\"><strong>Technische Daten:<\/strong><\/p>\n<ul style=\"color: rgb(34, 34, 34); font-family: Arial, Helvetica, sans-serif; font-size: small;\">\n<li><strong>T\u00fcroberfl\u00e4che:<\/strong>\u00a0Laminate<\/li>\n<li><strong>Kapazit\u00e4t:<\/strong>\u00a0150 Liter<\/li>\n<li><strong>H\u00f6he:<\/strong>\u00a01.095 mm<\/li>\n<li><strong>L\u00e4nge:<\/strong>\u00a0525 mm<\/li>\n<li><strong>Tiefe:<\/strong>\u00a0530 mm<\/li>\n<li><strong>Serie:<\/strong>\u00a0Chromelock<\/li>\n<li><strong>Reversible T\u00fcr:<\/strong>\u00a0Ja<\/li>\n<li><strong>Thermostat:<\/strong>\u00a0Digital<\/li>\n<li><strong>K\u00fchltechnologie:<\/strong>\u00a0Kompressor<\/li>\n<li><strong>K\u00fchlger\u00e4t:<\/strong>\u00a0Intern<\/li>\n<li><strong>T\u00fcr\u00f6ffnung:<\/strong>\u00a0Doppelt\u00fcr vorne<\/li>\n<li><strong>Spannung:<\/strong>\u00a012\/24 VDC<\/li>\n<\/ul>\n","protected":false},"excerpt":{"rendered":"<p>Marine K\u00fchlschrank Vitrifrigo DP150iD &#8211; K\u00fchlschrank-Gefrierkombination\u00a0Vitrifrigo\u00a0DP150iD CHR, Schwarz, Vitrifrigo Der DP150i DGT CHR, Teil der Chromelock-Serie, ist ein K\u00fchlschrank-Gefrierger\u00e4t, das<\/p>\n","protected":false},"featured_media":5943902,"comment_status":"open","ping_status":"closed","template":"","meta":[],"product_brand":[3525],"product_cat":[1464],"product_tag":[],"class_list":{"0":"post-735880","1":"product","2":"type-product","3":"status-publish","4":"has-post-thumbnail","6":"product_brand-vitrifrigo-de","7":"product_cat-kuehlschraenke-und-gefriertruhen","9":"first","10":"instock","11":"shipping-taxable","12":"purchasable","13":"product-type-simple"},"_links":{"self":[{"href":"https:\/\/stoic-curie.212-227-153-4.plesk.page\/de\/wp-json\/wp\/v2\/product\/735880","targetHints":{"allow":["GET"]}}],"collection":[{"href":"https:\/\/stoic-curie.212-227-153-4.plesk.page\/de\/wp-json\/wp\/v2\/product"}],"about":[{"href":"https:\/\/stoic-curie.212-227-153-4.plesk.page\/de\/wp-json\/wp\/v2\/types\/product"}],"replies":[{"embeddable":true,"href":"https:\/\/stoic-curie.212-227-153-4.plesk.page\/de\/wp-json\/wp\/v2\/comments?post=735880"}],"version-history":[{"count":0,"href":"https:\/\/stoic-curie.212-227-153-4.plesk.page\/de\/wp-json\/wp\/v2\/product\/735880\/revisions"}],"wp:featuredmedia":[{"embeddable":true,"href":"https:\/\/stoic-curie.212-227-153-4.plesk.page\/de\/wp-json\/wp\/v2\/media\/5943902"}],"wp:attachment":[{"href":"https:\/\/stoic-curie.212-227-153-4.plesk.page\/de\/wp-json\/wp\/v2\/media?parent=735880"}],"wp:term":[{"taxonomy":"product_brand","embeddable":true,"href":"https:\/\/stoic-curie.212-227-153-4.plesk.page\/de\/wp-json\/wp\/v2\/product_brand?post=735880"},{"taxonomy":"product_cat","embeddable":true,"href":"https:\/\/stoic-curie.212-227-153-4.plesk.page\/de\/wp-json\/wp\/v2\/product_cat?post=735880"},{"taxonomy":"product_tag","embeddable":true,"href":"https:\/\/stoic-curie.212-227-153-4.plesk.page\/de\/wp-json\/wp\/v2\/product_tag?post=735880"}],"curies":[{"name":"wp","href":"https:\/\/api.w.org\/{rel}","templated":true}]}}