{"id":735881,"date":"2025-03-03T16:29:37","date_gmt":"2025-03-03T15:29:37","guid":{"rendered":"https:\/\/stoic-curie.212-227-153-4.plesk.page\/producto\/vitifrigo-kuehlschrank-c75dw-75-l-12-24v\/"},"modified":"2026-02-24T23:35:04","modified_gmt":"2026-02-24T23:35:04","slug":"vitifrigo-kuehlschrank-c75dw-75-l-12-24v","status":"publish","type":"product","link":"https:\/\/stoic-curie.212-227-153-4.plesk.page\/de\/product\/vitifrigo-kuehlschrank-c75dw-75-l-12-24v\/","title":{"rendered":"Vitifrigo K\u00fchlschrank C75DWL"},"content":{"rendered":"<p>Vitifrigo K\u00fchlschrank C75DWL &#8211; <\/p>\n<p style=\"color: rgb(34, 34, 34); font-family: Arial, Helvetica, sans-serif; font-size: small;\">Wir pr\u00e4sentieren den Vitrifrigo C75DWL CHR K\u00fchlschrank mit Gefrierfach in Grau. Dieser Schubladen-K\u00fchlschrank arbeitet mit einer externen 12\/24V Danfoss-K\u00fchlungseinheit, die bis zu 1,5 Meter entfernt platziert werden kann. Er verf\u00fcgt \u00fcber eine Schublade, die mit einer Bel\u00fcftungsposition ge\u00f6ffnet wird, ideal f\u00fcr Zeiten, in denen er nicht genutzt wird. Das Ger\u00e4t ist mit einem LED-Licht und einem mechanischen Thermostat f\u00fcr eine einfache Bedienung ausgestattet.<\/p>\n<p style=\"color: rgb(34, 34, 34); font-family: Arial, Helvetica, sans-serif; font-size: small;\">Der C75DWL CHR geh\u00f6rt zur Chromelock-Serie und bietet ein Gesamtvolumen von 75 Litern, was ihn zu einer hervorragenden Wahl f\u00fcr Ihre K\u00fchlbed\u00fcrfnisse macht. Die externe K\u00fchlungseinheit maximiert den Platz in der Schublade.<\/p>\n<p style=\"color: rgb(34, 34, 34); font-family: Arial, Helvetica, sans-serif; font-size: small;\">Zu seinen herausragenden Merkmalen geh\u00f6rt die grau befugbare Schublade, die \u00fcber einen Snap-Lock-Verschlussmechanismus verf\u00fcgt, der versehentliches \u00d6ffnen verhindert.<\/p>\n<p style=\"color: rgb(34, 34, 34); font-family: Arial, Helvetica, sans-serif; font-size: small;\">Der T\u00fcrgriff verf\u00fcgt au\u00dferdem \u00fcber ein innovatives integriertes \u201eBel\u00fcftungsposition\u201c-System, das ein teilweise \u00d6ffnen w\u00e4hrend Ruhezeiten erm\u00f6glicht. Diese Funktion hilft, Schimmel und unangenehme Ger\u00fcche zu vermeiden, w\u00e4hrend Ihre Lebensmittel frisch bleiben.<\/p>\n<p style=\"color: rgb(34, 34, 34); font-family: Arial, Helvetica, sans-serif; font-size: small;\"><strong>Spezifikationen:<\/strong><\/p>\n<ul style=\"color: rgb(34, 34, 34); font-family: Arial, Helvetica, sans-serif; font-size: small;\">\n<li><strong>T\u00fcroberfl\u00e4che:<\/strong>\u00a0Laminiert<\/li>\n<li><strong>Kapazit\u00e4t:<\/strong>\u00a075 Liter<\/li>\n<li><strong>H\u00f6he:<\/strong>\u00a0622 mm<\/li>\n<li><strong>L\u00e4nge:<\/strong>\u00a0470 mm<\/li>\n<li><strong>Tiefe:<\/strong>\u00a0460 mm<\/li>\n<li><strong>Gewicht:<\/strong>\u00a021,60 kg<\/li>\n<li><strong>Serie:<\/strong>\u00a0Chromelock<\/li>\n<li><strong>Umkehrbare T\u00fcr:<\/strong>\u00a0Nein<\/li>\n<li><strong>Thermostat:<\/strong>\u00a0Mechanisch<\/li>\n<li><strong>K\u00fchltechnologie:<\/strong>\u00a0Kompressor<\/li>\n<li><strong>K\u00fchlger\u00e4t:<\/strong>\u00a0Extern<\/li>\n<li><strong>T\u00fcr\u00f6ffnung:<\/strong>\u00a0Schubladen\u00f6ffnung<\/li>\n<li><strong>Spannung:<\/strong>\u00a012\/24 VDC<\/li>\n<\/ul>\n<p style=\"color: rgb(34, 34, 34); font-family: Arial, Helvetica, sans-serif; font-size: small;\">Dieser K\u00fchlschrank-Gefrierschrank ist eine zuverl\u00e4ssige und effiziente L\u00f6sung, um Ihre Lebensmittel und Getr\u00e4nke unterwegs k\u00fchl zu halten.<\/p>\n","protected":false},"excerpt":{"rendered":"<p>Vitifrigo K\u00fchlschrank C75DWL &#8211; Wir pr\u00e4sentieren den Vitrifrigo C75DWL CHR K\u00fchlschrank mit Gefrierfach in Grau. Dieser Schubladen-K\u00fchlschrank arbeitet mit einer<\/p>\n","protected":false},"featured_media":5943903,"comment_status":"open","ping_status":"closed","template":"","meta":[],"product_brand":[3525],"product_cat":[1464],"product_tag":[],"class_list":{"0":"post-735881","1":"product","2":"type-product","3":"status-publish","4":"has-post-thumbnail","6":"product_brand-vitrifrigo-de","7":"product_cat-kuehlschraenke-und-gefriertruhen","9":"first","10":"instock","11":"shipping-taxable","12":"purchasable","13":"product-type-simple"},"_links":{"self":[{"href":"https:\/\/stoic-curie.212-227-153-4.plesk.page\/de\/wp-json\/wp\/v2\/product\/735881","targetHints":{"allow":["GET"]}}],"collection":[{"href":"https:\/\/stoic-curie.212-227-153-4.plesk.page\/de\/wp-json\/wp\/v2\/product"}],"about":[{"href":"https:\/\/stoic-curie.212-227-153-4.plesk.page\/de\/wp-json\/wp\/v2\/types\/product"}],"replies":[{"embeddable":true,"href":"https:\/\/stoic-curie.212-227-153-4.plesk.page\/de\/wp-json\/wp\/v2\/comments?post=735881"}],"version-history":[{"count":0,"href":"https:\/\/stoic-curie.212-227-153-4.plesk.page\/de\/wp-json\/wp\/v2\/product\/735881\/revisions"}],"wp:featuredmedia":[{"embeddable":true,"href":"https:\/\/stoic-curie.212-227-153-4.plesk.page\/de\/wp-json\/wp\/v2\/media\/5943903"}],"wp:attachment":[{"href":"https:\/\/stoic-curie.212-227-153-4.plesk.page\/de\/wp-json\/wp\/v2\/media?parent=735881"}],"wp:term":[{"taxonomy":"product_brand","embeddable":true,"href":"https:\/\/stoic-curie.212-227-153-4.plesk.page\/de\/wp-json\/wp\/v2\/product_brand?post=735881"},{"taxonomy":"product_cat","embeddable":true,"href":"https:\/\/stoic-curie.212-227-153-4.plesk.page\/de\/wp-json\/wp\/v2\/product_cat?post=735881"},{"taxonomy":"product_tag","embeddable":true,"href":"https:\/\/stoic-curie.212-227-153-4.plesk.page\/de\/wp-json\/wp\/v2\/product_tag?post=735881"}],"curies":[{"name":"wp","href":"https:\/\/api.w.org\/{rel}","templated":true}]}}