{"id":735882,"date":"2025-03-03T16:29:38","date_gmt":"2025-03-03T15:29:38","guid":{"rendered":"https:\/\/stoic-curie.212-227-153-4.plesk.page\/producto\/kuehlschrank-vitrifrigo-c90dw-90lt-12-24v\/"},"modified":"2026-02-24T23:35:04","modified_gmt":"2026-02-24T23:35:04","slug":"kuehlschrank-vitrifrigo-c90dw-90lt-12-24v","status":"publish","type":"product","link":"https:\/\/stoic-curie.212-227-153-4.plesk.page\/de\/product\/kuehlschrank-vitrifrigo-c90dw-90lt-12-24v\/","title":{"rendered":"K\u00fchlschrank Vitrifrigo C90DW 90lt 12-24V"},"content":{"rendered":"<p>K\u00fchlschrank Vitrifrigo C90DW 90lt 12-24V &#8211; <\/p>\n<p style=\"color: rgb(34, 34, 34); font-family: Arial, Helvetica, sans-serif; font-size: small;\">Wir stellen vor: den Vitrifrigo C90DWi CHR K\u00fchlschrank-Gefrierger\u00e4t in Grau. Dieses Modell verf\u00fcgt \u00fcber einen schubladenf\u00f6rmigen K\u00fchlschrank, der mit einer internen Danfoss-K\u00fchlungseinheit f\u00fcr 12\/24V ausgestattet ist. Es enth\u00e4lt eine Bel\u00fcftungsposition f\u00fcr die Schublade, die in Zeiten der Nichtbenutzung n\u00fctzlich ist. Der K\u00fchlschrank-Gefrierger\u00e4t ist auch mit einem LED-Licht und einem mechanischen Thermostat f\u00fcr eine einfache Bedienung ausgestattet.<\/p>\n<p style=\"color: rgb(34, 34, 34); font-family: Arial, Helvetica, sans-serif; font-size: small;\">Der C90DWi CHR aus der Chromelock-Serie ist so konzipiert, dass er eine effiziente Lagerl\u00f6sung bietet, mit einem Gesamtvolumen von 90 Litern, wobei 9,1 Liter dem Gefrierfach gewidmet sind. Die K\u00fchltechnologie befindet sich bequem im Inneren des Ger\u00e4ts.<\/p>\n<p style=\"color: rgb(34, 34, 34); font-family: Arial, Helvetica, sans-serif; font-size: small;\">Wesentliche Funktionen sind eine schwarz verkleidete Schublade mit einer sicheren Schnappverschlusssicherung, um ein versehentliches \u00d6ffnen zu verhindern. Dar\u00fcber hinaus ist die Schublade mit einem innovativen &#8220;Bel\u00fcftungsposition&#8221;-System ausgestattet, das in den Griff integriert ist. Dies erm\u00f6glicht eine teilweise \u00d6ffnung w\u00e4hrend der Inaktivit\u00e4t, um Schimmel und unangenehme Ger\u00fcche zu verhindern und gleichzeitig die Lebensmittelkonservierung zu verbessern.<\/p>\n<p style=\"color: rgb(34, 34, 34); font-family: Arial, Helvetica, sans-serif; font-size: small;\">Spezifikationen:<\/p>\n<ul style=\"color: rgb(34, 34, 34); font-family: Arial, Helvetica, sans-serif; font-size: small;\">\n<li>T\u00fcroberfl\u00e4che: Laminat<\/li>\n<li>Kapazit\u00e4t: 90 Liter<\/li>\n<li>H\u00f6he: 622 mm<\/li>\n<li>L\u00e4nge: 470 mm<\/li>\n<li>Tiefe: 547 mm<\/li>\n<li>Gewicht: 23,60 kg<\/li>\n<li>Serie: Chromelock<\/li>\n<li>Umkehrbare T\u00fcr: Nein<\/li>\n<li>Thermostat: Mechanisch<\/li>\n<li>K\u00fchltechnologie: Kompressor<\/li>\n<li>K\u00fchlger\u00e4t: Intern<\/li>\n<li>T\u00fcroffnung: Schubladen\u00f6ffnung<\/li>\n<li>Spannung: 12\/24 VDC<\/li>\n<\/ul>\n<p style=\"color: rgb(34, 34, 34); font-family: Arial, Helvetica, sans-serif; font-size: small;\">Dieses K\u00fchlschrank-Gefrierger\u00e4t ist eine hervorragende Wahl f\u00fcr alle, die zuverl\u00e4ssige und effiziente K\u00fchlung f\u00fcr ihre Bootsbed\u00fcrfnisse suchen.<\/p>\n","protected":false},"excerpt":{"rendered":"<p>K\u00fchlschrank Vitrifrigo C90DW 90lt 12-24V &#8211; Wir stellen vor: den Vitrifrigo C90DWi CHR K\u00fchlschrank-Gefrierger\u00e4t in Grau. Dieses Modell verf\u00fcgt \u00fcber<\/p>\n","protected":false},"featured_media":5943904,"comment_status":"open","ping_status":"closed","template":"","meta":[],"product_brand":[3525],"product_cat":[1464],"product_tag":[],"class_list":{"0":"post-735882","1":"product","2":"type-product","3":"status-publish","4":"has-post-thumbnail","6":"product_brand-vitrifrigo-de","7":"product_cat-kuehlschraenke-und-gefriertruhen","9":"first","10":"instock","11":"shipping-taxable","12":"purchasable","13":"product-type-simple"},"_links":{"self":[{"href":"https:\/\/stoic-curie.212-227-153-4.plesk.page\/de\/wp-json\/wp\/v2\/product\/735882","targetHints":{"allow":["GET"]}}],"collection":[{"href":"https:\/\/stoic-curie.212-227-153-4.plesk.page\/de\/wp-json\/wp\/v2\/product"}],"about":[{"href":"https:\/\/stoic-curie.212-227-153-4.plesk.page\/de\/wp-json\/wp\/v2\/types\/product"}],"replies":[{"embeddable":true,"href":"https:\/\/stoic-curie.212-227-153-4.plesk.page\/de\/wp-json\/wp\/v2\/comments?post=735882"}],"version-history":[{"count":0,"href":"https:\/\/stoic-curie.212-227-153-4.plesk.page\/de\/wp-json\/wp\/v2\/product\/735882\/revisions"}],"wp:featuredmedia":[{"embeddable":true,"href":"https:\/\/stoic-curie.212-227-153-4.plesk.page\/de\/wp-json\/wp\/v2\/media\/5943904"}],"wp:attachment":[{"href":"https:\/\/stoic-curie.212-227-153-4.plesk.page\/de\/wp-json\/wp\/v2\/media?parent=735882"}],"wp:term":[{"taxonomy":"product_brand","embeddable":true,"href":"https:\/\/stoic-curie.212-227-153-4.plesk.page\/de\/wp-json\/wp\/v2\/product_brand?post=735882"},{"taxonomy":"product_cat","embeddable":true,"href":"https:\/\/stoic-curie.212-227-153-4.plesk.page\/de\/wp-json\/wp\/v2\/product_cat?post=735882"},{"taxonomy":"product_tag","embeddable":true,"href":"https:\/\/stoic-curie.212-227-153-4.plesk.page\/de\/wp-json\/wp\/v2\/product_tag?post=735882"}],"curies":[{"name":"wp","href":"https:\/\/api.w.org\/{rel}","templated":true}]}}