{"id":735883,"date":"2025-03-03T16:29:38","date_gmt":"2025-03-03T15:29:38","guid":{"rendered":"https:\/\/stoic-curie.212-227-153-4.plesk.page\/producto\/vitrifrigo-kuehlschrank-c51dw-51-l-12-24v\/"},"modified":"2026-02-24T23:35:04","modified_gmt":"2026-02-24T23:35:04","slug":"vitrifrigo-kuehlschrank-c51dw-51-l-12-24v","status":"publish","type":"product","link":"https:\/\/stoic-curie.212-227-153-4.plesk.page\/de\/product\/vitrifrigo-kuehlschrank-c51dw-51-l-12-24v\/","title":{"rendered":"Vitrifrigo K\u00fchlschrank C51DW"},"content":{"rendered":"<p>Vitrifrigo K\u00fchlschrank C51DW &#8211; <\/p>\n<p style=\"color: rgb(34, 34, 34); font-family: Arial, Helvetica, sans-serif; font-size: small;\">Wir pr\u00e4sentieren den C51DWi Airlock K\u00fchlschrank mit Gefrierfach in Grau von Vitrifrigo. Dieser innovative Schubladen-K\u00fchlschrank arbeitet mit einer 12\/24V Danfoss-K\u00fchlungseinheit und verf\u00fcgt \u00fcber eine Schublade, die teilweise f\u00fcr die Bel\u00fcftung w\u00e4hrend der Nichtnutzung ge\u00f6ffnet werden kann. Er ist mit einem LED-Licht und einem mechanischen Thermostat ausgestattet, die eine einfache Temperaturkontrolle erm\u00f6glichen.<\/p>\n<p style=\"color: rgb(34, 34, 34); font-family: Arial, Helvetica, sans-serif; font-size: small;\">Das Modell C51DWi bietet eine Gesamtkapazit\u00e4t von 51 Litern, wobei 3,6 Liter f\u00fcr den Gefrierbereich reserviert sind. Die K\u00fchlungseinheit befindet sich praktisch im Inneren des Ger\u00e4ts.<\/p>\n<p style=\"color: rgb(34, 34, 34); font-family: Arial, Helvetica, sans-serif; font-size: small;\">Zu den Hauptmerkmalen geh\u00f6ren eine stilvolle graue Schublade mit einem sicheren Schnappverschluss, um ein versehentliches \u00d6ffnen zu verhindern. Dar\u00fcber hinaus verf\u00fcgt die Schublade \u00fcber ein einzigartiges &#8220;Bel\u00fcftungsposition&#8221;-System, das in den Griff integriert ist und ein teilweises \u00d6ffnen erm\u00f6glicht. Diese Funktion hilft, Schimmel und unerw\u00fcnschte Ger\u00fcche zu vermeiden und verbessert die Lebensmittelkonservierung.<\/p>\n<p style=\"color: rgb(34, 34, 34); font-family: Arial, Helvetica, sans-serif; font-size: small;\"><strong>Technische Daten:<\/strong><\/p>\n<ul style=\"color: rgb(34, 34, 34); font-family: Arial, Helvetica, sans-serif; font-size: small;\">\n<li><strong>T\u00fcr-Finish:<\/strong>\u00a0Laminiert<\/li>\n<li><strong>Gesamtkapazit\u00e4t:<\/strong>\u00a051 Liter<\/li>\n<li><strong>H\u00f6he:<\/strong>\u00a0532 mm<\/li>\n<li><strong>L\u00e4nge:<\/strong>\u00a0380 mm<\/li>\n<li><strong>Tiefe:<\/strong>\u00a0516 mm<\/li>\n<li><strong>Gewicht:<\/strong>\u00a019 kg<\/li>\n<li><strong>Serie:<\/strong>\u00a0AIRLOCK<\/li>\n<li><strong>Umkehrbare T\u00fcr:<\/strong>\u00a0Nein<\/li>\n<li><strong>Thermostat:<\/strong>\u00a0Mechanisch<\/li>\n<li><strong>K\u00fchltechnologie:<\/strong>\u00a0Kompressor<\/li>\n<li><strong>K\u00fchlger\u00e4t:<\/strong>\u00a0Extern<\/li>\n<li><strong>Spannung:<\/strong>\u00a012\/24 VDC<\/li>\n<\/ul>\n<p style=\"color: rgb(34, 34, 34); font-family: Arial, Helvetica, sans-serif; font-size: small;\">Dieser K\u00fchlschrank mit Gefrierfach ist eine ausgezeichnete Wahl f\u00fcr alle, die zuverl\u00e4ssige und effiziente K\u00fchlungsl\u00f6sungen f\u00fcr ihre Bootsausfl\u00fcge suchen.<\/p>\n","protected":false},"excerpt":{"rendered":"<p>Vitrifrigo K\u00fchlschrank C51DW &#8211; Wir pr\u00e4sentieren den C51DWi Airlock K\u00fchlschrank mit Gefrierfach in Grau von Vitrifrigo. Dieser innovative Schubladen-K\u00fchlschrank arbeitet<\/p>\n","protected":false},"featured_media":5943907,"comment_status":"open","ping_status":"closed","template":"","meta":[],"product_brand":[3525],"product_cat":[1464],"product_tag":[],"class_list":{"0":"post-735883","1":"product","2":"type-product","3":"status-publish","4":"has-post-thumbnail","6":"product_brand-vitrifrigo-de","7":"product_cat-kuehlschraenke-und-gefriertruhen","9":"first","10":"instock","11":"shipping-taxable","12":"purchasable","13":"product-type-simple"},"_links":{"self":[{"href":"https:\/\/stoic-curie.212-227-153-4.plesk.page\/de\/wp-json\/wp\/v2\/product\/735883","targetHints":{"allow":["GET"]}}],"collection":[{"href":"https:\/\/stoic-curie.212-227-153-4.plesk.page\/de\/wp-json\/wp\/v2\/product"}],"about":[{"href":"https:\/\/stoic-curie.212-227-153-4.plesk.page\/de\/wp-json\/wp\/v2\/types\/product"}],"replies":[{"embeddable":true,"href":"https:\/\/stoic-curie.212-227-153-4.plesk.page\/de\/wp-json\/wp\/v2\/comments?post=735883"}],"version-history":[{"count":0,"href":"https:\/\/stoic-curie.212-227-153-4.plesk.page\/de\/wp-json\/wp\/v2\/product\/735883\/revisions"}],"wp:featuredmedia":[{"embeddable":true,"href":"https:\/\/stoic-curie.212-227-153-4.plesk.page\/de\/wp-json\/wp\/v2\/media\/5943907"}],"wp:attachment":[{"href":"https:\/\/stoic-curie.212-227-153-4.plesk.page\/de\/wp-json\/wp\/v2\/media?parent=735883"}],"wp:term":[{"taxonomy":"product_brand","embeddable":true,"href":"https:\/\/stoic-curie.212-227-153-4.plesk.page\/de\/wp-json\/wp\/v2\/product_brand?post=735883"},{"taxonomy":"product_cat","embeddable":true,"href":"https:\/\/stoic-curie.212-227-153-4.plesk.page\/de\/wp-json\/wp\/v2\/product_cat?post=735883"},{"taxonomy":"product_tag","embeddable":true,"href":"https:\/\/stoic-curie.212-227-153-4.plesk.page\/de\/wp-json\/wp\/v2\/product_tag?post=735883"}],"curies":[{"name":"wp","href":"https:\/\/api.w.org\/{rel}","templated":true}]}}