{"id":735884,"date":"2025-03-03T16:29:38","date_gmt":"2025-03-03T15:29:38","guid":{"rendered":"https:\/\/stoic-curie.212-227-153-4.plesk.page\/producto\/tragbarer-kuehlschrank-vitrifrigo-vf65p-65-l-12-24v\/"},"modified":"2026-02-24T23:35:04","modified_gmt":"2026-02-24T23:35:04","slug":"tragbarer-kuehlschrank-vitrifrigo-vf65p-65-l-12-24v","status":"publish","type":"product","link":"https:\/\/stoic-curie.212-227-153-4.plesk.page\/de\/product\/tragbarer-kuehlschrank-vitrifrigo-vf65p-65-l-12-24v\/","title":{"rendered":"Tragbarer K\u00fchlschrank Vitrifrigo VF65P"},"content":{"rendered":"<p>Tragbarer K\u00fchlschrank Vitrifrigo VF65P &#8211; <\/p>\n<p><strong>Tragbarer K\u00fchlschrank und Gefrierschrank, VF65P, Vitrifrigo<\/strong><\/p>\n<p>Der tragbare K\u00fchlschrank-Gefrierschrank VF65P ist der ideale Begleiter, um Ihre Lebensmittel w\u00e4hrend Ihrer Reisen frisch zu halten. Dieses vielseitige Ger\u00e4t funktioniert mit verschiedenen Spannungen: 12V, 24V und 230V und ist mit einem Danfoss-K\u00fchlsystem ausgestattet. Es verf\u00fcgt \u00fcber ein digitales Bedienfeld, ein LED-Display, eine USB-Ladebuchse, einen abnehmbaren Deckel, einen herausnehmbaren Korb und ein internes LED-Licht. Sie k\u00f6nnen die Temperatur bequem von +10 \u00b0C bis -20 \u00b0C einstellen. Mit einem Gewicht von nur 23 kg und einem Volumen von 65 Litern, das in zwei F\u00e4cher aufgeteilt ist, bietet es eine effektive M\u00f6glichkeit, Ihre Sachen unterwegs zu organisieren.<\/p>\n<p>Das LED-Thermostat sorgt f\u00fcr eine pr\u00e4zise Temperaturregelung und h\u00e4lt Ihre Lebensmittel optimal aufbewahrt. Dar\u00fcber hinaus gew\u00e4hrleistet die Funktion &#8220;Not-\u00dcberbr\u00fcckung&#8221; einen unterbrechungsfreien Betrieb, selbst wenn das Thermostat einen Ausfall hat.<\/p>\n<p>Bringen Sie Frische auf all Ihren Reisen mit diesem zuverl\u00e4ssigen und kompakten tragbaren K\u00fchlschrank.<\/p>\n<p><strong>Zus\u00e4tzliche Informationen<\/strong><\/p>\n<ul>\n<li><strong>T\u00fcroberfl\u00e4che:<\/strong> ABS<\/li>\n<li><strong>Kapazit\u00e4t:<\/strong> 65 Liter<\/li>\n<li><strong>H\u00f6he:<\/strong> 560 mm<\/li>\n<li><strong>L\u00e4nge:<\/strong> 710 mm<\/li>\n<li><strong>Tiefe:<\/strong> 455 mm<\/li>\n<li><strong>Gewicht:<\/strong> 23 kg<\/li>\n<li><strong>Serie:<\/strong> VFREE<\/li>\n<li><strong>Umkehrbare T\u00fcr:<\/strong> Ja<\/li>\n<li><strong>Thermostat:<\/strong> Digital<\/li>\n<li><strong>K\u00fchltechnologie:<\/strong> Kompressor<\/li>\n<li><strong>K\u00fchlger\u00e4t:<\/strong> Intern<\/li>\n<li><strong>T\u00fcr\u00f6ffnung:<\/strong> Im Cockpit<\/li>\n<li><strong>Energieeffizienzklasse:<\/strong> C<\/li>\n<li><strong>Spannung:<\/strong> 12\/24 VDC &#8211; 100\/240 VAC<\/li>\n<\/ul>\n","protected":false},"excerpt":{"rendered":"<p>Tragbarer K\u00fchlschrank Vitrifrigo VF65P &#8211; Tragbarer K\u00fchlschrank und Gefrierschrank, VF65P, Vitrifrigo Der tragbare K\u00fchlschrank-Gefrierschrank VF65P ist der ideale Begleiter, um<\/p>\n","protected":false},"featured_media":5943908,"comment_status":"open","ping_status":"closed","template":"","meta":[],"product_brand":[3525],"product_cat":[1359,1464],"product_tag":[],"class_list":{"0":"post-735884","1":"product","2":"type-product","3":"status-publish","4":"has-post-thumbnail","6":"product_brand-vitrifrigo-de","7":"product_cat-kuehlbox-kuehlgeraete","8":"product_cat-kuehlschraenke-und-gefriertruhen","10":"first","11":"instock","12":"shipping-taxable","13":"purchasable","14":"product-type-simple"},"_links":{"self":[{"href":"https:\/\/stoic-curie.212-227-153-4.plesk.page\/de\/wp-json\/wp\/v2\/product\/735884","targetHints":{"allow":["GET"]}}],"collection":[{"href":"https:\/\/stoic-curie.212-227-153-4.plesk.page\/de\/wp-json\/wp\/v2\/product"}],"about":[{"href":"https:\/\/stoic-curie.212-227-153-4.plesk.page\/de\/wp-json\/wp\/v2\/types\/product"}],"replies":[{"embeddable":true,"href":"https:\/\/stoic-curie.212-227-153-4.plesk.page\/de\/wp-json\/wp\/v2\/comments?post=735884"}],"version-history":[{"count":0,"href":"https:\/\/stoic-curie.212-227-153-4.plesk.page\/de\/wp-json\/wp\/v2\/product\/735884\/revisions"}],"wp:featuredmedia":[{"embeddable":true,"href":"https:\/\/stoic-curie.212-227-153-4.plesk.page\/de\/wp-json\/wp\/v2\/media\/5943908"}],"wp:attachment":[{"href":"https:\/\/stoic-curie.212-227-153-4.plesk.page\/de\/wp-json\/wp\/v2\/media?parent=735884"}],"wp:term":[{"taxonomy":"product_brand","embeddable":true,"href":"https:\/\/stoic-curie.212-227-153-4.plesk.page\/de\/wp-json\/wp\/v2\/product_brand?post=735884"},{"taxonomy":"product_cat","embeddable":true,"href":"https:\/\/stoic-curie.212-227-153-4.plesk.page\/de\/wp-json\/wp\/v2\/product_cat?post=735884"},{"taxonomy":"product_tag","embeddable":true,"href":"https:\/\/stoic-curie.212-227-153-4.plesk.page\/de\/wp-json\/wp\/v2\/product_tag?post=735884"}],"curies":[{"name":"wp","href":"https:\/\/api.w.org\/{rel}","templated":true}]}}