{"id":735885,"date":"2025-03-03T16:29:38","date_gmt":"2025-03-03T15:29:38","guid":{"rendered":"https:\/\/stoic-curie.212-227-153-4.plesk.page\/producto\/tragbarer-kuehlschrank-gefrierschrank-vitrifrigo-vfree-vf55p-12-24v\/"},"modified":"2026-02-24T23:35:04","modified_gmt":"2026-02-24T23:35:04","slug":"tragbarer-kuehlschrank-gefrierschrank-vitrifrigo-vfree-vf55p-12-24v","status":"publish","type":"product","link":"https:\/\/stoic-curie.212-227-153-4.plesk.page\/de\/product\/tragbarer-kuehlschrank-gefrierschrank-vitrifrigo-vfree-vf55p-12-24v\/","title":{"rendered":"Tragbarer K\u00fchlschrank Vitrifrigo VF55P"},"content":{"rendered":"<p>Tragbarer K\u00fchlschrank Vitrifrigo VF55P &#8211; <\/p>\n<p>Wir pr\u00e4sentieren den tragbaren K\u00fchlschrank und Gefrierschrank VF55P von Vitrifrigo. Dieses vielseitige Ger\u00e4t ist mit einer Multi-Spannungs-Danfoss-K\u00fchlungseinheit ausgestattet, die bei 12 V, 24 V oder 230 V funktioniert. Es verf\u00fcgt \u00fcber ein digitales Bedienfeld, ein LED-Display, eine USB-Ladebuchse, einen abnehmbaren Deckel, einen herausnehmbaren Korb und ein internes LED-Licht. Sie k\u00f6nnen die Innentemperatur bequem zwischen +10 \u00b0C und -20 \u00b0C einstellen.<\/p>\n<p>Das Modell VF55P eignet sich ideal f\u00fcr den Transport von frischen Lebensmitteln und Getr\u00e4nken, egal wohin Ihre Abenteuer Sie f\u00fchren. Sein kompaktes und leichtes Design wiegt nur 22 kg und bietet ein Gesamtvolumen von 55 Litern, das in zwei F\u00e4cher f\u00fcr eine effektive Organisation unterteilt ist.<\/p>\n<p>Die Temperaturregelung erfolgt durch ein LED-Thermostat, das \u00fcber eine \u201eNotfall-\u00dcbersteuerung\u201c verf\u00fcgt. Dies gew\u00e4hrleistet, dass der K\u00fchlschrank weiterhin funktioniert, selbst wenn das Thermostat ausf\u00e4llt.<\/p>\n<p><strong>Zus\u00e4tzliche Details:<\/strong><\/p>\n<ul>\n<li><strong>T\u00fcrmaterial:<\/strong> ABS<\/li>\n<li><strong>Kapazit\u00e4t:<\/strong> 55 Liter<\/li>\n<li><strong>H\u00f6he:<\/strong> 500 mm<\/li>\n<li><strong>L\u00e4nge:<\/strong> 710 mm<\/li>\n<li><strong>Tiefe:<\/strong> 455 mm<\/li>\n<li><strong>Gewicht:<\/strong> 22 kg<\/li>\n<li><strong>Serie:<\/strong> VFREE<\/li>\n<li><strong>Umkehrbare T\u00fcr:<\/strong> Ja<\/li>\n<li><strong>Thermostat-Typ:<\/strong> Digital<\/li>\n<li><strong>K\u00fchltechnologie:<\/strong> Kompressor<\/li>\n<li><strong>K\u00fchlaggregate-Standort:<\/strong> Intern<\/li>\n<li><strong>T\u00fcrzugang:<\/strong> Im Cockpit<\/li>\n<li><strong>Energieeffizienzklasse:<\/strong> C<\/li>\n<li><strong>Spannungsoptionen:<\/strong> 12\/24 VDC &#8211; 100\/240 VAC<\/li>\n<\/ul>\n<p>Dieser tragbare K\u00fchlschrank-Gefrierschrank ist eine hervorragende Option f\u00fcr alle, die ihre Lebensmittel und Getr\u00e4nke w\u00e4hrend der Reise frisch halten m\u00f6chten.<\/p>\n","protected":false},"excerpt":{"rendered":"<p>Tragbarer K\u00fchlschrank Vitrifrigo VF55P &#8211; Wir pr\u00e4sentieren den tragbaren K\u00fchlschrank und Gefrierschrank VF55P von Vitrifrigo. Dieses vielseitige Ger\u00e4t ist mit<\/p>\n","protected":false},"featured_media":5943908,"comment_status":"open","ping_status":"closed","template":"","meta":[],"product_brand":[3525],"product_cat":[1359,1464],"product_tag":[],"class_list":{"0":"post-735885","1":"product","2":"type-product","3":"status-publish","4":"has-post-thumbnail","6":"product_brand-vitrifrigo-de","7":"product_cat-kuehlbox-kuehlgeraete","8":"product_cat-kuehlschraenke-und-gefriertruhen","10":"first","11":"instock","12":"shipping-taxable","13":"purchasable","14":"product-type-simple"},"_links":{"self":[{"href":"https:\/\/stoic-curie.212-227-153-4.plesk.page\/de\/wp-json\/wp\/v2\/product\/735885","targetHints":{"allow":["GET"]}}],"collection":[{"href":"https:\/\/stoic-curie.212-227-153-4.plesk.page\/de\/wp-json\/wp\/v2\/product"}],"about":[{"href":"https:\/\/stoic-curie.212-227-153-4.plesk.page\/de\/wp-json\/wp\/v2\/types\/product"}],"replies":[{"embeddable":true,"href":"https:\/\/stoic-curie.212-227-153-4.plesk.page\/de\/wp-json\/wp\/v2\/comments?post=735885"}],"version-history":[{"count":0,"href":"https:\/\/stoic-curie.212-227-153-4.plesk.page\/de\/wp-json\/wp\/v2\/product\/735885\/revisions"}],"wp:featuredmedia":[{"embeddable":true,"href":"https:\/\/stoic-curie.212-227-153-4.plesk.page\/de\/wp-json\/wp\/v2\/media\/5943908"}],"wp:attachment":[{"href":"https:\/\/stoic-curie.212-227-153-4.plesk.page\/de\/wp-json\/wp\/v2\/media?parent=735885"}],"wp:term":[{"taxonomy":"product_brand","embeddable":true,"href":"https:\/\/stoic-curie.212-227-153-4.plesk.page\/de\/wp-json\/wp\/v2\/product_brand?post=735885"},{"taxonomy":"product_cat","embeddable":true,"href":"https:\/\/stoic-curie.212-227-153-4.plesk.page\/de\/wp-json\/wp\/v2\/product_cat?post=735885"},{"taxonomy":"product_tag","embeddable":true,"href":"https:\/\/stoic-curie.212-227-153-4.plesk.page\/de\/wp-json\/wp\/v2\/product_tag?post=735885"}],"curies":[{"name":"wp","href":"https:\/\/api.w.org\/{rel}","templated":true}]}}