{"id":735886,"date":"2025-03-03T16:29:38","date_gmt":"2025-03-03T15:29:38","guid":{"rendered":"https:\/\/stoic-curie.212-227-153-4.plesk.page\/producto\/vitrifrigo-tragbarer-kuehlschrank-gefrierschrank-vf45p-45-l-12-24-230v\/"},"modified":"2026-02-24T23:35:04","modified_gmt":"2026-02-24T23:35:04","slug":"vitrifrigo-tragbarer-kuehlschrank-gefrierschrank-vf45p-45-l-12-24-230v","status":"publish","type":"product","link":"https:\/\/stoic-curie.212-227-153-4.plesk.page\/de\/product\/vitrifrigo-tragbarer-kuehlschrank-gefrierschrank-vf45p-45-l-12-24-230v\/","title":{"rendered":"Tragbarer K\u00fchlschrank Vitrifrigo VF45P"},"content":{"rendered":"<p>Tragbarer K\u00fchlschrank Vitrifrigo VF45P &#8211; <\/p>\n<p>Pr\u00e4sentieren Sie den tragbaren K\u00fchlschrank und Gefrierschrank VF45P von Vitrifrigo. Dieses vielseitige Ger\u00e4t ist mit einem Mehrspannungs-Danfoss-K\u00fchlsystem ausgestattet, das mit 12 V, 24 V oder 230 V funktioniert. Es verf\u00fcgt \u00fcber ein digitales Bedienfeld, ein LED-Display, einen USB-Ladeanschluss, einen abnehmbaren Deckel, einen herausnehmbaren Korb und ein internes LED-Licht. Sie k\u00f6nnen die Innentemperatur bequem von +10 \u00b0C bis -20 \u00b0C einstellen.<\/p>\n<p>Der VF45P ist der ideale tragbare K\u00fchlschrank-Gefrierschrank, um Ihre Lebensmittel und Getr\u00e4nke bei jedem Ausflug frisch zu halten. Mit einem Gewicht von nur 20,5 kg bietet sein kompaktes Design eine Gesamtkapazit\u00e4t von 45 Litern, unterteilt in zwei F\u00e4cher f\u00fcr eine effektive Organisation von Lebensmitteln.<\/p>\n<p>Die Temperaturregelung ist mit dem LED-Thermostat einfach, das \u00fcber eine &#8220;Notfall\u00fcberschreibung&#8221;-Funktion verf\u00fcgt, um einen kontinuierlichen Betrieb im Falle einer St\u00f6rung zu gew\u00e4hrleisten.<\/p>\n<p>Entdecken Sie die Bequemlichkeit und Zuverl\u00e4ssigkeit des VF45P, der daf\u00fcr entwickelt wurde, Ihre Artikel unabh\u00e4ngig von Ihrem Ziel frisch zu halten!<\/p>\n<p><strong>Spezifikationen:<\/strong><\/p>\n<ul>\n<li><strong>T\u00fcrfinish:<\/strong> ABS<\/li>\n<li><strong>Kapazit\u00e4t:<\/strong> 45 Liter<\/li>\n<li><strong>H\u00f6he:<\/strong> 490 mm<\/li>\n<li><strong>L\u00e4nge:<\/strong> 680 mm<\/li>\n<li><strong>Tiefe:<\/strong> 410 mm<\/li>\n<li><strong>Gewicht:<\/strong> 21 kg<\/li>\n<li><strong>Serie:<\/strong> VFREE<\/li>\n<li><strong>Umkehrbare T\u00fcr:<\/strong> Ja<\/li>\n<li><strong>Thermostat:<\/strong> Digital<\/li>\n<li><strong>K\u00fchltechnologie:<\/strong> Kompressor<\/li>\n<li><strong>K\u00fchlelement:<\/strong> Intern<\/li>\n<li><strong>T\u00fcr\u00f6ffnung:<\/strong> Im Cockpit<\/li>\n<li><strong>Energieeffizienzklasse:<\/strong> D<\/li>\n<li><strong>Spannung:<\/strong> 12\/24 VDC &#8211; 100\/240 VAC<\/li>\n<\/ul>\n","protected":false},"excerpt":{"rendered":"<p>Tragbarer K\u00fchlschrank Vitrifrigo VF45P &#8211; Pr\u00e4sentieren Sie den tragbaren K\u00fchlschrank und Gefrierschrank VF45P von Vitrifrigo. Dieses vielseitige Ger\u00e4t ist mit<\/p>\n","protected":false},"featured_media":5943908,"comment_status":"open","ping_status":"closed","template":"","meta":[],"product_brand":[3525],"product_cat":[1464],"product_tag":[],"class_list":{"0":"post-735886","1":"product","2":"type-product","3":"status-publish","4":"has-post-thumbnail","6":"product_brand-vitrifrigo-de","7":"product_cat-kuehlschraenke-und-gefriertruhen","9":"first","10":"instock","11":"shipping-taxable","12":"purchasable","13":"product-type-simple"},"_links":{"self":[{"href":"https:\/\/stoic-curie.212-227-153-4.plesk.page\/de\/wp-json\/wp\/v2\/product\/735886","targetHints":{"allow":["GET"]}}],"collection":[{"href":"https:\/\/stoic-curie.212-227-153-4.plesk.page\/de\/wp-json\/wp\/v2\/product"}],"about":[{"href":"https:\/\/stoic-curie.212-227-153-4.plesk.page\/de\/wp-json\/wp\/v2\/types\/product"}],"replies":[{"embeddable":true,"href":"https:\/\/stoic-curie.212-227-153-4.plesk.page\/de\/wp-json\/wp\/v2\/comments?post=735886"}],"version-history":[{"count":0,"href":"https:\/\/stoic-curie.212-227-153-4.plesk.page\/de\/wp-json\/wp\/v2\/product\/735886\/revisions"}],"wp:featuredmedia":[{"embeddable":true,"href":"https:\/\/stoic-curie.212-227-153-4.plesk.page\/de\/wp-json\/wp\/v2\/media\/5943908"}],"wp:attachment":[{"href":"https:\/\/stoic-curie.212-227-153-4.plesk.page\/de\/wp-json\/wp\/v2\/media?parent=735886"}],"wp:term":[{"taxonomy":"product_brand","embeddable":true,"href":"https:\/\/stoic-curie.212-227-153-4.plesk.page\/de\/wp-json\/wp\/v2\/product_brand?post=735886"},{"taxonomy":"product_cat","embeddable":true,"href":"https:\/\/stoic-curie.212-227-153-4.plesk.page\/de\/wp-json\/wp\/v2\/product_cat?post=735886"},{"taxonomy":"product_tag","embeddable":true,"href":"https:\/\/stoic-curie.212-227-153-4.plesk.page\/de\/wp-json\/wp\/v2\/product_tag?post=735886"}],"curies":[{"name":"wp","href":"https:\/\/api.w.org\/{rel}","templated":true}]}}