{"id":735887,"date":"2025-03-03T16:29:39","date_gmt":"2025-03-03T15:29:39","guid":{"rendered":"https:\/\/stoic-curie.212-227-153-4.plesk.page\/producto\/tragbarer-kuehlschrank-und-gefrierschrank-vitrifrigo-vf35p-12-24-230v\/"},"modified":"2026-02-24T23:35:04","modified_gmt":"2026-02-24T23:35:04","slug":"tragbarer-kuehlschrank-und-gefrierschrank-vitrifrigo-vf35p-12-24-230v","status":"publish","type":"product","link":"https:\/\/stoic-curie.212-227-153-4.plesk.page\/de\/product\/tragbarer-kuehlschrank-und-gefrierschrank-vitrifrigo-vf35p-12-24-230v\/","title":{"rendered":"Tragbarer K\u00fchlschrank Vitrifrigo VF35P"},"content":{"rendered":"<p>Tragbarer K\u00fchlschrank Vitrifrigo VF35P &#8211; <\/p>\n<p>Wir freuen uns, den VF35P tragbaren K\u00fchlschrank und Gefrierschrank von Vitrifrigo vorzustellen. Dieses vielseitige Ger\u00e4t funktioniert bei verschiedenen Spannungen: 12V, 24V und 230V, dank seines hocheffizienten Danfoss-K\u00fchlsystems. Es ist mit einem digitalen Bedienfeld mit LED-Anzeige, einem USB-Ladeanschluss, einem abnehmbaren Deckel, einem herausnehmbaren Korb und einem internen LED-Licht ausgestattet. Sie k\u00f6nnen die Temperatur bequem von +10 \u00b0C bis -20 \u00b0C einstellen.<\/p>\n<p>Der VF35P ist speziell daf\u00fcr konzipiert, frische Lebensmittel und Getr\u00e4nke \u00fcberallhin zu transportieren, wo Ihre Abenteuer Sie hinf\u00fchren. Sein kompaktes und leichtes Design mit einem Gewicht von nur 19,5 kg bietet ein Gesamtvolumen von 35 Litern, verteilt auf zwei F\u00e4cher f\u00fcr effiziente Lagerung.<\/p>\n<p>Die Temperaturregelung erfolgt \u00fcber ein LED-Thermostat, das \u00fcber eine &#8220;Notfall-\u00dcbersteuerung&#8221;-Funktion verf\u00fcgt. Dies stellt sicher, dass der K\u00fchlschrank weiterhin funktioniert, selbst wenn das Thermostat ausf\u00e4llt.<\/p>\n<p><strong>Spezifikationen:<\/strong><\/p>\n<ul>\n<li><strong>Kapazit\u00e4t:<\/strong> 35 Liter<\/li>\n<li><strong>H\u00f6he:<\/strong> 440 mm<\/li>\n<li><strong>L\u00e4nge:<\/strong> 680 mm<\/li>\n<li><strong>Tiefe:<\/strong> 410 mm<\/li>\n<li><strong>Gewicht:<\/strong> 20 kg<\/li>\n<li><strong>Serie:<\/strong> VFREE<\/li>\n<li><strong>Umkehrbare T\u00fcr:<\/strong> Ja<\/li>\n<li><strong>Thermostat:<\/strong> Digital<\/li>\n<li><strong>K\u00fchltechnologie:<\/strong> Kompressor<\/li>\n<li><strong>K\u00fchleinheit:<\/strong> Intern<\/li>\n<li><strong>T\u00fcr\u00f6ffnung:<\/strong> Im Cockpit<\/li>\n<li><strong>Energieeffizienzklasse:<\/strong> D<\/li>\n<li><strong>Spannung:<\/strong> 12\/24 VDC &#8211; 100\/240 VAC<\/li>\n<\/ul>\n<p>Dieser tragbare K\u00fchlschrank-Gefrierschrank ist eine hervorragende Option f\u00fcr jeden, der seine Lebensmittel und Getr\u00e4nke w\u00e4hrend der Reise frisch halten m\u00f6chte.<\/p>\n","protected":false},"excerpt":{"rendered":"<p>Tragbarer K\u00fchlschrank Vitrifrigo VF35P &#8211; Wir freuen uns, den VF35P tragbaren K\u00fchlschrank und Gefrierschrank von Vitrifrigo vorzustellen. Dieses vielseitige Ger\u00e4t<\/p>\n","protected":false},"featured_media":5943908,"comment_status":"open","ping_status":"closed","template":"","meta":[],"product_brand":[3525],"product_cat":[1359,1464],"product_tag":[],"class_list":{"0":"post-735887","1":"product","2":"type-product","3":"status-publish","4":"has-post-thumbnail","6":"product_brand-vitrifrigo-de","7":"product_cat-kuehlbox-kuehlgeraete","8":"product_cat-kuehlschraenke-und-gefriertruhen","10":"first","11":"instock","12":"shipping-taxable","13":"purchasable","14":"product-type-simple"},"_links":{"self":[{"href":"https:\/\/stoic-curie.212-227-153-4.plesk.page\/de\/wp-json\/wp\/v2\/product\/735887","targetHints":{"allow":["GET"]}}],"collection":[{"href":"https:\/\/stoic-curie.212-227-153-4.plesk.page\/de\/wp-json\/wp\/v2\/product"}],"about":[{"href":"https:\/\/stoic-curie.212-227-153-4.plesk.page\/de\/wp-json\/wp\/v2\/types\/product"}],"replies":[{"embeddable":true,"href":"https:\/\/stoic-curie.212-227-153-4.plesk.page\/de\/wp-json\/wp\/v2\/comments?post=735887"}],"version-history":[{"count":0,"href":"https:\/\/stoic-curie.212-227-153-4.plesk.page\/de\/wp-json\/wp\/v2\/product\/735887\/revisions"}],"wp:featuredmedia":[{"embeddable":true,"href":"https:\/\/stoic-curie.212-227-153-4.plesk.page\/de\/wp-json\/wp\/v2\/media\/5943908"}],"wp:attachment":[{"href":"https:\/\/stoic-curie.212-227-153-4.plesk.page\/de\/wp-json\/wp\/v2\/media?parent=735887"}],"wp:term":[{"taxonomy":"product_brand","embeddable":true,"href":"https:\/\/stoic-curie.212-227-153-4.plesk.page\/de\/wp-json\/wp\/v2\/product_brand?post=735887"},{"taxonomy":"product_cat","embeddable":true,"href":"https:\/\/stoic-curie.212-227-153-4.plesk.page\/de\/wp-json\/wp\/v2\/product_cat?post=735887"},{"taxonomy":"product_tag","embeddable":true,"href":"https:\/\/stoic-curie.212-227-153-4.plesk.page\/de\/wp-json\/wp\/v2\/product_tag?post=735887"}],"curies":[{"name":"wp","href":"https:\/\/api.w.org\/{rel}","templated":true}]}}