{"id":735890,"date":"2025-03-03T16:29:39","date_gmt":"2025-03-03T15:29:39","guid":{"rendered":"https:\/\/stoic-curie.212-227-153-4.plesk.page\/producto\/umlenkrolle-fiddle-mit-schaekel-master-windrider-57-mm-fuer-leinen-bis-10mm\/"},"modified":"2026-02-24T23:35:04","modified_gmt":"2026-02-24T23:35:04","slug":"umlenkrolle-fiddle-mit-schaekel-master-windrider-57-mm-fuer-leinen-bis-10mm","status":"publish","type":"product","link":"https:\/\/stoic-curie.212-227-153-4.plesk.page\/de\/product\/umlenkrolle-fiddle-mit-schaekel-master-windrider-57-mm-fuer-leinen-bis-10mm\/","title":{"rendered":"Umlenkrolle Fiddle mit Sch\u00e4kel Master Windrider 57 mm f\u00fcr Leinen bis 10mm"},"content":{"rendered":"<p>Umlenkrolle Fiddle mit Sch\u00e4kel Master Windrider 57 mm f\u00fcr Leinen bis 10mm &#8211; <\/p>\n<p>Die Master-Komposit-Kugellagerbl\u00f6cke mit niedrigem Reibungskoeffizienten sind f\u00fcr den Wettkampfsport im Segeln ausgelegt. Die hochfesten Komposit-Seitenplatten gew\u00e4hrleisten eine optimale Leistung bei den Arbeitslasten. Sch\u00f6nes Design und einfache Handhabung. Kugellager: selbstschmierenden Acetal-Komposit. Scheibendurchmesser 57 mm: selbstschmierenden Acetal-Komposit. Backen: verst\u00e4rkt aus glasfaserverst\u00e4rktem Nylon-Komposit, UV-stabilisiert. Drehsch\u00e4kel: Geschmiedeter Edelstahl der Klasse 316. WL: Arbeitslast. BL: Bruchlast. HINWEIS: Die Arbeits-\/Bruchlast von Bl\u00f6cken mit Nocke basiert auf der Festigkeit der Nocke.<\/p>\n","protected":false},"excerpt":{"rendered":"<p>Umlenkrolle Fiddle mit Sch\u00e4kel Master Windrider 57 mm f\u00fcr Leinen bis 10mm &#8211; Die Master-Komposit-Kugellagerbl\u00f6cke mit niedrigem Reibungskoeffizienten sind f\u00fcr<\/p>\n","protected":false},"featured_media":5943913,"comment_status":"open","ping_status":"closed","template":"","meta":[],"product_brand":[3130],"product_cat":[1483],"product_tag":[],"class_list":{"0":"post-735890","1":"product","2":"type-product","3":"status-publish","4":"has-post-thumbnail","6":"product_brand-master-de","7":"product_cat-master-bloecke","9":"first","10":"instock","11":"shipping-taxable","12":"purchasable","13":"product-type-simple"},"_links":{"self":[{"href":"https:\/\/stoic-curie.212-227-153-4.plesk.page\/de\/wp-json\/wp\/v2\/product\/735890","targetHints":{"allow":["GET"]}}],"collection":[{"href":"https:\/\/stoic-curie.212-227-153-4.plesk.page\/de\/wp-json\/wp\/v2\/product"}],"about":[{"href":"https:\/\/stoic-curie.212-227-153-4.plesk.page\/de\/wp-json\/wp\/v2\/types\/product"}],"replies":[{"embeddable":true,"href":"https:\/\/stoic-curie.212-227-153-4.plesk.page\/de\/wp-json\/wp\/v2\/comments?post=735890"}],"version-history":[{"count":0,"href":"https:\/\/stoic-curie.212-227-153-4.plesk.page\/de\/wp-json\/wp\/v2\/product\/735890\/revisions"}],"wp:featuredmedia":[{"embeddable":true,"href":"https:\/\/stoic-curie.212-227-153-4.plesk.page\/de\/wp-json\/wp\/v2\/media\/5943913"}],"wp:attachment":[{"href":"https:\/\/stoic-curie.212-227-153-4.plesk.page\/de\/wp-json\/wp\/v2\/media?parent=735890"}],"wp:term":[{"taxonomy":"product_brand","embeddable":true,"href":"https:\/\/stoic-curie.212-227-153-4.plesk.page\/de\/wp-json\/wp\/v2\/product_brand?post=735890"},{"taxonomy":"product_cat","embeddable":true,"href":"https:\/\/stoic-curie.212-227-153-4.plesk.page\/de\/wp-json\/wp\/v2\/product_cat?post=735890"},{"taxonomy":"product_tag","embeddable":true,"href":"https:\/\/stoic-curie.212-227-153-4.plesk.page\/de\/wp-json\/wp\/v2\/product_tag?post=735890"}],"curies":[{"name":"wp","href":"https:\/\/api.w.org\/{rel}","templated":true}]}}