{"id":735891,"date":"2025-03-03T16:29:39","date_gmt":"2025-03-03T15:29:39","guid":{"rendered":"https:\/\/stoic-curie.212-227-153-4.plesk.page\/producto\/fiddle-rollenblock-master-mit-nockenklemme-wirbel-57mm-fuer-10mm-leinen\/"},"modified":"2026-02-24T23:35:04","modified_gmt":"2026-02-24T23:35:04","slug":"fiddle-rollenblock-master-mit-nockenklemme-wirbel-57mm-fuer-10mm-leinen","status":"publish","type":"product","link":"https:\/\/stoic-curie.212-227-153-4.plesk.page\/de\/product\/fiddle-rollenblock-master-mit-nockenklemme-wirbel-57mm-fuer-10mm-leinen\/","title":{"rendered":"Fiddle Rollenblock Master mit Nockenklemme &#038; Wirbel 57mm f\u00fcr 10mm Leinen"},"content":{"rendered":"<p>Fiddle Rollenblock Master mit Nockenklemme &#038; Wirbel 57mm f\u00fcr 10mm Leinen &#8211; <\/p>\n<p>Master-Komposit-Kugellagerbl\u00f6cke mit niedrigem Reibungskoeffizienten sind f\u00fcr den Wettkampfsport im Segeln konzipiert. Die hochfesten Komposit-Seitenplatten gew\u00e4hrleisten eine optimale Leistung bei Arbeitslasten. Sch\u00f6ne Gestaltung und einfache Handhabung.<br \/> Kugellager: selbstschmierende Acetalverbindung<br \/> Scheibendurchmesser 57 mm: selbstschmierende Acetalverbindung<br \/> Wangen: verst\u00e4rktes glasfaserverst\u00e4rktes Nylon mit UV-Stabilisierung<br \/> Drehhaken: geschmiedeter Grad 316 Edelst\u00e4h<br \/> WL: Arbeitslast<br \/> BL: Bruchlast<br \/> HINWEIS: Die Arbeits-\/Bruchlast von Bl\u00f6cken mit einer Riemenscheibe basiert auf der Festigkeit der Riemenscheibe.<\/p>\n","protected":false},"excerpt":{"rendered":"<p>Fiddle Rollenblock Master mit Nockenklemme &#038; Wirbel 57mm f\u00fcr 10mm Leinen &#8211; Master-Komposit-Kugellagerbl\u00f6cke mit niedrigem Reibungskoeffizienten sind f\u00fcr den Wettkampfsport<\/p>\n","protected":false},"featured_media":5943914,"comment_status":"open","ping_status":"closed","template":"","meta":[],"product_brand":[3130],"product_cat":[1483],"product_tag":[],"class_list":{"0":"post-735891","1":"product","2":"type-product","3":"status-publish","4":"has-post-thumbnail","6":"product_brand-master-de","7":"product_cat-master-bloecke","9":"first","10":"instock","11":"shipping-taxable","12":"purchasable","13":"product-type-simple"},"_links":{"self":[{"href":"https:\/\/stoic-curie.212-227-153-4.plesk.page\/de\/wp-json\/wp\/v2\/product\/735891","targetHints":{"allow":["GET"]}}],"collection":[{"href":"https:\/\/stoic-curie.212-227-153-4.plesk.page\/de\/wp-json\/wp\/v2\/product"}],"about":[{"href":"https:\/\/stoic-curie.212-227-153-4.plesk.page\/de\/wp-json\/wp\/v2\/types\/product"}],"replies":[{"embeddable":true,"href":"https:\/\/stoic-curie.212-227-153-4.plesk.page\/de\/wp-json\/wp\/v2\/comments?post=735891"}],"version-history":[{"count":0,"href":"https:\/\/stoic-curie.212-227-153-4.plesk.page\/de\/wp-json\/wp\/v2\/product\/735891\/revisions"}],"wp:featuredmedia":[{"embeddable":true,"href":"https:\/\/stoic-curie.212-227-153-4.plesk.page\/de\/wp-json\/wp\/v2\/media\/5943914"}],"wp:attachment":[{"href":"https:\/\/stoic-curie.212-227-153-4.plesk.page\/de\/wp-json\/wp\/v2\/media?parent=735891"}],"wp:term":[{"taxonomy":"product_brand","embeddable":true,"href":"https:\/\/stoic-curie.212-227-153-4.plesk.page\/de\/wp-json\/wp\/v2\/product_brand?post=735891"},{"taxonomy":"product_cat","embeddable":true,"href":"https:\/\/stoic-curie.212-227-153-4.plesk.page\/de\/wp-json\/wp\/v2\/product_cat?post=735891"},{"taxonomy":"product_tag","embeddable":true,"href":"https:\/\/stoic-curie.212-227-153-4.plesk.page\/de\/wp-json\/wp\/v2\/product_tag?post=735891"}],"curies":[{"name":"wp","href":"https:\/\/api.w.org\/{rel}","templated":true}]}}