{"id":735916,"date":"2025-03-03T16:29:44","date_gmt":"2025-03-03T15:29:44","guid":{"rendered":"https:\/\/stoic-curie.212-227-153-4.plesk.page\/producto\/edelstahlklappanker-4-kg\/"},"modified":"2026-02-24T23:35:04","modified_gmt":"2026-02-24T23:35:04","slug":"edelstahlklappanker-4-kg","status":"publish","type":"product","link":"https:\/\/stoic-curie.212-227-153-4.plesk.page\/de\/product\/edelstahlklappanker-4-kg\/","title":{"rendered":"Edelstahlklappanker 4 kg"},"content":{"rendered":"<p>Edelstahlklappanker 4 kg &#8211; <\/p>\n<p>Edelstahl-Faltanker f\u00fcr verschiedene Untergr\u00fcnde. Ideal f\u00fcr: Felsen, Steine und Sand. Oft als sekund\u00e4rer Anker verwendet.<\/p>\n","protected":false},"excerpt":{"rendered":"<p>Edelstahlklappanker 4 kg &#8211; Edelstahl-Faltanker f\u00fcr verschiedene Untergr\u00fcnde. Ideal f\u00fcr: Felsen, Steine und Sand. Oft als sekund\u00e4rer Anker verwendet.<\/p>\n","protected":false},"featured_media":5943935,"comment_status":"open","ping_status":"closed","template":"","meta":[],"product_brand":[3120],"product_cat":[1574],"product_tag":[],"class_list":{"0":"post-735916","1":"product","2":"type-product","3":"status-publish","4":"has-post-thumbnail","6":"product_brand-marinetech-de","7":"product_cat-anker-grapnel","9":"first","10":"instock","11":"shipping-taxable","12":"purchasable","13":"product-type-simple"},"_links":{"self":[{"href":"https:\/\/stoic-curie.212-227-153-4.plesk.page\/de\/wp-json\/wp\/v2\/product\/735916","targetHints":{"allow":["GET"]}}],"collection":[{"href":"https:\/\/stoic-curie.212-227-153-4.plesk.page\/de\/wp-json\/wp\/v2\/product"}],"about":[{"href":"https:\/\/stoic-curie.212-227-153-4.plesk.page\/de\/wp-json\/wp\/v2\/types\/product"}],"replies":[{"embeddable":true,"href":"https:\/\/stoic-curie.212-227-153-4.plesk.page\/de\/wp-json\/wp\/v2\/comments?post=735916"}],"version-history":[{"count":0,"href":"https:\/\/stoic-curie.212-227-153-4.plesk.page\/de\/wp-json\/wp\/v2\/product\/735916\/revisions"}],"wp:featuredmedia":[{"embeddable":true,"href":"https:\/\/stoic-curie.212-227-153-4.plesk.page\/de\/wp-json\/wp\/v2\/media\/5943935"}],"wp:attachment":[{"href":"https:\/\/stoic-curie.212-227-153-4.plesk.page\/de\/wp-json\/wp\/v2\/media?parent=735916"}],"wp:term":[{"taxonomy":"product_brand","embeddable":true,"href":"https:\/\/stoic-curie.212-227-153-4.plesk.page\/de\/wp-json\/wp\/v2\/product_brand?post=735916"},{"taxonomy":"product_cat","embeddable":true,"href":"https:\/\/stoic-curie.212-227-153-4.plesk.page\/de\/wp-json\/wp\/v2\/product_cat?post=735916"},{"taxonomy":"product_tag","embeddable":true,"href":"https:\/\/stoic-curie.212-227-153-4.plesk.page\/de\/wp-json\/wp\/v2\/product_tag?post=735916"}],"curies":[{"name":"wp","href":"https:\/\/api.w.org\/{rel}","templated":true}]}}