{"id":735922,"date":"2025-03-03T16:29:45","date_gmt":"2025-03-03T15:29:45","guid":{"rendered":"https:\/\/stoic-curie.212-227-153-4.plesk.page\/producto\/amperemeter-mit-shunt-ecms-schwarz-verchromt-12-24v-150150a\/"},"modified":"2026-02-24T23:35:04","modified_gmt":"2026-02-24T23:35:04","slug":"amperemeter-mit-shunt-ecms-schwarz-verchromt-12-24v-150150a","status":"publish","type":"product","link":"https:\/\/stoic-curie.212-227-153-4.plesk.page\/de\/product\/amperemeter-mit-shunt-ecms-schwarz-verchromt-12-24v-150150a\/","title":{"rendered":"Amperemeter mit Shunt ECMS Schwarz verchromt 12\/24V -150+150A"},"content":{"rendered":"<p>Amperemeter mit Shunt ECMS Schwarz verchromt 12\/24V -150+150A &#8211; <\/p>\n<p>Ecms Black Chrome 12\/24V Instrumente, komplett mit verdrahtetem Molex-Stecker. Polierter Edelstahlrahmen und schwarzes Ziffernblatt. Wasserdicht mit IP67 gesch\u00fctzter, kuppelf\u00f6rmiger, nebelresistenter Linse. Anpassbares, mehrfarbig hinterleuchtetes Ziffernblatt. Die Niveauanzeigen k\u00f6nnen \u00fcber die Konfigurations-Taste auf der R\u00fcckseite auf jeden Impedanzwert eingestellt werden. Sie sind auf den Standardwert von 0-190 Ohm vorprogrammiert. Die 5 und 10 bar \u00d6ldruckanzeigen sind mit Standard-Sensoren (10-180 Ohm) kompatibel, w\u00e4hrend das 30 bar Modell nur mit elektronischen Sensoren (0,5-4,5V) kompatibel ist. Die Amperemeter sind mit einem Sensor (Shunt) ausgestattet, um den Strom zu messen.<\/p>\n","protected":false},"excerpt":{"rendered":"<p>Amperemeter mit Shunt ECMS Schwarz verchromt 12\/24V -150+150A &#8211; Ecms Black Chrome 12\/24V Instrumente, komplett mit verdrahtetem Molex-Stecker. Polierter Edelstahlrahmen<\/p>\n","protected":false},"featured_media":5942305,"comment_status":"open","ping_status":"closed","template":"","meta":[],"product_brand":[2910],"product_cat":[1442,1524],"product_tag":[],"class_list":{"0":"post-735922","1":"product","2":"type-product","3":"status-publish","4":"has-post-thumbnail","6":"product_brand-ecms-marine-de","7":"product_cat-bootsbatterien","8":"product_cat-ecms-messgeraete","10":"first","11":"instock","12":"shipping-taxable","13":"purchasable","14":"product-type-simple"},"_links":{"self":[{"href":"https:\/\/stoic-curie.212-227-153-4.plesk.page\/de\/wp-json\/wp\/v2\/product\/735922","targetHints":{"allow":["GET"]}}],"collection":[{"href":"https:\/\/stoic-curie.212-227-153-4.plesk.page\/de\/wp-json\/wp\/v2\/product"}],"about":[{"href":"https:\/\/stoic-curie.212-227-153-4.plesk.page\/de\/wp-json\/wp\/v2\/types\/product"}],"replies":[{"embeddable":true,"href":"https:\/\/stoic-curie.212-227-153-4.plesk.page\/de\/wp-json\/wp\/v2\/comments?post=735922"}],"version-history":[{"count":0,"href":"https:\/\/stoic-curie.212-227-153-4.plesk.page\/de\/wp-json\/wp\/v2\/product\/735922\/revisions"}],"wp:featuredmedia":[{"embeddable":true,"href":"https:\/\/stoic-curie.212-227-153-4.plesk.page\/de\/wp-json\/wp\/v2\/media\/5942305"}],"wp:attachment":[{"href":"https:\/\/stoic-curie.212-227-153-4.plesk.page\/de\/wp-json\/wp\/v2\/media?parent=735922"}],"wp:term":[{"taxonomy":"product_brand","embeddable":true,"href":"https:\/\/stoic-curie.212-227-153-4.plesk.page\/de\/wp-json\/wp\/v2\/product_brand?post=735922"},{"taxonomy":"product_cat","embeddable":true,"href":"https:\/\/stoic-curie.212-227-153-4.plesk.page\/de\/wp-json\/wp\/v2\/product_cat?post=735922"},{"taxonomy":"product_tag","embeddable":true,"href":"https:\/\/stoic-curie.212-227-153-4.plesk.page\/de\/wp-json\/wp\/v2\/product_tag?post=735922"}],"curies":[{"name":"wp","href":"https:\/\/api.w.org\/{rel}","templated":true}]}}