{"id":735925,"date":"2025-03-03T16:29:46","date_gmt":"2025-03-03T15:29:46","guid":{"rendered":"https:\/\/stoic-curie.212-227-153-4.plesk.page\/producto\/aufbewahrungstasche-blau-navishell-fuer-segelleinen-40-x-20-x-h28cm\/"},"modified":"2026-02-24T23:35:04","modified_gmt":"2026-02-24T23:35:04","slug":"aufbewahrungstasche-blau-navishell-fuer-segelleinen-40-x-20-x-h28cm","status":"publish","type":"product","link":"https:\/\/stoic-curie.212-227-153-4.plesk.page\/de\/product\/aufbewahrungstasche-blau-navishell-fuer-segelleinen-40-x-20-x-h28cm\/","title":{"rendered":"Aufbewahrungstasche Blau Navishell f\u00fcr Segelleinen 40 x 20 x H28cm"},"content":{"rendered":"<p>Aufbewahrungstasche Blau Navishell f\u00fcr Segelleinen 40 x 20 x H28cm &#8211; <\/p>\n<p>Gewebter Acrylstoff Guard Rail und Cockpit-Stowbag. Wasserabweisend und UV-best\u00e4ndig.<br \/> Mit vorderer Tasche f\u00fcr Zubeh\u00f6r und Entw\u00e4sserungs-Meshboden.<br \/> Weit \u00f6ffnend mit verst\u00e4rktem Rand f\u00fcr ein bequemes und einfaches Laden.<br \/> Zum Verstauen von Tauen, Fallen, Winschhebeln, Schuhen, Getr\u00e4nken usw.<br \/> Drei optionale Befestigungssysteme sind enthalten: 1) An den Gel\u00e4ndern, mit Klett f\u00fcr eine einfache und starke Befestigung 2) Am Cockpit, mit Saugkappen f\u00fcr eine einfache und starke Befestigung ohne Schrauben 3) Am Cockpit, mit Haken f\u00fcr eine einfache und starke Befestigung mit Schrauben.<\/p>\n","protected":false},"excerpt":{"rendered":"<p>Aufbewahrungstasche Blau Navishell f\u00fcr Segelleinen 40 x 20 x H28cm &#8211; Gewebter Acrylstoff Guard Rail und Cockpit-Stowbag. Wasserabweisend und UV-best\u00e4ndig.<\/p>\n","protected":false},"featured_media":5943948,"comment_status":"open","ping_status":"closed","template":"","meta":[],"product_brand":[3175],"product_cat":[1479,1357],"product_tag":[],"class_list":{"0":"post-735925","1":"product","2":"type-product","3":"status-publish","4":"has-post-thumbnail","6":"product_brand-navishell-de","7":"product_cat-abdeckungen-und-schutzhuellen","8":"product_cat-aufbewahrungszubehoer","10":"first","11":"instock","12":"shipping-taxable","13":"purchasable","14":"product-type-simple"},"_links":{"self":[{"href":"https:\/\/stoic-curie.212-227-153-4.plesk.page\/de\/wp-json\/wp\/v2\/product\/735925","targetHints":{"allow":["GET"]}}],"collection":[{"href":"https:\/\/stoic-curie.212-227-153-4.plesk.page\/de\/wp-json\/wp\/v2\/product"}],"about":[{"href":"https:\/\/stoic-curie.212-227-153-4.plesk.page\/de\/wp-json\/wp\/v2\/types\/product"}],"replies":[{"embeddable":true,"href":"https:\/\/stoic-curie.212-227-153-4.plesk.page\/de\/wp-json\/wp\/v2\/comments?post=735925"}],"version-history":[{"count":0,"href":"https:\/\/stoic-curie.212-227-153-4.plesk.page\/de\/wp-json\/wp\/v2\/product\/735925\/revisions"}],"wp:featuredmedia":[{"embeddable":true,"href":"https:\/\/stoic-curie.212-227-153-4.plesk.page\/de\/wp-json\/wp\/v2\/media\/5943948"}],"wp:attachment":[{"href":"https:\/\/stoic-curie.212-227-153-4.plesk.page\/de\/wp-json\/wp\/v2\/media?parent=735925"}],"wp:term":[{"taxonomy":"product_brand","embeddable":true,"href":"https:\/\/stoic-curie.212-227-153-4.plesk.page\/de\/wp-json\/wp\/v2\/product_brand?post=735925"},{"taxonomy":"product_cat","embeddable":true,"href":"https:\/\/stoic-curie.212-227-153-4.plesk.page\/de\/wp-json\/wp\/v2\/product_cat?post=735925"},{"taxonomy":"product_tag","embeddable":true,"href":"https:\/\/stoic-curie.212-227-153-4.plesk.page\/de\/wp-json\/wp\/v2\/product_tag?post=735925"}],"curies":[{"name":"wp","href":"https:\/\/api.w.org\/{rel}","templated":true}]}}