{"id":735926,"date":"2025-03-03T16:29:46","date_gmt":"2025-03-03T15:29:46","guid":{"rendered":"https:\/\/stoic-curie.212-227-153-4.plesk.page\/producto\/aufbewahrungstasche-navishell-blau-46-x-30cm\/"},"modified":"2026-02-24T23:35:04","modified_gmt":"2026-02-24T23:35:04","slug":"aufbewahrungstasche-navishell-blau-46-x-30cm","status":"publish","type":"product","link":"https:\/\/stoic-curie.212-227-153-4.plesk.page\/de\/product\/aufbewahrungstasche-navishell-blau-46-x-30cm\/","title":{"rendered":"Aufbewahrungstasche Navishell Blau 46 x 30cm"},"content":{"rendered":"<p>Aufbewahrungstasche Navishell Blau 46 x 30cm &#8211; <\/p>\n<p>Wasserabweisende Acrylstofftasche. UV-best\u00e4ndig. Die stabilen, unverg\u00e4nglichen Farben bleiben bei kontinuierlicher Nutzung mindestens 3 Jahre lang lebendig. Zwei optionale Befestigungssysteme sind enthalten: 1) Mit Saugkn\u00f6pfen, die eine einfache und sichere Befestigung ohne Bohren gew\u00e4hrleisten. 2) Mit Haken, die eine einfache und sichere Befestigung durch Bohren garantieren. Ausgestattet mit einer vorderen Netztasche zur Aufbewahrung kleiner Gegenst\u00e4nde und einem zus\u00e4tzlichen Halter f\u00fcr die Winde.<\/p>\n","protected":false},"excerpt":{"rendered":"<p>Aufbewahrungstasche Navishell Blau 46 x 30cm &#8211; Wasserabweisende Acrylstofftasche. UV-best\u00e4ndig. Die stabilen, unverg\u00e4nglichen Farben bleiben bei kontinuierlicher Nutzung mindestens 3<\/p>\n","protected":false},"featured_media":5943953,"comment_status":"open","ping_status":"closed","template":"","meta":[],"product_brand":[3175],"product_cat":[1479,1357],"product_tag":[],"class_list":{"0":"post-735926","1":"product","2":"type-product","3":"status-publish","4":"has-post-thumbnail","6":"product_brand-navishell-de","7":"product_cat-abdeckungen-und-schutzhuellen","8":"product_cat-aufbewahrungszubehoer","10":"first","11":"instock","12":"shipping-taxable","13":"purchasable","14":"product-type-simple"},"_links":{"self":[{"href":"https:\/\/stoic-curie.212-227-153-4.plesk.page\/de\/wp-json\/wp\/v2\/product\/735926","targetHints":{"allow":["GET"]}}],"collection":[{"href":"https:\/\/stoic-curie.212-227-153-4.plesk.page\/de\/wp-json\/wp\/v2\/product"}],"about":[{"href":"https:\/\/stoic-curie.212-227-153-4.plesk.page\/de\/wp-json\/wp\/v2\/types\/product"}],"replies":[{"embeddable":true,"href":"https:\/\/stoic-curie.212-227-153-4.plesk.page\/de\/wp-json\/wp\/v2\/comments?post=735926"}],"version-history":[{"count":0,"href":"https:\/\/stoic-curie.212-227-153-4.plesk.page\/de\/wp-json\/wp\/v2\/product\/735926\/revisions"}],"wp:featuredmedia":[{"embeddable":true,"href":"https:\/\/stoic-curie.212-227-153-4.plesk.page\/de\/wp-json\/wp\/v2\/media\/5943953"}],"wp:attachment":[{"href":"https:\/\/stoic-curie.212-227-153-4.plesk.page\/de\/wp-json\/wp\/v2\/media?parent=735926"}],"wp:term":[{"taxonomy":"product_brand","embeddable":true,"href":"https:\/\/stoic-curie.212-227-153-4.plesk.page\/de\/wp-json\/wp\/v2\/product_brand?post=735926"},{"taxonomy":"product_cat","embeddable":true,"href":"https:\/\/stoic-curie.212-227-153-4.plesk.page\/de\/wp-json\/wp\/v2\/product_cat?post=735926"},{"taxonomy":"product_tag","embeddable":true,"href":"https:\/\/stoic-curie.212-227-153-4.plesk.page\/de\/wp-json\/wp\/v2\/product_tag?post=735926"}],"curies":[{"name":"wp","href":"https:\/\/api.w.org\/{rel}","templated":true}]}}